{"id":55,"date":"2019-09-24T21:55:37","date_gmt":"2019-09-24T19:55:37","guid":{"rendered":"http:\/\/blogg.folkuniversitetet.nu\/reboer\/?page_id=55"},"modified":"2020-04-30T21:27:58","modified_gmt":"2020-04-30T19:27:58","slug":"veckans-ordlista","status":"publish","type":"page","link":"https:\/\/blogg.folkuniversitetet.nu\/reboer\/?page_id=55","title":{"rendered":"Ordlista A1 del 2"},"content":{"rendered":"\n\t<h2><a href=\"http:\/\/blogg.folkuniversitetet.nu\/reboer\/?p=68\" target=\"_blank\" rel=\"noopener noreferrer\">BEST\u00c4LLA P\u00c5 CAF\u00c9<\/a><\/h2>\n<h2>En la cafeter\u00eda<\/h2>\n<ul>\n<li>El caf\u00e9 \u2013 un caf\u00e9 \u2013 dos caf\u00e9s \u2013 el caf\u00e9 con leche- caf\u00e9 con leche deslactosada- caf\u00e9.deslactosado- con crema- sin crema.<\/li>\n<li>Bebida \u2013 El refresco- La cerveza- El helado- El jugo \u2013 La ca\u00f1a.<\/li>\n<li>Caliente o fria\/frio \u2013 el hielo \u2013 Az\u00facar \u2013 sin az\u00facar.<\/li>\n<li>Un bocadillo de jam\u00f3n y queso \u2013 Un emparedado de jam\u00f3n y queso<\/li>\n<li>Tener sed- Querer algo ( quiero) \u2013 Beber \u2013 Tener hambre \u2013 Poder- Pagar- Lo siento \u2013 No hay problema \u2013 As\u00ed est\u00e1 bien \u2013 Pasar \u2013 Pagar.<\/li>\n<li>\u00a1Perd\u00f3n, camarero! \u2013 Hola, buenos d\u00edas, buenas tardes. \u00bfQu\u00e9 desean? \u2013 \u00bfQu\u00e9 tomamos? \u2013 \u00bfAlgo m\u00e1s?, nada m\u00e1s \u2013 No, gracias, nada m\u00e1s. \u2013 Vale. Enseguida. \u2013 \u00bfQu\u00e9 hora es? \u2013 \u00bfPor qu\u00e9? \u2013 Gracias! \u2013 A usted.<\/li>\n<li>En efectivo \u2013 La tarjeta \u2013 El billete \u2013 La cuenta \u2013 En total son ..<\/li>\n<li>Los d\u00edas de la semana: Lunes, martes, mi\u00e9rcoles, jueves, viernes, s\u00e1bado y domingo.<\/li>\n<\/ul>\n\t<h4>Alimentos<\/h4>\n<p><strong>Frutas:\u00a0\u00a0<\/strong><\/p>\n<p> banana &#8211; banan\u00a0\u00a0\u00a0\u00a0 \u00a0 \u00a0 \u00a0 \u00a0 \u00a0\u00a0 pl\u00e1tano -matbanan<\/p>\n<p>pi\u00f1a &#8211; ananas\u00a0 \u00a0 \u00a0 \u00a0 \u00a0 \u00a0 \u00a0 \u00a0 \u00a0\u00a0 papaya &#8211; papaya\u00a0 <\/p>\n<p>guayaba &#8211; guava \u00a0 \u00a0 \u00a0 \u00a0 \u00a0 \u00a0\u00a0 higo -fikon\u00a0<\/p>\n<p>zapote &#8211; sapodill \u00a0 \u00a0 \u00a0 \u00a0 \u00a0 \u00a0\u00a0 lichi -litchi\u00a0<\/p>\nmaracuy\u00e1 &#8211; passionsfrukt\u00a0\u00a0\u00a0 mel\u00f3n &#8211; n\u00e4tmelon<br \/>\n\n<p>mel\u00f3n amarillo &#8211; spansk honungsmelon<\/p>\n<p>lima &#8211; lime\u00a0 lim\u00f3n &#8211; citron\u00a0 naranja &#8211; apelsin<\/p>\n<p>mandarina &#8211; mandarin \u00a0 sand\u00eda- vattenmelon<\/p>\n<p>fresa &#8211; jordgubbe\u00a0 grosella negra &#8211; svarta vinb\u00e4r\u00a0 frambuesa &#8211; hallon<\/p>\n<p>ar\u00e5andanao negro &#8211; bl\u00e5b\u00e4r\u00a0\u00a0 moras &#8211; bj\u00f6rnb\u00e4r<\/p>\n<p>uva &#8211; vindruva\u00a0 uchua\u00a0 o alquequenje &#8211; judek\u00f6rs<\/p>\n<p>ciruela &#8211; plommon\u00a0\u00a0\u00a0 melocot\u00f3n &#8211; persika<\/p>\n<p>cereza &#8211; k\u00f6rsb\u00e4r\u00a0\u00a0\u00a0 d\u00e1til &#8211; dadel<\/p>\n<p>pera &#8211; p\u00e4ron\u00a0\u00a0 manzana &#8211; \u00e4pple<\/p>\n<p>nispero &#8211; mispelfrukt<\/p>\n<p>Frutas secas:<\/p>\n<p>kokosn\u00f6t &#8211; coco\u00a0\u00a0\u00a0\u00a0\u00a0\u00a0 casta\u00f1a &#8211; kastanje\u00a0\u00a0<\/p>\n<p> nuez del Brazil &#8211;\u00a0\u00a0\u00a0\u00a0\u00a0\u00a0\u00a0 paran\u00f6t nuez &#8211; valn\u00f6t\u00a0<\/p>\n<p> avellana &#8211; hasseln\u00f6t \u00a0\u00a0 almendra &#8211; mandel\u00a0 <\/p>\n<p>pistacho &#8211; pistagen\u00f6t \u00a0 \u00a0\u00a0 pacana &#8211; pekann\u00f6t\u00a0 <\/p>\n\n\t<p>&nbsp;<\/p>\n<p>Mattider: <\/p>\nEl desayuno &#8211; el almuerzo &#8211; la cena <br \/>\n\n<p>Frukost &#8211; Lunch &#8211; Middag<\/p>\n<p>*Fika: hora para el caf\u00e9 y algo m\u00e1s para acompa\u00f1ar: galletas, rollos de canela.\u00a0<\/p>\n<p>Onces &#8211; elevenses.<\/p>\n<p><strong>Matr\u00e4tten<\/strong><\/p>\n<p>Arroz con pollo &#8211; el gallo pinto (costa rica)<\/p>\n<p>Paella (espa\u00f1a) &#8211; Bandeja paisa, ajiaco, arroz con coco (Colombia)<\/p>\n<p>Tacos, enchiladas (m\u00e9xico)\u00a0\u00a0 Quezadilla, pizza.<\/p>\n<p>Perro caliente &#8211; pancho (Uruguay) &#8211; ch\u00e9veres o chorys (Salvador) &#8211; shukos (guatemala)- completos (Chile).<\/p>\n<p>&nbsp;<\/p>\n<p>&nbsp;<\/p>\n<p>&nbsp;<\/p>\n","protected":false},"excerpt":{"rendered":"","protected":false},"author":785,"featured_media":0,"parent":0,"menu_order":0,"comment_status":"closed","ping_status":"closed","template":"","meta":{"footnotes":""},"class_list":["post-55","page","type-page","status-publish","hentry","post-preview"],"_links":{"self":[{"href":"https:\/\/blogg.folkuniversitetet.nu\/reboer\/index.php?rest_route=\/wp\/v2\/pages\/55","targetHints":{"allow":["GET"]}}],"collection":[{"href":"https:\/\/blogg.folkuniversitetet.nu\/reboer\/index.php?rest_route=\/wp\/v2\/pages"}],"about":[{"href":"https:\/\/blogg.folkuniversitetet.nu\/reboer\/index.php?rest_route=\/wp\/v2\/types\/page"}],"author":[{"embeddable":true,"href":"https:\/\/blogg.folkuniversitetet.nu\/reboer\/index.php?rest_route=\/wp\/v2\/users\/785"}],"replies":[{"embeddable":true,"href":"https:\/\/blogg.folkuniversitetet.nu\/reboer\/index.php?rest_route=%2Fwp%2Fv2%2Fcomments&post=55"}],"version-history":[{"count":19,"href":"https:\/\/blogg.folkuniversitetet.nu\/reboer\/index.php?rest_route=\/wp\/v2\/pages\/55\/revisions"}],"predecessor-version":[{"id":494,"href":"https:\/\/blogg.folkuniversitetet.nu\/reboer\/index.php?rest_route=\/wp\/v2\/pages\/55\/revisions\/494"}],"wp:attachment":[{"href":"https:\/\/blogg.folkuniversitetet.nu\/reboer\/index.php?rest_route=%2Fwp%2Fv2%2Fmedia&parent=55"}],"curies":[{"name":"wp","href":"https:\/\/api.w.org\/{rel}","templated":true}]}}