{"id":44,"date":"2019-10-11T15:54:17","date_gmt":"2019-10-11T13:54:17","guid":{"rendered":"http:\/\/blogg.folkuniversitetet.nu\/reboer\/?page_id=44"},"modified":"2020-04-23T12:30:22","modified_gmt":"2020-04-23T10:30:22","slug":"veckans-tips","status":"publish","type":"page","link":"https:\/\/blogg.folkuniversitetet.nu\/reboer\/?page_id=44","title":{"rendered":"A1 del 2 tips"},"content":{"rendered":"<p><strong>Clase 1<\/strong>: Escuchar, observar y practicar.<\/p>\n<p>H\u00e4r kan du lyssna p\u00e5 en variant av spanska om hur man kan best\u00e4lla ett kaffe och \u00e4ven \u00f6va p\u00e5 veckans ord.<\/p>\n<p><iframe loading=\"lazy\" title=\"Learn Spanish: \u2615 C\u00f3mo Pedir un Caf\u00e9 en Espa\u00f1ol (Order Coffee in Spanish)\" width=\"676\" height=\"380\" src=\"https:\/\/www.youtube.com\/embed\/gkQ9V9WwR3c?feature=oembed\" frameborder=\"0\" allow=\"accelerometer; autoplay; encrypted-media; gyroscope; picture-in-picture\" allowfullscreen><\/iframe><\/p>\n<div id=\"text-container\" class=\"style-scope ytd-channel-name\"><a class=\"yt-simple-endpoint style-scope yt-formatted-string\" href=\"https:\/\/www.youtube.com\/channel\/UCB08I3jOZ-Vx04dlpIBmmAg\"> Aprende Espa\u00f1ol: Idioma PRO. (2018). <\/a>C\u00f3mo Pedir un Caf\u00e9 en Espa\u00f1ol (Order Coffee in Spanish). [online]. https:\/\/www.youtube.com\/watch?v=gkQ9V9WwR3c&amp;feature=emb_logo. (H\u00e4mtad 2019-10-11)<\/div>\n<p>&nbsp;<\/p>\n<p><strong>Verbo TENER<\/strong><\/p>\n<p><iframe loading=\"lazy\" title=\"Presente Indicativo verbo TENER (Irregular) Spanish Audio Grammar\" width=\"676\" height=\"507\" src=\"https:\/\/www.youtube.com\/embed\/ljOELdRLcP0?feature=oembed\" frameborder=\"0\" allow=\"accelerometer; autoplay; encrypted-media; gyroscope; picture-in-picture\" allowfullscreen><\/iframe><\/p>\n<h5><span style=\"color: #0000ff\">Clase 2 y 3<br \/>\n<\/span><\/h5>\n<h4>La hora<\/h4>\n<p><iframe loading=\"lazy\" title=\"Aprender espa\u00f1ol: Las horas (nivel b\u00e1sico)\" width=\"676\" height=\"380\" src=\"https:\/\/www.youtube.com\/embed\/ZCoQqo8G-90?feature=oembed\" frameborder=\"0\" allow=\"accelerometer; autoplay; encrypted-media; gyroscope; picture-in-picture\" allowfullscreen><\/iframe><\/p>\n<h4><strong>Los d\u00edas de la semana, las estaciones y los meses del a\u00f1o.<\/strong><\/h4>\n<p><iframe loading=\"lazy\" title=\"Aprender espa\u00f1ol: D\u00edas, meses y estaciones del a\u00f1o (nivel b\u00e1sico)\" width=\"676\" height=\"380\" src=\"https:\/\/www.youtube.com\/embed\/ZO-ey3B_XSw?feature=oembed\" frameborder=\"0\" allow=\"accelerometer; autoplay; encrypted-media; gyroscope; picture-in-picture\" allowfullscreen><\/iframe><\/p>\n<h5><span style=\"color: #0000ff\"><strong>Clase 4 y 5<\/strong><\/span><\/h5>\n<p><iframe loading=\"lazy\" title=\"Lista verbos regulares e irregulares m\u00e1s usados en espa\u00f1ol\" width=\"676\" height=\"380\" src=\"https:\/\/www.youtube.com\/embed\/qpSatdroK8o?feature=oembed\" frameborder=\"0\" allow=\"accelerometer; autoplay; encrypted-media; gyroscope; picture-in-picture\" allowfullscreen><\/iframe><\/p>\n<h4><span style=\"color: #0000ff\">Clase 6 y 7<\/span><\/h4>\n<h4>https:\/\/quizlet.com\/_82end0?x=1jqt&amp;i=2irsx3<\/h4>\n<p><iframe loading=\"lazy\" title=\"Possessiva sj\u00e4lvst\u00e4ndiga pronomen\" width=\"676\" height=\"380\" src=\"https:\/\/www.youtube.com\/embed\/qo_FS29pobQ?feature=oembed\" frameborder=\"0\" allow=\"accelerometer; autoplay; encrypted-media; gyroscope; picture-in-picture\" allowfullscreen><\/iframe><\/p>\n<p><iframe loading=\"lazy\" title=\"Conjugacion verbo ir en espa\u00f1ol\" width=\"676\" height=\"380\" src=\"https:\/\/www.youtube.com\/embed\/Ak3SqFAQou4?feature=oembed\" frameborder=\"0\" allow=\"accelerometer; autoplay; encrypted-media; gyroscope; picture-in-picture\" allowfullscreen><\/iframe><\/p>\n<p><iframe loading=\"lazy\" title=\"Regelbundna spanska verb 3 (-ir)\" width=\"676\" height=\"507\" src=\"https:\/\/www.youtube.com\/embed\/PjB9f3Hkiic?feature=oembed\" frameborder=\"0\" allow=\"accelerometer; autoplay; encrypted-media; gyroscope; picture-in-picture\" allowfullscreen><\/iframe><\/p>\n<h4><span style=\"color: #0000ff\">Clase 8<\/span><\/h4>\n<p><iframe loading=\"lazy\" title=\"Del 1 - Futurum med verbet IR\" width=\"676\" height=\"507\" src=\"https:\/\/www.youtube.com\/embed\/OdWnTa8gJoE?feature=oembed\" frameborder=\"0\" allow=\"accelerometer; autoplay; encrypted-media; gyroscope; picture-in-picture\" allowfullscreen><\/iframe><\/p>\n<h4><span style=\"color: #0000ff\">Clase 9 y 10.<br \/>\n<\/span><\/h4>\n<p><iframe loading=\"lazy\" title=\"Me gusta y no me gusta en espa\u00f1ol - I like and I don&#039;t like in Spanish\" width=\"676\" height=\"380\" src=\"https:\/\/www.youtube.com\/embed\/rTJQvOqsFqo?feature=oembed\" frameborder=\"0\" allow=\"accelerometer; autoplay; encrypted-media; gyroscope; picture-in-picture\" allowfullscreen><\/iframe><\/p>\n<p><a class=\"yt-simple-endpoint style-scope yt-formatted-string\" href=\"https:\/\/www.youtube.com\/channel\/UCABPlDrpGug7skYJVJuNyhg\">ProfeDeELE.es<\/a>. 2017. <em>Me gusta y no me gusta en espa\u00f1ol- I like don&#8217;t like in Spanish<\/em>. [online]. http:\/\/www.youtube.com\/watch?v=rTJQvOqsFqo (H\u00e4mtad 2020-04-23)<\/p>\n<p><iframe loading=\"lazy\" title=\"\u00bfQu\u00e9 haces en tu tiempo libre? - Talking about free time - Coffee Break Spanish To Go Episode 1.09\" width=\"676\" height=\"380\" src=\"https:\/\/www.youtube.com\/embed\/qXjMDCKS8d0?feature=oembed\" frameborder=\"0\" allow=\"accelerometer; autoplay; encrypted-media; gyroscope; picture-in-picture\" allowfullscreen><\/iframe><\/p>\n<p>Coffee Break Languages. 2019. \u00bfQu\u00e9 haces en tu tiempo libre? &#8211; Talking about free time. [online]. http:\/\/www.youtube.com\/watch?v=qXjMDCKS8d0 (H\u00e4mtad 2020-04-23)<\/p>\n","protected":false},"excerpt":{"rendered":"<p>Clase 1: Escuchar, observar y practicar. H\u00e4r kan du lyssna p\u00e5 en variant av spanska om hur man kan best\u00e4lla ett kaffe och \u00e4ven \u00f6va p\u00e5 veckans ord. Aprende Espa\u00f1ol: Idioma PRO. (2018). C\u00f3mo Pedir un Caf\u00e9 en Espa\u00f1ol (Order Coffee in Spanish). [online]. https:\/\/www.youtube.com\/watch?v=gkQ9V9WwR3c&amp;feature=emb_logo. (H\u00e4mtad 2019-10-11) &nbsp; Verbo TENER Clase 2 y 3 La [&hellip;]<\/p>\n","protected":false},"author":785,"featured_media":0,"parent":0,"menu_order":0,"comment_status":"closed","ping_status":"closed","template":"","meta":{"footnotes":""},"class_list":["post-44","page","type-page","status-publish","hentry","post-preview"],"_links":{"self":[{"href":"https:\/\/blogg.folkuniversitetet.nu\/reboer\/index.php?rest_route=\/wp\/v2\/pages\/44","targetHints":{"allow":["GET"]}}],"collection":[{"href":"https:\/\/blogg.folkuniversitetet.nu\/reboer\/index.php?rest_route=\/wp\/v2\/pages"}],"about":[{"href":"https:\/\/blogg.folkuniversitetet.nu\/reboer\/index.php?rest_route=\/wp\/v2\/types\/page"}],"author":[{"embeddable":true,"href":"https:\/\/blogg.folkuniversitetet.nu\/reboer\/index.php?rest_route=\/wp\/v2\/users\/785"}],"replies":[{"embeddable":true,"href":"https:\/\/blogg.folkuniversitetet.nu\/reboer\/index.php?rest_route=%2Fwp%2Fv2%2Fcomments&post=44"}],"version-history":[{"count":20,"href":"https:\/\/blogg.folkuniversitetet.nu\/reboer\/index.php?rest_route=\/wp\/v2\/pages\/44\/revisions"}],"predecessor-version":[{"id":441,"href":"https:\/\/blogg.folkuniversitetet.nu\/reboer\/index.php?rest_route=\/wp\/v2\/pages\/44\/revisions\/441"}],"wp:attachment":[{"href":"https:\/\/blogg.folkuniversitetet.nu\/reboer\/index.php?rest_route=%2Fwp%2Fv2%2Fmedia&parent=44"}],"curies":[{"name":"wp","href":"https:\/\/api.w.org\/{rel}","templated":true}]}}