{"id":289,"date":"2019-12-16T16:58:19","date_gmt":"2019-12-16T14:58:19","guid":{"rendered":"http:\/\/blogg.folkuniversitetet.nu\/reboer\/?page_id=289"},"modified":"2019-12-18T23:30:49","modified_gmt":"2019-12-18T21:30:49","slug":"clase-10-3","status":"publish","type":"page","link":"https:\/\/blogg.folkuniversitetet.nu\/reboer\/?page_id=289","title":{"rendered":"Clase 10"},"content":{"rendered":"\n\t<h4>\u00a1Hola a todos!<\/h4>\n<h5>Vi arbetade i grupp och spelade med flash cards med fr\u00e5gor och svar f\u00f6r att aktivt tr\u00e4na de spr\u00e5kliga f\u00e4rdigheterna. Sedan repeterade alla det som vi tidigare g\u00e5tt igenom p\u00e5 lektionerna (1a-2b).<\/h5>\n<h5>Kom ih\u00e5g att ni kan upprepa alla lektionerna och g\u00f6ra dessa \u00f6vningar b\u00e5da i bokens webbsida och i sj\u00e4lva boken. Ni kan ocks\u00e5 titta p\u00e5 veckans tips f\u00f6r att tr\u00e4na och minnas.<\/h5>\n","protected":false},"excerpt":{"rendered":"","protected":false},"author":785,"featured_media":0,"parent":0,"menu_order":0,"comment_status":"closed","ping_status":"closed","template":"","meta":{"footnotes":""},"class_list":["post-289","page","type-page","status-publish","hentry","post-preview"],"_links":{"self":[{"href":"https:\/\/blogg.folkuniversitetet.nu\/reboer\/index.php?rest_route=\/wp\/v2\/pages\/289","targetHints":{"allow":["GET"]}}],"collection":[{"href":"https:\/\/blogg.folkuniversitetet.nu\/reboer\/index.php?rest_route=\/wp\/v2\/pages"}],"about":[{"href":"https:\/\/blogg.folkuniversitetet.nu\/reboer\/index.php?rest_route=\/wp\/v2\/types\/page"}],"author":[{"embeddable":true,"href":"https:\/\/blogg.folkuniversitetet.nu\/reboer\/index.php?rest_route=\/wp\/v2\/users\/785"}],"replies":[{"embeddable":true,"href":"https:\/\/blogg.folkuniversitetet.nu\/reboer\/index.php?rest_route=%2Fwp%2Fv2%2Fcomments&post=289"}],"version-history":[{"count":4,"href":"https:\/\/blogg.folkuniversitetet.nu\/reboer\/index.php?rest_route=\/wp\/v2\/pages\/289\/revisions"}],"predecessor-version":[{"id":331,"href":"https:\/\/blogg.folkuniversitetet.nu\/reboer\/index.php?rest_route=\/wp\/v2\/pages\/289\/revisions\/331"}],"wp:attachment":[{"href":"https:\/\/blogg.folkuniversitetet.nu\/reboer\/index.php?rest_route=%2Fwp%2Fv2%2Fmedia&parent=289"}],"curies":[{"name":"wp","href":"https:\/\/api.w.org\/{rel}","templated":true}]}}