{"id":253,"date":"2019-11-04T17:47:50","date_gmt":"2019-11-04T15:47:50","guid":{"rendered":"http:\/\/blogg.folkuniversitetet.nu\/reboer\/?page_id=253"},"modified":"2020-03-24T23:07:12","modified_gmt":"2020-03-24T21:07:12","slug":"clase-4-2","status":"publish","type":"page","link":"https:\/\/blogg.folkuniversitetet.nu\/reboer\/?page_id=253","title":{"rendered":"Clase 4"},"content":{"rendered":"\r\n<h3><strong>\u00a1Hola a todos!<\/strong><\/h3>\r\n<p>I onsdags startade vi med repetera (Comentarios s.23- 25). Sedan arbetade vi med att:<\/p>\r\n<ul>\r\n<li>Lyssna och tr\u00e4na p\u00e5 uttal s.20-22.<\/li>\r\n<li>Spr\u00e5kf\u00f6rst\u00e5else.<\/li>\r\n<li>\u00d6vningar (Ejercicios) 1, 2,3, 5, 8, 9,10 s.26 till 28.<\/li>\r\n<\/ul>\r\n<h4>TAREA<\/h4>\r\n<ol>\r\n<li>Ejercicios 4,6,7.<\/li>\r\n<li>L\u00e4s s. 30-31 &#8221;Spanska &#8211; ett v\u00e4rldsspr\u00e5k&#8221;.<\/li>\r\n<\/ol>\r\n<p>&nbsp;<\/p>\r\n<p>&nbsp;<\/p>\r\n<p>&nbsp;<\/p>\r\n<p>&nbsp;<\/p>\r\n","protected":false},"excerpt":{"rendered":"","protected":false},"author":785,"featured_media":0,"parent":0,"menu_order":0,"comment_status":"closed","ping_status":"closed","template":"","meta":{"footnotes":""},"class_list":["post-253","page","type-page","status-publish","hentry","post-preview"],"_links":{"self":[{"href":"https:\/\/blogg.folkuniversitetet.nu\/reboer\/index.php?rest_route=\/wp\/v2\/pages\/253","targetHints":{"allow":["GET"]}}],"collection":[{"href":"https:\/\/blogg.folkuniversitetet.nu\/reboer\/index.php?rest_route=\/wp\/v2\/pages"}],"about":[{"href":"https:\/\/blogg.folkuniversitetet.nu\/reboer\/index.php?rest_route=\/wp\/v2\/types\/page"}],"author":[{"embeddable":true,"href":"https:\/\/blogg.folkuniversitetet.nu\/reboer\/index.php?rest_route=\/wp\/v2\/users\/785"}],"replies":[{"embeddable":true,"href":"https:\/\/blogg.folkuniversitetet.nu\/reboer\/index.php?rest_route=%2Fwp%2Fv2%2Fcomments&post=253"}],"version-history":[{"count":6,"href":"https:\/\/blogg.folkuniversitetet.nu\/reboer\/index.php?rest_route=\/wp\/v2\/pages\/253\/revisions"}],"predecessor-version":[{"id":384,"href":"https:\/\/blogg.folkuniversitetet.nu\/reboer\/index.php?rest_route=\/wp\/v2\/pages\/253\/revisions\/384"}],"wp:attachment":[{"href":"https:\/\/blogg.folkuniversitetet.nu\/reboer\/index.php?rest_route=%2Fwp%2Fv2%2Fmedia&parent=253"}],"curies":[{"name":"wp","href":"https:\/\/api.w.org\/{rel}","templated":true}]}}