{"id":250,"date":"2019-11-04T17:47:24","date_gmt":"2019-11-04T15:47:24","guid":{"rendered":"http:\/\/blogg.folkuniversitetet.nu\/reboer\/?page_id=250"},"modified":"2020-03-24T23:07:36","modified_gmt":"2020-03-24T21:07:36","slug":"clase-3-2","status":"publish","type":"page","link":"https:\/\/blogg.folkuniversitetet.nu\/reboer\/?page_id=250","title":{"rendered":"Clase 3"},"content":{"rendered":"\r\n<h3><strong>\u00a1Hola a todos!<\/strong><\/h3>\r\n<p>I onsdags repeterade vi (As\u00ed se dice) s.17 och vi b\u00f6rjade med 1b (<strong>Una entrevista con Tarik).<\/strong> Sedan har vi arbetat i klassen med f\u00f6ljande;<\/p>\r\n<ul>\r\n<li>Ejercicios s.18-19. Lyssna och svara.<\/li>\r\n<li>Arbetade i par med fr\u00e5gor och svar om r\u00e4kneord till 50.<\/li>\r\n<li>Tr\u00e4nade att presentera sig.<\/li>\r\n<li>Lyssnade s. 20, 21, 22.<\/li>\r\n<li>Comentarios s.23.<\/li>\r\n<\/ul>\r\n<h4>TAREA<\/h4>\r\n<ol>\r\n<li>Repetera allt vi har g\u00e5tt igenom.<\/li>\r\n<li>Tr\u00e4na \u00e4ven p\u00e5 Extramaterial webben.<\/li>\r\n<\/ol>\r\n","protected":false},"excerpt":{"rendered":"","protected":false},"author":785,"featured_media":0,"parent":0,"menu_order":0,"comment_status":"closed","ping_status":"closed","template":"","meta":{"footnotes":""},"class_list":["post-250","page","type-page","status-publish","hentry","post-preview"],"_links":{"self":[{"href":"https:\/\/blogg.folkuniversitetet.nu\/reboer\/index.php?rest_route=\/wp\/v2\/pages\/250","targetHints":{"allow":["GET"]}}],"collection":[{"href":"https:\/\/blogg.folkuniversitetet.nu\/reboer\/index.php?rest_route=\/wp\/v2\/pages"}],"about":[{"href":"https:\/\/blogg.folkuniversitetet.nu\/reboer\/index.php?rest_route=\/wp\/v2\/types\/page"}],"author":[{"embeddable":true,"href":"https:\/\/blogg.folkuniversitetet.nu\/reboer\/index.php?rest_route=\/wp\/v2\/users\/785"}],"replies":[{"embeddable":true,"href":"https:\/\/blogg.folkuniversitetet.nu\/reboer\/index.php?rest_route=%2Fwp%2Fv2%2Fcomments&post=250"}],"version-history":[{"count":6,"href":"https:\/\/blogg.folkuniversitetet.nu\/reboer\/index.php?rest_route=\/wp\/v2\/pages\/250\/revisions"}],"predecessor-version":[{"id":383,"href":"https:\/\/blogg.folkuniversitetet.nu\/reboer\/index.php?rest_route=\/wp\/v2\/pages\/250\/revisions\/383"}],"wp:attachment":[{"href":"https:\/\/blogg.folkuniversitetet.nu\/reboer\/index.php?rest_route=%2Fwp%2Fv2%2Fmedia&parent=250"}],"curies":[{"name":"wp","href":"https:\/\/api.w.org\/{rel}","templated":true}]}}