{"id":117,"date":"2020-03-25T01:14:53","date_gmt":"2020-03-24T23:14:53","guid":{"rendered":"http:\/\/blogg.folkuniversitetet.nu\/reboer\/?page_id=117"},"modified":"2020-03-25T02:26:51","modified_gmt":"2020-03-25T00:26:51","slug":"clase-7","status":"publish","type":"page","link":"https:\/\/blogg.folkuniversitetet.nu\/reboer\/?page_id=117","title":{"rendered":"Clase 7"},"content":{"rendered":"<h3 style=\"text-align: center\"><span style=\"color: #0000ff\"><strong>\u00a0<\/strong><strong>\u00a1<\/strong><strong>Hola a todos!<\/strong><\/span><\/h3>\r\n<h5>\u00a0I onsdags repeterade vi lektion s. 68 till 70. Sedan har vi att komma till r\u00e4tta extramaterial om &#8221;<span style=\"color: #00ccff\">comentarios<\/span>&#8221; s.71.\u00a0<\/h5>\r\n<ul>\r\n<li>\r\n<h6><strong>Kom ih\u00e5g att l\u00e4sa s.s 78-79. <\/strong><\/h6>\r\n<div>\r\n<ul>\r\n<li><strong>Tr\u00e4na p\u00e5 glosorna 3B <span style=\"color: #ff0000\">Barcelona y Espa\u00f1a<\/span>.<\/strong><\/li>\r\n<li><strong>G\u00f6r \u00f6vningar s.s 74 till 76. <\/strong><\/li>\r\n<li><strong>Vi ska svara tillsammans \u00f6vningar 6 och 9 men \u00f6vningar 10 besvara dem och v\u00e4lj 3 fr\u00e5gorna f\u00f6r arbeta vi tillsammans.<\/strong><\/li>\r\n<li><strong>\u00d6vningar 11 f\u00e5 du skriv en kort presentation p\u00e5 spanska om Sverige t.ex Titta p\u00e5 det f\u00f6rsta stycket i &#8221;Barcelona y Espa\u00f1a&#8221; s.68.<\/strong><\/li>\r\n<li><strong>\u00a0<span lang=\"sv\">Repetera allt vi har g\u00e5tt igenom lektionen: <\/span>possessiva pronomen s. 218\/extra \u00f6vningar mi,mio; tu, tuyo; su, suyo samt presens av oregelbundna verb IR s. 221 eller 72.\u00a0<\/strong><\/li>\r\n<\/ul>\r\n<\/div>\r\n<ul>\r\n<li>\r\n<h6><strong>Titta p\u00e5 Veckans tips A1 del 2 p\u00e5 bloggen ( Clase 6 y 7)<\/strong><\/h6>\r\n<\/li>\r\n<\/ul>\r\n<\/li>\r\n<\/ul>\r\n","protected":false},"excerpt":{"rendered":"<p>\u00a0\u00a1Hola a todos! \u00a0I onsdags repeterade vi lektion s. 68 till 70. Sedan har vi att komma till r\u00e4tta extramaterial om &#8221;comentarios&#8221; s.71.\u00a0 Kom ih\u00e5g att l\u00e4sa s.s 78-79. Tr\u00e4na p\u00e5 glosorna 3B Barcelona y Espa\u00f1a. G\u00f6r \u00f6vningar s.s 74 till 76. Vi ska svara tillsammans \u00f6vningar 6 och 9 men \u00f6vningar 10 besvara dem [&hellip;]<\/p>\n","protected":false},"author":785,"featured_media":0,"parent":0,"menu_order":0,"comment_status":"closed","ping_status":"closed","template":"","meta":{"footnotes":""},"class_list":["post-117","page","type-page","status-publish","hentry","post-preview"],"_links":{"self":[{"href":"https:\/\/blogg.folkuniversitetet.nu\/reboer\/index.php?rest_route=\/wp\/v2\/pages\/117","targetHints":{"allow":["GET"]}}],"collection":[{"href":"https:\/\/blogg.folkuniversitetet.nu\/reboer\/index.php?rest_route=\/wp\/v2\/pages"}],"about":[{"href":"https:\/\/blogg.folkuniversitetet.nu\/reboer\/index.php?rest_route=\/wp\/v2\/types\/page"}],"author":[{"embeddable":true,"href":"https:\/\/blogg.folkuniversitetet.nu\/reboer\/index.php?rest_route=\/wp\/v2\/users\/785"}],"replies":[{"embeddable":true,"href":"https:\/\/blogg.folkuniversitetet.nu\/reboer\/index.php?rest_route=%2Fwp%2Fv2%2Fcomments&post=117"}],"version-history":[{"count":10,"href":"https:\/\/blogg.folkuniversitetet.nu\/reboer\/index.php?rest_route=\/wp\/v2\/pages\/117\/revisions"}],"predecessor-version":[{"id":425,"href":"https:\/\/blogg.folkuniversitetet.nu\/reboer\/index.php?rest_route=\/wp\/v2\/pages\/117\/revisions\/425"}],"wp:attachment":[{"href":"https:\/\/blogg.folkuniversitetet.nu\/reboer\/index.php?rest_route=%2Fwp%2Fv2%2Fmedia&parent=117"}],"curies":[{"name":"wp","href":"https:\/\/api.w.org\/{rel}","templated":true}]}}