{"id":109,"date":"2020-02-20T22:46:50","date_gmt":"2020-02-20T20:46:50","guid":{"rendered":"http:\/\/blogg.folkuniversitetet.nu\/reboer\/?page_id=109"},"modified":"2020-02-23T01:09:50","modified_gmt":"2020-02-22T23:09:50","slug":"clase-3","status":"publish","type":"page","link":"https:\/\/blogg.folkuniversitetet.nu\/reboer\/?page_id=109","title":{"rendered":"Clase 3"},"content":{"rendered":"\r\n<h2><strong>\u00a1<\/strong><strong>Hola a todos!<\/strong><\/h2>\r\n<p><strong>I onsdags arbetade vi med att r\u00e4tta &#8221;EJERCICIOS p\u00e1gina 64&#8243;och svara d\u00e4r alla hade m\u00f6jlighet att komma ih\u00e5g, \u00f6va samt anv\u00e4nda orden som ni kunde f\u00f6r att genomf\u00f6ra dialogen. <\/strong><\/p>\r\n<ul>\r\n<li><strong>Vi lyssnade p\u00e5 nummer och siffror. \u00a0 <\/strong><\/li>\r\n<li><strong>Vi svarade p\u00e5 fr\u00e5gor. Extramaterial i lektion. \u00a0 <\/strong><\/li>\r\n<li><strong>Tr\u00e4nade p\u00e5 uttal av grundtal (p\u00e1gina) 215.<\/strong><\/li>\r\n<li><strong>Arbetat med klockan och spelar olika roller f\u00f6r att kunna tr\u00e4na och\u00a0 beskriva\u00a0 vad klockan \u00e4r samt kan ni f\u00f6rb\u00e4ttrade och \u00f6vade dialogen.<\/strong><\/li>\r\n<\/ul>\r\n<h4><strong>\u00a0<\/strong><strong>Tarea<\/strong><\/h4>\r\n<ul>\r\n<li><strong>L\u00e4st extramaterial som ni fick i onsdags och &#8221;As\u00ed se dice&#8221; s.<br \/><\/strong><\/li>\r\n<li><strong>V<\/strong><strong>i kommer svara och l\u00f6sa fr\u00e5gor s. 65-66.\u00a0<\/strong><\/li>\r\n<\/ul>\r\n","protected":false},"excerpt":{"rendered":"","protected":false},"author":785,"featured_media":0,"parent":0,"menu_order":0,"comment_status":"closed","ping_status":"closed","template":"","meta":{"footnotes":""},"class_list":["post-109","page","type-page","status-publish","hentry","post-preview"],"_links":{"self":[{"href":"https:\/\/blogg.folkuniversitetet.nu\/reboer\/index.php?rest_route=\/wp\/v2\/pages\/109","targetHints":{"allow":["GET"]}}],"collection":[{"href":"https:\/\/blogg.folkuniversitetet.nu\/reboer\/index.php?rest_route=\/wp\/v2\/pages"}],"about":[{"href":"https:\/\/blogg.folkuniversitetet.nu\/reboer\/index.php?rest_route=\/wp\/v2\/types\/page"}],"author":[{"embeddable":true,"href":"https:\/\/blogg.folkuniversitetet.nu\/reboer\/index.php?rest_route=\/wp\/v2\/users\/785"}],"replies":[{"embeddable":true,"href":"https:\/\/blogg.folkuniversitetet.nu\/reboer\/index.php?rest_route=%2Fwp%2Fv2%2Fcomments&post=109"}],"version-history":[{"count":11,"href":"https:\/\/blogg.folkuniversitetet.nu\/reboer\/index.php?rest_route=\/wp\/v2\/pages\/109\/revisions"}],"predecessor-version":[{"id":402,"href":"https:\/\/blogg.folkuniversitetet.nu\/reboer\/index.php?rest_route=\/wp\/v2\/pages\/109\/revisions\/402"}],"wp:attachment":[{"href":"https:\/\/blogg.folkuniversitetet.nu\/reboer\/index.php?rest_route=%2Fwp%2Fv2%2Fmedia&parent=109"}],"curies":[{"name":"wp","href":"https:\/\/api.w.org\/{rel}","templated":true}]}}