{"id":12,"date":"2017-09-22T09:59:02","date_gmt":"2017-09-22T08:59:02","guid":{"rendered":"http:\/\/blogg.folkuniversitetet.nu\/pratel\/?page_id=12"},"modified":"2017-10-10T18:28:28","modified_gmt":"2017-10-10T17:28:28","slug":"brasilianska-portuguisiska-a2-del-2-mandagar-kl-19-30","status":"publish","type":"page","link":"https:\/\/blogg.folkuniversitetet.nu\/pratel\/brasilianska-portuguisiska-a2-del-2-mandagar-kl-19-30\/","title":{"rendered":"Brasilianska Portuguisiska A2 Del 2 m\u00e5ndagar kl 19.30"},"content":{"rendered":"<h6>Li\u00e7\u00e3o 4 (2 de Outubro)<\/h6>\n<ol>\n<li>Comparativo<\/li>\n<li>Verbo Andar (com o significado de Estar)<\/li>\n<li>Como usar os verbos Saber e conhecer<\/li>\n<li><a href=\"https:\/\/www.letras.com\/chico-buarque\/45099\/\">https:\/\/www.letras.com\/chico-buarque\/45099\/<\/a><\/li>\n<\/ol>\n<p>&nbsp;<\/p>\n","protected":false},"excerpt":{"rendered":"<p>Li\u00e7\u00e3o 4 (2 de Outubro) Comparativo Verbo Andar (com o significado de Estar) Como usar os verbos Saber e conhecer https:\/\/www.letras.com\/chico-buarque\/45099\/ &nbsp;<\/p>\n","protected":false},"author":687,"featured_media":0,"parent":0,"menu_order":0,"comment_status":"closed","ping_status":"closed","template":"","meta":{"footnotes":""},"class_list":["post-12","page","type-page","status-publish","hentry"],"_links":{"self":[{"href":"https:\/\/blogg.folkuniversitetet.nu\/pratel\/wp-json\/wp\/v2\/pages\/12","targetHints":{"allow":["GET"]}}],"collection":[{"href":"https:\/\/blogg.folkuniversitetet.nu\/pratel\/wp-json\/wp\/v2\/pages"}],"about":[{"href":"https:\/\/blogg.folkuniversitetet.nu\/pratel\/wp-json\/wp\/v2\/types\/page"}],"author":[{"embeddable":true,"href":"https:\/\/blogg.folkuniversitetet.nu\/pratel\/wp-json\/wp\/v2\/users\/687"}],"replies":[{"embeddable":true,"href":"https:\/\/blogg.folkuniversitetet.nu\/pratel\/wp-json\/wp\/v2\/comments?post=12"}],"version-history":[{"count":13,"href":"https:\/\/blogg.folkuniversitetet.nu\/pratel\/wp-json\/wp\/v2\/pages\/12\/revisions"}],"predecessor-version":[{"id":128,"href":"https:\/\/blogg.folkuniversitetet.nu\/pratel\/wp-json\/wp\/v2\/pages\/12\/revisions\/128"}],"wp:attachment":[{"href":"https:\/\/blogg.folkuniversitetet.nu\/pratel\/wp-json\/wp\/v2\/media?parent=12"}],"curies":[{"name":"wp","href":"https:\/\/api.w.org\/{rel}","templated":true}]}}