{"id":20,"date":"2024-09-19T15:19:07","date_gmt":"2024-09-19T14:19:07","guid":{"rendered":"https:\/\/blogg.folkuniversitetet.nu\/picama\/?page_id=20"},"modified":"2024-09-19T18:07:22","modified_gmt":"2024-09-19T17:07:22","slug":"bienvenue","status":"publish","type":"page","link":"https:\/\/blogg.folkuniversitetet.nu\/picama\/","title":{"rendered":"Bienvenue !"},"content":{"rendered":"<h3 style=\"text-align: center\"><span style=\"color: #333399\"><strong>Bienvenue !\u00a0<\/strong><\/span><\/h3>\n<p style=\"text-align: center\"><a href=\"http:\/\/blogg.folkuniversitetet.nu\/picama\/files\/2024\/09\/cliff-5942903_1280.jpg\"><img loading=\"lazy\" decoding=\"async\" class=\"alignnone  wp-image-63 aligncenter\" src=\"http:\/\/blogg.folkuniversitetet.nu\/picama\/files\/2024\/09\/cliff-5942903_1280-300x199.jpg\" alt=\"\" width=\"172\" height=\"114\" srcset=\"https:\/\/blogg.folkuniversitetet.nu\/picama\/files\/2024\/09\/cliff-5942903_1280-300x199.jpg 300w, https:\/\/blogg.folkuniversitetet.nu\/picama\/files\/2024\/09\/cliff-5942903_1280-1024x680.jpg 1024w, https:\/\/blogg.folkuniversitetet.nu\/picama\/files\/2024\/09\/cliff-5942903_1280-768x510.jpg 768w, https:\/\/blogg.folkuniversitetet.nu\/picama\/files\/2024\/09\/cliff-5942903_1280-676x449.jpg 676w, https:\/\/blogg.folkuniversitetet.nu\/picama\/files\/2024\/09\/cliff-5942903_1280.jpg 1280w\" sizes=\"auto, (max-width: 172px) 100vw, 172px\" \/><\/a> \u00a0<em>\u00a0 \u00a0La roche de Solutr\u00e9<\/em>.<\/p>\n<p style=\"text-align: center\"><span style=\"color: #008000\">Je m&#8217;appelle Marie et je viens de M\u00e2con, en Bourgogne!\u00a0<\/span><\/p>\n<p style=\"text-align: center\"><span style=\"color: #008000\">Je suis prof de Fran\u00e7ais. Je travaille \u00e0 Internationella Engelska Skolan \u00e0 Uppsala.<\/span><\/p>\n<p style=\"text-align: center\"><span style=\"color: #008000\">Avant d&#8217;arriver en Su\u00e8de j&#8217;ai \u00e9tudi\u00e9 aux Etats-Unis o\u00f9 j&#8217;ai aussi enseign\u00e9 le fran\u00e7ais \u00e0 l&#8217;Universit\u00e9 du Connecticut.<\/span><\/p>\n<p style=\"text-align: center\"><span style=\"color: #008000\">Vous pouvez me contacter ici: <span style=\"color: #333333\">marie.picard@folkuniversitetet.se<\/span><\/span><\/p>\n<p style=\"text-align: center\"><span style=\"color: #008000\">\u00c0 bient\u00f4t !<\/span><\/p>\n<hr \/>\n<h3>Folkuniversitetet<\/h3>\n<ul>\n<li>Folkuniversitetet \u00e4r ett studief\u00f6rbund.<\/li>\n<li>Folkuniversitetet finns p\u00e5 cirka 40 orter i Sverige.<\/li>\n<li>Folkuniversitetets stiftare \u00e4r universitet, studentk\u00e5r och Folkuniversitetsf\u00f6reningen.<\/li>\n<li>Folkuniversitetet \u00e4r frist\u00e5ende fr\u00e5n politiska, religi\u00f6sa och fackliga intressen.<\/li>\n<\/ul>\n<div id=\"attachment_47\" style=\"width: 1384px\" class=\"wp-caption alignnone\"><a href=\"http:\/\/blogg.folkuniversitetet.nu\/picama\/files\/2024\/09\/Screenshot-2024-09-13-at-17.55.24.jpg\" target=\"_blank\" rel=\"noopener\"><img loading=\"lazy\" decoding=\"async\" aria-describedby=\"caption-attachment-47\" class=\"wp-image-47 size-full\" src=\"http:\/\/blogg.folkuniversitetet.nu\/picama\/files\/2024\/09\/Screenshot-2024-09-13-at-17.55.24.jpg\" alt=\"\" width=\"1374\" height=\"1834\" srcset=\"https:\/\/blogg.folkuniversitetet.nu\/picama\/files\/2024\/09\/Screenshot-2024-09-13-at-17.55.24.jpg 1374w, https:\/\/blogg.folkuniversitetet.nu\/picama\/files\/2024\/09\/Screenshot-2024-09-13-at-17.55.24-225x300.jpg 225w, https:\/\/blogg.folkuniversitetet.nu\/picama\/files\/2024\/09\/Screenshot-2024-09-13-at-17.55.24-767x1024.jpg 767w, https:\/\/blogg.folkuniversitetet.nu\/picama\/files\/2024\/09\/Screenshot-2024-09-13-at-17.55.24-768x1025.jpg 768w, https:\/\/blogg.folkuniversitetet.nu\/picama\/files\/2024\/09\/Screenshot-2024-09-13-at-17.55.24-1151x1536.jpg 1151w, https:\/\/blogg.folkuniversitetet.nu\/picama\/files\/2024\/09\/Screenshot-2024-09-13-at-17.55.24-676x902.jpg 676w\" sizes=\"auto, (max-width: 1374px) 100vw, 1374px\" \/><\/a><p id=\"caption-attachment-47\" class=\"wp-caption-text\">Screenshot<\/p><\/div>\n<hr \/>\n<h3><strong>Wifi i skolan<\/strong><\/h3>\n<p>N\u00e4tverk: <strong>Fuguest<br \/>\n<\/strong>L\u00f6senord: <strong>Folkuniversitetet-P<\/strong><\/p>\n<hr \/>\n<h3><strong>Administrativa fr\u00e5gor<\/strong><\/h3>\n<p>\ud83d\udd7e 789-4200<\/p>\n<hr \/>\n<h3><strong>Kundtj\u00e4nst<\/strong><\/h3>\n<p>Kontakta Folkuniversitetet: <a href=\"direkt@folkuniversitetet.se\" target=\"_blank\" rel=\"noopener\">direkt@folkuniversitetet.se<\/a><\/p>\n<p>&nbsp;<\/p>\n","protected":false},"excerpt":{"rendered":"<p>Bienvenue !\u00a0 \u00a0\u00a0 \u00a0La roche de Solutr\u00e9. Je m&#8217;appelle Marie et je viens de M\u00e2con, en Bourgogne!\u00a0 Je suis prof de Fran\u00e7ais. Je travaille \u00e0 Internationella Engelska Skolan \u00e0 Uppsala. Avant d&#8217;arriver en Su\u00e8de j&#8217;ai \u00e9tudi\u00e9 aux Etats-Unis o\u00f9 j&#8217;ai aussi enseign\u00e9 le fran\u00e7ais \u00e0 l&#8217;Universit\u00e9 du Connecticut. Vous pouvez me contacter ici: marie.picard@folkuniversitetet.se \u00c0 [&hellip;]<\/p>\n","protected":false},"author":807,"featured_media":0,"parent":0,"menu_order":0,"comment_status":"closed","ping_status":"closed","template":"","meta":{"footnotes":""},"class_list":["post-20","page","type-page","status-publish","hentry","post-preview"],"_links":{"self":[{"href":"https:\/\/blogg.folkuniversitetet.nu\/picama\/wp-json\/wp\/v2\/pages\/20","targetHints":{"allow":["GET"]}}],"collection":[{"href":"https:\/\/blogg.folkuniversitetet.nu\/picama\/wp-json\/wp\/v2\/pages"}],"about":[{"href":"https:\/\/blogg.folkuniversitetet.nu\/picama\/wp-json\/wp\/v2\/types\/page"}],"author":[{"embeddable":true,"href":"https:\/\/blogg.folkuniversitetet.nu\/picama\/wp-json\/wp\/v2\/users\/807"}],"replies":[{"embeddable":true,"href":"https:\/\/blogg.folkuniversitetet.nu\/picama\/wp-json\/wp\/v2\/comments?post=20"}],"version-history":[{"count":7,"href":"https:\/\/blogg.folkuniversitetet.nu\/picama\/wp-json\/wp\/v2\/pages\/20\/revisions"}],"predecessor-version":[{"id":64,"href":"https:\/\/blogg.folkuniversitetet.nu\/picama\/wp-json\/wp\/v2\/pages\/20\/revisions\/64"}],"wp:attachment":[{"href":"https:\/\/blogg.folkuniversitetet.nu\/picama\/wp-json\/wp\/v2\/media?parent=20"}],"curies":[{"name":"wp","href":"https:\/\/api.w.org\/{rel}","templated":true}]}}