{"id":106,"date":"2025-02-03T18:51:16","date_gmt":"2025-02-03T17:51:16","guid":{"rendered":"https:\/\/blogg.folkuniversitetet.nu\/picama\/?page_id=106"},"modified":"2025-05-04T19:53:36","modified_gmt":"2025-05-04T18:53:36","slug":"a1-partie-2","status":"publish","type":"page","link":"https:\/\/blogg.folkuniversitetet.nu\/picama\/a1-partie-2\/","title":{"rendered":"A1 &#8211; Partie 2"},"content":{"rendered":"<p style=\"text-align: center\"><strong>Bienvenue au cours A1 &#8211; Del 2!<\/strong><\/p>\n<p><a href=\"https:\/\/docs.google.com\/document\/d\/1EzJLUKcdG0y0W_XNJgEAuePt8qqUSb659YP9LCjDP-I\/edit?usp=sharing\" target=\"_blank\" rel=\"noopener\">Booklet d&#8217;introduction<\/a><\/p>\n<p><span style=\"color: #0000ff\"><strong>Lundi 3 f\u00e9vrier\u00a0<\/strong><\/span><\/p>\n<blockquote><p><a href=\"https:\/\/docs.google.com\/document\/d\/120SKWcYAJ6HA4jyQiLlZc1BtFqrNNrIif_lbj3QVSl8\/edit?usp=sharing\" target=\"_blank\" rel=\"noopener\">Cours 1<\/a><\/p><\/blockquote>\n<hr \/>\n<p><span style=\"color: #ff0000\"><strong>Lundi 10 f\u00e9vrier<\/strong><\/span><\/p>\n<blockquote><p><a href=\"https:\/\/docs.google.com\/document\/d\/1pp1CW4EkwUkasHCqefZZYSJ5kTo8gmGl4DU40ExxMKo\/edit?usp=sharing\" target=\"_blank\" rel=\"noopener\">Cours 2<\/a><\/p>\n<p><a href=\"https:\/\/docs.google.com\/document\/d\/1r_PUewETaaHDN5sRs9nUXPRqQOzTg9xCJBUFf8pu8iA\/edit?usp=sharing\" target=\"_blank\" rel=\"noopener\">Les pr\u00e9positions de lieu<\/a><\/p><\/blockquote>\n<p><span style=\"text-decoration: underline\"><span style=\"font-weight: 400\">Devoirs pour le cours 3<\/span><span style=\"font-weight: 400\">:<\/span><\/span><\/p>\n<p><span style=\"font-weight: 400\">Cahier d\u2019activit\u00e9s:\u00a0<\/span><\/p>\n<ul>\n<li style=\"font-weight: 400\"><span style=\"font-weight: 400\">Exercices 1, 2 et 4 page 31\u00a0 \u00a0 (Exercice 3 optionnel)\u00a0<\/span><\/li>\n<li style=\"font-weight: 400\"><span style=\"font-weight: 400\">Exercices 1, 4 et 5 page 32<\/span><\/li>\n<li style=\"font-weight: 400\"><span style=\"font-weight: 400\">Exercice 2 <\/span><b>ou<\/b><span style=\"font-weight: 400\"> 3 page 32<\/span><\/li>\n<\/ul>\n<hr \/>\n<p><span style=\"color: #0000ff\"><strong>Lundi 24 f\u00e9vrier<\/strong><\/span><\/p>\n<blockquote><p><a href=\"https:\/\/docs.google.com\/document\/d\/1YfhyoXTkLyFGg03iFXpX2hogAN2JX5a6NXT6Lrf42Z8\/edit?usp=sharing\" target=\"_blank\" rel=\"noopener\">Cours 3<\/a><br \/>\n<a href=\"https:\/\/docs.google.com\/document\/d\/1r_PUewETaaHDN5sRs9nUXPRqQOzTg9xCJBUFf8pu8iA\/edit?usp=sharing\" target=\"_blank\" rel=\"noopener\">Les pr\u00e9positions de lieu<\/a><\/p><\/blockquote>\n<p><span style=\"text-decoration: underline\"><span style=\"font-weight: 400\">Devoirs pour le cours 4<\/span><span style=\"font-weight: 400\">:<br \/>\nChoisir deux exercices par cat\u00e9gorie.<br \/>\n<\/span><\/span><span style=\"font-weight: 400\">Vocabulaire<\/span><\/p>\n<ul>\n<li style=\"font-weight: 400\"><span style=\"font-weight: 400\">Exercices 1, 2 et 3 page 33 (cahier d\u2019activit\u00e9s)<\/span><\/li>\n<\/ul>\n<p><span style=\"font-weight: 400\">Compr\u00e9hension orale<\/span><\/p>\n<ul>\n<li style=\"font-weight: 400\"><span style=\"font-weight: 400\">Exercice 2 page 33 (cahier d\u2019activit\u00e9s)<\/span><\/li>\n<li style=\"font-weight: 400\"><span style=\"font-weight: 400\">Exercice 2 page 49 (livre)<\/span><\/li>\n<li style=\"font-weight: 400\"><span style=\"font-weight: 400\">Exercice <\/span><i><span style=\"font-weight: 400\">Compr\u00e9hension orale<\/span><\/i><span style=\"font-weight: 400\"> page 50 (livre)<\/span><\/li>\n<\/ul>\n<p><span style=\"font-weight: 400\">Grammaire<\/span><\/p>\n<ul>\n<li style=\"font-weight: 400\"><span style=\"font-weight: 400\">Exercice 2 page 50 (livre)<\/span><\/li>\n<\/ul>\n<hr \/>\n<p><span style=\"color: #ff0000\"><strong>Lundi 3 mars<\/strong><\/span><\/p>\n<blockquote><p><a href=\"https:\/\/docs.google.com\/document\/d\/1kuyDxM-msDMXq7fjN8J6e8P2GkYOhUvW45FtSvSWcpk\/edit?usp=sharing\" target=\"_blank\" rel=\"noopener\">Cours 4<\/a><br \/>\n<a href=\"https:\/\/docs.google.com\/document\/d\/1AO9uzPrIfWlZhcNvDrN1VnhocXCdcr0jzFxYpQh6NQo\/edit?usp=sharing\" target=\"_blank\" rel=\"noopener\">La quantit\u00e9 non-d\u00e9finie<\/a><\/p><\/blockquote>\n<p><span style=\"text-decoration: underline\"><span style=\"font-weight: 400\">Devoirs pour le cours 5<\/span><span style=\"font-weight: 400\">:<\/span><\/span><\/p>\n<p><span style=\"font-weight: 400\">Exercices 1, 2, 3 et 4 page 34 (cahier d\u2019activit\u00e9s)<\/span><\/p>\n<p><strong>Optionnel:\u00a0<\/strong><\/p>\n<p><span style=\"font-weight: 400\">\u00c9crivez les \u00e9tapes de votre recette pr\u00e9f\u00e9r\u00e9e.<\/span><\/p>\n<hr \/>\n<p><span style=\"color: #333399\"><strong>Lundi 10 mars<\/strong><\/span><\/p>\n<blockquote><p><a href=\"https:\/\/docs.google.com\/document\/d\/1E8XuoHeDSyahJHVgx9Orc4DMw8aTrD3_5HcpcxYbN_E\/edit?usp=sharing\" target=\"_blank\" rel=\"noopener\">Cours 5<\/a><br \/>\n<a href=\"https:\/\/docs.google.com\/document\/d\/1OVXhKXC-LO6upzDsHw3ox8dGQvxDXnCqWfCA_aDql7Y\/edit?usp=sharing\" target=\"_blank\" rel=\"noopener\">Les verbes en -ir<\/a><\/p><\/blockquote>\n<p><span style=\"text-decoration: underline\"><span style=\"font-weight: 400\">Devoirs pour le cours 6<\/span><span style=\"font-weight: 400\">:<\/span><\/span><\/p>\n<p>Compl\u00e9tez deux exercices de chaque cat\u00e9gories:<br \/>\n<strong>Grammaire<\/strong><br \/>\nExercices 1, 2, 3 et 4 page 35 (cahier d\u2019activit\u00e9s)<br \/>\n<strong>Vocabulaire<\/strong><br \/>\nExercices 1, 2, 3 et 4 page 36 (cahier d\u2019activit\u00e9s)<\/p>\n<hr \/>\n<p><span style=\"color: #ff0000\"><strong>Lundi 17 mars<\/strong><\/span><\/p>\n<blockquote><p><a href=\"https:\/\/docs.google.com\/document\/d\/1khgAtsVQ-XJMzFtDoKbib5lVdV5hiUem-Uj0mBawSOk\/edit?usp=sharing\" target=\"_blank\" rel=\"noopener\">Cours 6<\/a><\/p><\/blockquote>\n<p><span style=\"text-decoration: underline\"><span style=\"font-weight: 400\">Devoirs pour le cours 7<\/span><span style=\"font-weight: 400\">:<\/span><\/span><\/p>\n<p><span style=\"font-weight: 400\">Bilan linguistique pages 38 et 39 (cahier d\u2019activit\u00e9s)\u00a0<\/span><\/p>\n<p><span style=\"font-weight: 400\">Optionnel: Jeux page 42 (cahier d\u2019activit\u00e9s)\u00a0<\/span><\/p>\n<hr \/>\n<p><span style=\"color: #0000ff\"><strong>Lundi 24 mars<\/strong><\/span><\/p>\n<blockquote><p><a href=\"https:\/\/docs.google.com\/document\/d\/15uYcVjyO3jGQ-mR-Bjn-hKfCG_ffJI5sTnZK5tUJ2hQ\/edit?tab=t.0#heading=h.dp4t42snx24o\" target=\"_blank\" rel=\"noopener\">Cours 7<\/a><br \/>\n<a href=\"https:\/\/docs.google.com\/document\/d\/1GKpeBCAks0iQaYqY-4e_ticO4oYUfysoEbx4Rd2waZ0\/edit?usp=sharing\" target=\"_blank\" rel=\"noopener\">C&#8217;est &#8211; il \/ elle est&#8230;<\/a><\/p><\/blockquote>\n<p><span style=\"text-decoration: underline\"><span style=\"font-weight: 400\">Devoirs pour le cours 8<\/span><span style=\"font-weight: 400\">:<br \/>\n<\/span><\/span><span style=\"font-weight: 400\">Exercices 1, 2, 3 et 4 page 43 (cahier d\u2019activit\u00e9s)<\/span><span style=\"text-decoration: underline\"><span style=\"font-weight: 400\"><br \/>\n<\/span><\/span><\/p>\n<hr \/>\n<p><span style=\"color: #ff0000\"><strong>Lundi 31 mars<\/strong><\/span><\/p>\n<blockquote><p><a href=\"https:\/\/docs.google.com\/document\/d\/1E6ddqJoCQfEIxIy2n--z-lKEesc0n-fZCmL8cxyGI9Y\/edit?usp=sharing\" target=\"_blank\" rel=\"noopener\">Cours 8<\/a><br \/>\n<a href=\"https:\/\/docs.google.com\/document\/d\/1vRDlEBoSw_noXc0jnWQ7rj64UXAN9OwOu-PNO2YHZ7o\/edit?usp=sharing\" target=\"_blank\" rel=\"noopener\">La fr\u00e9quence<\/a><\/p><\/blockquote>\n<p><span style=\"text-decoration: underline\"><span style=\"font-weight: 400\">Devoirs pour le cours 9<\/span><span style=\"font-weight: 400\">:<\/span><\/span><\/p>\n<p><span style=\"font-weight: 400\">Exercices 1, 2, 3 et 4 page 44 (cahier d\u2019activit\u00e9s)<br \/>\n<\/span><span style=\"font-weight: 400\">Exercices 1 et 2 page 45 (cahier d\u2019activit\u00e9s)<br \/>\n<\/span><span style=\"font-weight: 400\">Exercice Phonie &#8211; graphie page 45 (cahier d\u2019activit\u00e9s)<\/span><\/p>\n<hr \/>\n<p><span style=\"color: #0000ff\"><strong>Lundi 7 avril<\/strong><\/span><\/p>\n<blockquote><p><a href=\"https:\/\/docs.google.com\/document\/d\/1iG4C4meTZ5AhY8eGNNTP2sIpoNnRIoUUmvH40t5-GXk\/edit?usp=sharing\" target=\"_blank\" rel=\"noopener\">Cours 9<\/a><br \/>\n<a href=\"https:\/\/docs.google.com\/document\/d\/1YcoRRLapxrkHvX5ngcWo7VxnjSoEeR_9yZF4VRLO_2M\/edit?usp=sharing\" target=\"_blank\" rel=\"noopener\">L&#8217;imp\u00e9ratif<\/a><\/p><\/blockquote>\n<p><span style=\"text-decoration: underline\"><span style=\"font-weight: 400\">Devoirs pour le cours 10<\/span><span style=\"font-weight: 400\">:<br \/>\n<\/span><\/span><\/p>\n<p><span style=\"font-weight: 400\">Exercices 2 et phonie-graphie page 45 (cahier d\u2019activit\u00e9s)<br \/>\n<\/span><span style=\"font-weight: 400\">Exercices 1, 2, 3, 4 et 5 page 46 (cahier d\u2019activit\u00e9s)<\/span><\/p>\n<hr \/>\n<p><span style=\"color: #ff0000\"><strong>Lundi 14 avril<\/strong><\/span><\/p>\n<blockquote><p><a href=\"https:\/\/docs.google.com\/document\/d\/1I8dwR-ZIk7Ay3EWSGfjosdVkHjse_B_Bkk9sezFWmgk\/edit?usp=sharing\" target=\"_blank\" rel=\"noopener\">Cours 10<\/a><br \/>\n<a href=\"https:\/\/docs.google.com\/document\/d\/1Qsis0-G31CLS5VCkpvRYIqyH0OZ0jZXSrreuv35qQZg\/edit?usp=sharing\" target=\"_blank\" rel=\"noopener\">Les connecteurs<\/a><\/p><\/blockquote>\n<p><span style=\"text-decoration: underline\"><span style=\"font-weight: 400\">Devoirs pour le cours 11<\/span><span style=\"font-weight: 400\">:<\/span><\/span><\/p>\n<p><span style=\"font-weight: 400\">Exercices 1, 2, 3 et 4 page 47 (cahier d\u2019activit\u00e9s)<br \/>\n<\/span><span style=\"font-weight: 400\">Exercice 1 page 48 (cahier d\u2019activit\u00e9s)<br \/>\n<\/span><span style=\"font-weight: 400\">Exercices 1 et 2 page 69 (livre) <\/span><\/p>\n<hr \/>\n<p><span style=\"color: #0000ff\"><strong>Lundi 21 avril<\/strong><\/span><\/p>\n<p>Pas de classe! Joyeuses P\u00e2ques!<\/p>\n<hr \/>\n<p><span style=\"color: #ff0000\"><strong>Lundi 28 avril<\/strong><\/span><\/p>\n<blockquote><p><a href=\"https:\/\/docs.google.com\/document\/d\/1_9v7Gle5u0KO4se-WR2UrC4StnZue712Qu3DxHXR4J8\/edit?usp=sharing\" target=\"_blank\" rel=\"noopener\">Cours 11<\/a><\/p><\/blockquote>\n<p><span style=\"text-decoration: underline\"><span style=\"font-weight: 400\">Devoirs pour le cours 12<\/span><span style=\"font-weight: 400\">:<\/span><\/span><\/p>\n<p><span style=\"font-weight: 400\">Exercice 1, 2 et 3 page 48 (cahier d\u2019activit\u00e9s)<\/span><\/p>\n<hr \/>\n<p><span style=\"color: #0000ff\"><strong>Lundi 5 mai<\/strong><\/span><\/p>\n<blockquote><p><a href=\"https:\/\/docs.google.com\/document\/d\/1FLHICcnrFTya8Jh4Nq7XO-F0nIWhnfn8A-Yp6dcYJrQ\/edit?usp=sharing\" target=\"_blank\" rel=\"noopener\">Cours 12<\/a>&#8211; Dernier cours!<\/p><\/blockquote>\n<p><em><span style=\"color: #008000\">Merci beaucoup pour ce semestre! Vous \u00eates des \u00e9l\u00e8ves supers. C&#8217;est un plaisir de vous enseigner le fran\u00e7ais! J&#8217;esp\u00e8re que vous continuerez d&#8217;apprendre le fran\u00e7ais \u00e0 Folkuniversitetet! Bonne chance dans vos voyages en France!\u00a0 &#8211; Marie.<\/span><\/em><\/p>\n","protected":false},"excerpt":{"rendered":"<p>Bienvenue au cours A1 &#8211; Del 2! Booklet d&#8217;introduction Lundi 3 f\u00e9vrier\u00a0 Cours 1 Lundi 10 f\u00e9vrier Cours 2 Les pr\u00e9positions de lieu Devoirs pour le cours 3: Cahier d\u2019activit\u00e9s:\u00a0 Exercices 1, 2 et 4 page 31\u00a0 \u00a0 (Exercice 3 optionnel)\u00a0 Exercices 1, 4 et 5 page 32 Exercice 2 ou 3 page 32 Lundi [&hellip;]<\/p>\n","protected":false},"author":950,"featured_media":0,"parent":0,"menu_order":2,"comment_status":"closed","ping_status":"closed","template":"","meta":{"footnotes":""},"class_list":["post-106","page","type-page","status-publish","hentry","post-preview"],"_links":{"self":[{"href":"https:\/\/blogg.folkuniversitetet.nu\/picama\/wp-json\/wp\/v2\/pages\/106","targetHints":{"allow":["GET"]}}],"collection":[{"href":"https:\/\/blogg.folkuniversitetet.nu\/picama\/wp-json\/wp\/v2\/pages"}],"about":[{"href":"https:\/\/blogg.folkuniversitetet.nu\/picama\/wp-json\/wp\/v2\/types\/page"}],"author":[{"embeddable":true,"href":"https:\/\/blogg.folkuniversitetet.nu\/picama\/wp-json\/wp\/v2\/users\/950"}],"replies":[{"embeddable":true,"href":"https:\/\/blogg.folkuniversitetet.nu\/picama\/wp-json\/wp\/v2\/comments?post=106"}],"version-history":[{"count":15,"href":"https:\/\/blogg.folkuniversitetet.nu\/picama\/wp-json\/wp\/v2\/pages\/106\/revisions"}],"predecessor-version":[{"id":131,"href":"https:\/\/blogg.folkuniversitetet.nu\/picama\/wp-json\/wp\/v2\/pages\/106\/revisions\/131"}],"wp:attachment":[{"href":"https:\/\/blogg.folkuniversitetet.nu\/picama\/wp-json\/wp\/v2\/media?parent=106"}],"curies":[{"name":"wp","href":"https:\/\/api.w.org\/{rel}","templated":true}]}}