{"id":6,"date":"2015-05-07T14:41:22","date_gmt":"2015-05-07T14:41:22","guid":{"rendered":"http:\/\/blogg.folkuniversitetet.nu\/persni\/?page_id=6"},"modified":"2022-03-24T13:17:49","modified_gmt":"2022-03-24T13:17:49","slug":"laxa","status":"publish","type":"page","link":"https:\/\/blogg.folkuniversitetet.nu\/persni\/","title":{"rendered":"Nils"},"content":{"rendered":"<p>&nbsp;<\/p>\n<p>Hej!<\/p>\n<p>Jag heter Nils och kommer fr\u00e5n Sverige &#8230;! \u00a08&#8211;)<\/p>\n<p>Mina intressen \u00e4r teater, film, och konst. Jag gillar att spela tennis ocks\u00e5. H\u00e4r p\u00e5 Folkuniversitetet har jag jobbat i n\u00e5gra \u00e5r och jag trivs bra.<\/p>\n<p>Hoppas du hittar din kurs i bloggen!<\/p>\n<p>H\u00e4lsningar<\/p>\n<p>Nils<\/p>\n","protected":false},"excerpt":{"rendered":"<p>&nbsp; Hej! Jag heter Nils och kommer fr\u00e5n Sverige &#8230;! \u00a08&#8211;) Mina intressen \u00e4r teater, film, och konst. Jag gillar att spela tennis ocks\u00e5. H\u00e4r p\u00e5 Folkuniversitetet har jag jobbat i n\u00e5gra \u00e5r och jag trivs bra. Hoppas du hittar din kurs i bloggen! H\u00e4lsningar Nils<\/p>\n","protected":false},"author":348,"featured_media":49,"parent":0,"menu_order":0,"comment_status":"open","ping_status":"open","template":"","meta":{"footnotes":""},"class_list":["post-6","page","type-page","status-publish","has-post-thumbnail","hentry"],"_links":{"self":[{"href":"https:\/\/blogg.folkuniversitetet.nu\/persni\/wp-json\/wp\/v2\/pages\/6","targetHints":{"allow":["GET"]}}],"collection":[{"href":"https:\/\/blogg.folkuniversitetet.nu\/persni\/wp-json\/wp\/v2\/pages"}],"about":[{"href":"https:\/\/blogg.folkuniversitetet.nu\/persni\/wp-json\/wp\/v2\/types\/page"}],"author":[{"embeddable":true,"href":"https:\/\/blogg.folkuniversitetet.nu\/persni\/wp-json\/wp\/v2\/users\/348"}],"replies":[{"embeddable":true,"href":"https:\/\/blogg.folkuniversitetet.nu\/persni\/wp-json\/wp\/v2\/comments?post=6"}],"version-history":[{"count":5,"href":"https:\/\/blogg.folkuniversitetet.nu\/persni\/wp-json\/wp\/v2\/pages\/6\/revisions"}],"predecessor-version":[{"id":48,"href":"https:\/\/blogg.folkuniversitetet.nu\/persni\/wp-json\/wp\/v2\/pages\/6\/revisions\/48"}],"wp:featuredmedia":[{"embeddable":true,"href":"https:\/\/blogg.folkuniversitetet.nu\/persni\/wp-json\/wp\/v2\/media\/49"}],"wp:attachment":[{"href":"https:\/\/blogg.folkuniversitetet.nu\/persni\/wp-json\/wp\/v2\/media?parent=6"}],"curies":[{"name":"wp","href":"https:\/\/api.w.org\/{rel}","templated":true}]}}