{"id":51,"date":"2015-10-05T18:09:58","date_gmt":"2015-10-05T18:09:58","guid":{"rendered":"http:\/\/blogg.folkuniversitetet.nu\/persni\/?page_id=51"},"modified":"2019-12-16T16:14:36","modified_gmt":"2019-12-16T16:14:36","slug":"svenska-a1-del-1-rum-633","status":"publish","type":"page","link":"https:\/\/blogg.folkuniversitetet.nu\/persni\/svenska-a1-del-1-rum-633\/","title":{"rendered":"Svenska A1+ Del 1 m\u00e5ndag + onsdag i Rum 633 klockan 12.15"},"content":{"rendered":"<p>Hej!<\/p>\n<p>V\u00e4lkommen till v\u00e5r kurs-blogg. H\u00e4r finns information om v\u00e5r kurs.<\/p>\n<p>Vi startar i textboken p\u00e5 Kapitel\u00a0 6 sidan 62<\/p>\n<p>Vi startar i \u00f6vningsboken p\u00e5 kapitel 6 sidan 57 L\u00e4xa sidan 57<\/p>\n<p>L\u00c4NK till extramateriel &#8211; Rivstart &#8211; Logga in<\/p>\n<p><a href=\"https:\/\/www.nok.se\/Laromedel\/Digitala-laromedel\/Logga-in\/\">https:\/\/www.nok.se\/Laromedel\/Digitala-laromedel\/Logga-in\/<\/a><\/p>\n<p>&nbsp;<\/p>\n<p>&nbsp;<\/p>\n<p>\u00d6vning. Skriv fr\u00e5gor till svaren!<\/p>\n<p><a href=\"https:\/\/quizlet.com\/402139076\/write\">https:\/\/quizlet.com\/402139076\/write<\/a><\/p>\n<p>&nbsp;<\/p>\n<p><a href=\"https:\/\/www.svtplay.se\/nyheter-pa-latt-svenska\">Nyheter p\u00e5 l\u00e4tt svenska<\/a>\u00a0<a href=\"http:\/\/blogg.folkuniversitetet.nu\/persni\/files\/2016\/01\/blommor.png\"><img loading=\"lazy\" decoding=\"async\" class=\"alignnone size-full wp-image-130\" src=\"http:\/\/blogg.folkuniversitetet.nu\/persni\/files\/2016\/01\/blommor.png\" alt=\"\" width=\"224\" height=\"225\" srcset=\"https:\/\/blogg.folkuniversitetet.nu\/persni\/files\/2016\/01\/blommor.png 224w, https:\/\/blogg.folkuniversitetet.nu\/persni\/files\/2016\/01\/blommor-150x150.png 150w\" sizes=\"auto, (max-width: 224px) 100vw, 224px\" \/><\/a><\/p>\n<p>&nbsp;<\/p>\n<p><a href=\"https:\/\/www.youtube.com\/watch?v=5ccMMdvnh2Q\">Alfabetet<\/a><\/p>\n<p>Extramateriel till bok \u2013 RIVSTART\u00a0 \u00a0 \u00a0\u00a0<a href=\"https:\/\/www.nok.se\/Laromedel\/Digitala-laromedel\/Logga-in\/\">https:\/\/www.nok.se\/Laromedel\/Digitala-laromedel\/Logga-in\/<\/a><\/p>\n<p>.Vi ses!<\/p>\n<p>H\u00e4lsningar Nils<\/p>\n<p><a href=\"http:\/\/blogg.folkuniversitetet.nu\/persni\/files\/2015\/10\/Frykenslussenpg.jpg\"><img loading=\"lazy\" decoding=\"async\" class=\"alignnone size-medium wp-image-254\" src=\"http:\/\/blogg.folkuniversitetet.nu\/persni\/files\/2015\/10\/Frykenslussenpg-225x300.jpg\" alt=\"\" width=\"225\" height=\"300\" srcset=\"https:\/\/blogg.folkuniversitetet.nu\/persni\/files\/2015\/10\/Frykenslussenpg-225x300.jpg 225w, https:\/\/blogg.folkuniversitetet.nu\/persni\/files\/2015\/10\/Frykenslussenpg-768x1024.jpg 768w, https:\/\/blogg.folkuniversitetet.nu\/persni\/files\/2015\/10\/Frykenslussenpg.jpg 1200w\" sizes=\"auto, (max-width: 225px) 100vw, 225px\" \/><\/a><\/p>\n<p>&nbsp;<\/p>\n<p>&nbsp;<\/p>\n<p>&nbsp;<\/p>\n<p>&nbsp;<\/p>\n<p>&nbsp;<\/p>\n<p>&nbsp;<\/p>\n<p>&nbsp;<\/p>\n<p>&nbsp;<\/p>\n<p>H\u00e4lsningar\u00a0\u00a0 Nils<\/p>\n","protected":false},"excerpt":{"rendered":"<p>Hej! V\u00e4lkommen till v\u00e5r kurs-blogg. H\u00e4r finns information om v\u00e5r kurs. Vi startar i textboken p\u00e5 Kapitel\u00a0 6 sidan 62 Vi startar i \u00f6vningsboken p\u00e5 kapitel 6 sidan 57 L\u00e4xa sidan 57 L\u00c4NK till extramateriel &#8211; Rivstart &#8211; Logga in https:\/\/www.nok.se\/Laromedel\/Digitala-laromedel\/Logga-in\/ &nbsp; &nbsp; \u00d6vning. Skriv fr\u00e5gor till svaren! https:\/\/quizlet.com\/402139076\/write &nbsp; Nyheter p\u00e5 l\u00e4tt svenska\u00a0 &nbsp; &hellip; <a href=\"https:\/\/blogg.folkuniversitetet.nu\/persni\/svenska-a1-del-1-rum-633\/\" class=\"more-link\">Forts\u00e4tt l\u00e4sa <span class=\"screen-reader-text\">Svenska A1+ Del 1 m\u00e5ndag + onsdag i Rum 633 klockan 12.15<\/span><\/a><\/p>\n","protected":false},"author":348,"featured_media":0,"parent":0,"menu_order":0,"comment_status":"closed","ping_status":"closed","template":"","meta":{"footnotes":""},"class_list":["post-51","page","type-page","status-publish","hentry"],"_links":{"self":[{"href":"https:\/\/blogg.folkuniversitetet.nu\/persni\/wp-json\/wp\/v2\/pages\/51","targetHints":{"allow":["GET"]}}],"collection":[{"href":"https:\/\/blogg.folkuniversitetet.nu\/persni\/wp-json\/wp\/v2\/pages"}],"about":[{"href":"https:\/\/blogg.folkuniversitetet.nu\/persni\/wp-json\/wp\/v2\/types\/page"}],"author":[{"embeddable":true,"href":"https:\/\/blogg.folkuniversitetet.nu\/persni\/wp-json\/wp\/v2\/users\/348"}],"replies":[{"embeddable":true,"href":"https:\/\/blogg.folkuniversitetet.nu\/persni\/wp-json\/wp\/v2\/comments?post=51"}],"version-history":[{"count":261,"href":"https:\/\/blogg.folkuniversitetet.nu\/persni\/wp-json\/wp\/v2\/pages\/51\/revisions"}],"predecessor-version":[{"id":1067,"href":"https:\/\/blogg.folkuniversitetet.nu\/persni\/wp-json\/wp\/v2\/pages\/51\/revisions\/1067"}],"wp:attachment":[{"href":"https:\/\/blogg.folkuniversitetet.nu\/persni\/wp-json\/wp\/v2\/media?parent=51"}],"curies":[{"name":"wp","href":"https:\/\/api.w.org\/{rel}","templated":true}]}}