{"id":50,"date":"2025-09-11T09:24:56","date_gmt":"2025-09-11T08:24:56","guid":{"rendered":"https:\/\/blogg.folkuniversitetet.nu\/pasoad\/?page_id=50"},"modified":"2026-01-24T16:49:42","modified_gmt":"2026-01-24T15:49:42","slug":"a1-del-1-lordagar-start-6-sep","status":"publish","type":"page","link":"https:\/\/blogg.folkuniversitetet.nu\/pasoad\/a1-del-1-lordagar-start-6-sep\/","title":{"rendered":"A1 del 1 &#8211; l\u00f6rdagar start 6 sep"},"content":{"rendered":"<p><strong>Lektion 1 &#8211; 6 september<\/strong><\/p>\n<p>Anteckningar: <span style=\"color: #ff6600\"><a style=\"color: #ff6600\" href=\"http:\/\/blogg.folkuniversitetet.nu\/pasoad\/files\/2025\/09\/Lektion-1.pdf\">Lektion 1<\/a><\/span><\/p>\n<p>&nbsp;<\/p>\n<p><strong>Lektion 2 &#8211; 13 september\u00a0<\/strong><\/p>\n<p>Anteckningar: <span style=\"color: #ff6600\"><a style=\"color: #ff6600\" href=\"http:\/\/blogg.folkuniversitetet.nu\/pasoad\/files\/2025\/09\/Lektion-2-13-september.pdf\">Lektion 2<\/a><\/span><\/p>\n<p>Alfabetet :<span style=\"color: #ff6600\"> <a style=\"color: #ff6600\" href=\"http:\/\/blogg.folkuniversitetet.nu\/pasoad\/files\/2025\/09\/Alfabetet-struktur-i-fragor.pdf\">Alfabetet &amp; struktur i fra\u030agor<\/a><\/span><\/p>\n<p>L\u00e4xa till n\u00e4sta l\u00f6rdag: Repetera dagens lektion och alfabetet. Textboken sida 22 &#8211; Lyssna p\u00e5 texten &#8221;fest&#8221;, \u00f6vers\u00e4tt nya ord och pausa f\u00f6r att repetera det du h\u00f6r. \u00d6vningsboken &#8211; sida 15, g\u00f6r \u00f6vning 1. Sida 23 &#8211; g\u00f6r \u00f6vning A och B.<\/p>\n<p>&nbsp;<\/p>\n<p><strong>Lektion 3 &#8211; 20 september<\/strong><\/p>\n<p>Anteckningar: <span style=\"color: #ff6600\"><a style=\"color: #ff6600\" href=\"http:\/\/blogg.folkuniversitetet.nu\/pasoad\/files\/2025\/09\/Lektion-3-20-september.pdf\">Lektion 3<\/a><\/span><\/p>\n<p>Film om hur man r\u00e4knar p\u00e5 svenska fr\u00e5n 0 till 100: <span style=\"color: #ff6600\"><a style=\"color: #ff6600\" href=\"https:\/\/youtu.be\/mlhjbelhswM?si=gdQ23w7cZKxTuLvY\">L\u00e4r dig r\u00e4kna fr\u00e5n 0 till 100. Learn how to count in Swedish.<\/a><\/span><\/p>\n<p>Att uttala vokalerna, bild:<span style=\"color: #ff6600\"> <a style=\"color: #ff6600\" href=\"http:\/\/blogg.folkuniversitetet.nu\/pasoad\/files\/2025\/09\/Hur-man-uttalar-vokalerna.pdf\">Hur man uttalar vokalerna<\/a><\/span><\/p>\n<p>L\u00e4xa till n\u00e4sta l\u00f6rdag: Repetera dagens lektion och siffrorna. Titta p\u00e5 youtube-filmen om hur man r\u00e4knar fr\u00e5n 0 till 100. \u00d6vningsboken &#8211; sida 19, g\u00f6r \u00f6vning 4. Sida 21, g\u00f6r \u00f6vning 6. Sida 38, g\u00f6r \u00f6vning 11.<\/p>\n<p>&nbsp;<\/p>\n<p><strong>Lektion 4 &#8211; 27 september\u00a0<\/strong><\/p>\n<p>Anteckningar: <span style=\"color: #ff6600\"><a style=\"color: #ff6600\" href=\"http:\/\/blogg.folkuniversitetet.nu\/pasoad\/files\/2025\/09\/Lektion-4-27-september.pdf\">Lektion 4<\/a><\/span><\/p>\n<p>L\u00e4xa till n\u00e4sta l\u00f6rdag: Repetera dagens lektion. Textboken sida 34 &#8211; Lyssna p\u00e5 &#8221;Renates dag&#8221; och tr\u00e4na p\u00e5 de nya orden. \u00d6vningsboken &#8211; sida 28, g\u00f6r \u00f6vning 4 och 5. Sida 30, g\u00f6r \u00f6vning B.<\/p>\n<p>Skriv en kort text om vad du brukar g\u00f6ra under en vanlig dag (3-4 rader). Anv\u00e4nd fr\u00e5gorna i textboken p\u00e5 sidan 36 och texten l\u00e4ngst ner p\u00e5 sidan 40 som hj\u00e4lp. Om du vill kan du mejla texten till mig senast fredag 3\/10 kl. 19:30.<\/p>\n<p>&nbsp;<\/p>\n<p><strong>Lektion 5 &#8211; 4 oktober\u00a0<\/strong><\/p>\n<p>Anteckningar: <span style=\"color: #ff6600\"><a style=\"color: #ff6600\" href=\"http:\/\/blogg.folkuniversitetet.nu\/pasoad\/files\/2025\/10\/Lektion-5-4-oktober-1.pdf\">Lektion 5<\/a><\/span><\/p>\n<p>L\u00e4xa till n\u00e4sta l\u00f6rdag: Repetera dagens lektion. Textboken sida 44 &#8211; Lyssna p\u00e5 &#8221;Handla och fika&#8221; och tr\u00e4na p\u00e5 de nya orden. L\u00e4s ocks\u00e5 tabellen i \u00f6vning D p\u00e5 sida 46. \u00d6vningsboken &#8211; sida 34, g\u00f6r \u00f6vning 8. Sida 35 och 36, g\u00f6r \u00f6vning 9A, 9B och 9C. Sida 44 och 45, g\u00f6r \u00f6vning 2A och 2B.<\/p>\n<p>Skriv en kort text om ditt favoritkaf\u00e9 (3-4 rader). Anv\u00e4nd fr\u00e5gorna i textboken p\u00e5 sidan 41 f\u00f6r inspiration. Om du vill kan du mejla texten till mig senast p\u00e5 fredag 10\/10 kl. 19.30.<\/p>\n<p>&nbsp;<\/p>\n<p><strong>Lektion 6 &#8211; 11 oktober\u00a0<\/strong><\/p>\n<p>Anteckningar:<span style=\"color: #ff6600\"> <a style=\"color: #ff6600\" href=\"http:\/\/blogg.folkuniversitetet.nu\/pasoad\/files\/2025\/10\/Lektion-6-11-oktober.pdf\">Lektion 6<\/a><\/span><\/p>\n<p>L\u00e4xa till n\u00e4sta l\u00f6rdag (sista lektion): Repetera dagens lektion och det vi har g\u00e5tt igenom under hela kursen. Textboken sida 51 &#8211; lyssna p\u00e5 \u00f6vning E. Lyssna ocks\u00e5 p\u00e5 texten &#8221;Ska vi g\u00e5 p\u00e5\u2026?&#8221; p\u00e5 sidan54 och l\u00e4s tabell D p\u00e5 sida 55. \u00d6vningsboken &#8211; sida 49, \u00f6vning 1A (titta p\u00e5 tabellen p\u00e5 sidan 48), sida 50, \u00f6vning 1C, sida 52, \u00f6vning 7 och 8 och sida 53, \u00f6vning 10A.<\/p>\n<p>&nbsp;<\/p>\n<p><strong>Lektion 7 &#8211; 18 oktober<\/strong><\/p>\n<p>Anteckningar: <span style=\"color: #ff6600\"><a style=\"color: #ff6600\" href=\"http:\/\/blogg.folkuniversitetet.nu\/pasoad\/files\/2025\/10\/Lektion-7-18-oktober.pdf\">Lektion 7<\/a><\/span><\/p>\n<p>Tack s\u00e5 mycket f\u00f6r denna kurs! Repetera g\u00e4rna allt vi har gjort fr\u00e5n kapitel 1 till 5 innan ni b\u00f6rjar med n\u00e4sta delkurs. P\u00e5 Natur&amp;Kultur finns det ocks\u00e5 fler \u00f6vningar som du kan g\u00f6ra om du vill \u00f6va mer. Det var j\u00e4tteroligt att l\u00e4ra k\u00e4nna alla och lycka till med era framtida studier och allt annat \ud83d\ude0a\ud83d\udc4b.<\/p>\n","protected":false},"excerpt":{"rendered":"<p>Lektion 1 &#8211; 6 september Anteckningar: Lektion 1 &nbsp; Lektion 2 &#8211; 13 september\u00a0 Anteckningar: Lektion 2 Alfabetet : Alfabetet &amp; struktur i fra\u030agor L\u00e4xa till n\u00e4sta l\u00f6rdag: Repetera dagens lektion och alfabetet. Textboken sida 22 &#8211; Lyssna p\u00e5 texten &#8221;fest&#8221;, \u00f6vers\u00e4tt nya ord och pausa f\u00f6r att repetera det du h\u00f6r. \u00d6vningsboken &#8211; sida [&hellip;]<\/p>\n","protected":false},"author":971,"featured_media":0,"parent":0,"menu_order":0,"comment_status":"closed","ping_status":"closed","template":"","meta":{"footnotes":""},"class_list":["post-50","page","type-page","status-publish","hentry","post-preview"],"_links":{"self":[{"href":"https:\/\/blogg.folkuniversitetet.nu\/pasoad\/wp-json\/wp\/v2\/pages\/50","targetHints":{"allow":["GET"]}}],"collection":[{"href":"https:\/\/blogg.folkuniversitetet.nu\/pasoad\/wp-json\/wp\/v2\/pages"}],"about":[{"href":"https:\/\/blogg.folkuniversitetet.nu\/pasoad\/wp-json\/wp\/v2\/types\/page"}],"author":[{"embeddable":true,"href":"https:\/\/blogg.folkuniversitetet.nu\/pasoad\/wp-json\/wp\/v2\/users\/971"}],"replies":[{"embeddable":true,"href":"https:\/\/blogg.folkuniversitetet.nu\/pasoad\/wp-json\/wp\/v2\/comments?post=50"}],"version-history":[{"count":14,"href":"https:\/\/blogg.folkuniversitetet.nu\/pasoad\/wp-json\/wp\/v2\/pages\/50\/revisions"}],"predecessor-version":[{"id":131,"href":"https:\/\/blogg.folkuniversitetet.nu\/pasoad\/wp-json\/wp\/v2\/pages\/50\/revisions\/131"}],"wp:attachment":[{"href":"https:\/\/blogg.folkuniversitetet.nu\/pasoad\/wp-json\/wp\/v2\/media?parent=50"}],"curies":[{"name":"wp","href":"https:\/\/api.w.org\/{rel}","templated":true}]}}