{"id":119,"date":"2026-01-17T14:43:12","date_gmt":"2026-01-17T13:43:12","guid":{"rendered":"https:\/\/blogg.folkuniversitetet.nu\/pasoad\/?page_id=119"},"modified":"2026-02-28T15:52:31","modified_gmt":"2026-02-28T14:52:31","slug":"a1-del-1-lordagar-start-17-jan","status":"publish","type":"page","link":"https:\/\/blogg.folkuniversitetet.nu\/pasoad\/a1-del-1-lordagar-start-17-jan\/","title":{"rendered":"A1 del 1 &#8211; l\u00f6rdagar start 17 jan"},"content":{"rendered":"<p>&nbsp;<\/p>\n<p><strong>Lektion 7 &#8211; 28 februari<\/strong><\/p>\n<p>Anteckningar:<span style=\"color: #ff6600\"> <a style=\"color: #ff6600\" href=\"https:\/\/drive.google.com\/file\/d\/1O_4dDQ1kJdFbHvGCuhjpI_-oCbx0fJmi\/view?usp=sharing\">Lektion 7<\/a><\/span><\/p>\n<p>Tack s\u00e5 j\u00e4ttemycket f\u00f6r denna kurs! Repetera g\u00e4rna allt vi gjorde fr\u00e5n kapitel 1-5 innan vi b\u00f6rjar med A1 del 2. P\u00e5 Natur&amp;Kultur finns det ocks\u00e5 fler \u00f6vningar som ni kan g\u00f6ra om ni vill \u00f6va mer. Det var j\u00e4tteroligt att l\u00e4ra k\u00e4nna alla och vi ses p\u00e5 n\u00e4sta delkurs! \ud83d\ude0a\ud83d\udc4b\ud83c\udf38<\/p>\n<p><strong><em>\u00d6vningar som vi inte kan g\u00e5 igenom tillsammans:<\/em>\u00a0<\/strong>\u00d6B &#8211; s.60, \u00f6vning 3. S.63, \u00f6vning 5A. S.68-70, \u00f6vning 9A, 9B &amp; 9C.<\/p>\n<p><strong><em>Facit (answer key) till \u00f6vningarna ovan: <\/em><\/strong><span style=\"color: #ff6600\"><a style=\"color: #ff6600\" href=\"http:\/\/blogg.folkuniversitetet.nu\/pasoad\/files\/2026\/02\/Facit-1.pdf\">Facit<\/a><\/span><\/p>\n<p>&nbsp;<\/p>\n<p><strong>Lektion 6 &#8211; 21 februari<\/strong><\/p>\n<p>Anteckningar: <span style=\"color: #ff6600\"><a style=\"color: #ff6600\" href=\"https:\/\/drive.google.com\/file\/d\/1udh0T8G-bqmwC7DO1mCfSXiSFiNvJSwd\/view?usp=sharing\">Lektion 6<\/a><\/span><\/p>\n<p>Stort tack f\u00f6r dagens lektion! Vi ses p\u00e5 kursens sista lektion n\u00e4sta vecka!<\/p>\n<p><em><strong>L\u00e4xa till n\u00e4sta g\u00e5ng:\u00a0<\/strong><\/em>Repetera dagens lektion. TB &#8211; G\u00f6r \u00f6vning C, s.50. \u00d6B &#8211; s. 49, \u00f6vning 1A (titta p\u00e5 tabellen p\u00e5 s.48). S. 52, \u00f6vning 8. S.53-54, \u00f6vning 10 A, B, C.<\/p>\n<p>&nbsp;<\/p>\n<p><strong>Lektion 5 -14 februari<\/strong><\/p>\n<p>Anteckningar: <span style=\"color: #ff6600\"><a style=\"color: #ff6600\" href=\"http:\/\/blogg.folkuniversitetet.nu\/pasoad\/files\/2026\/02\/Lektion-5-14-februari.pdf\">Lektion 5 <\/a><\/span><\/p>\n<p>Tack f\u00f6r idag! Vi ses n\u00e4sta l\u00f6rdag!<\/p>\n<p><strong><em>L\u00e4xa till n\u00e4sta g\u00e5ng:<\/em><\/strong><em>\u00a0<\/em>Repetera dagens lektion. TB &#8211; Lyssna p\u00e5 &#8221;Handla och fika&#8221; p\u00e5 sida 44. \u00d6B &#8211; s. 34, \u00f6vning 8. S.35-36, \u00f6vning 9A, 9B och 9C. S.44-45, \u00f6vning 2A, 2B och 2C.<\/p>\n<p><strong><em>Extra l\u00e4xa f\u00f6r den som vill:\u00a0<\/em><\/strong>Skriv en kort text om ditt favoritkaf\u00e9 (tre till fyra rader). Anv\u00e4nd fr\u00e5gorna i textboken p\u00e5 sidan 41 f\u00f6r inspiration. Om du vill kan du mejla texten till mig senast p\u00e5 fredag 20 februari kl 19.30.<\/p>\n<p>&nbsp;<\/p>\n<p><strong>Lektion 4 &#8211; 7 februari\u00a0<\/strong><\/p>\n<p>Anteckningar:<span style=\"color: #ff6600\"> <a style=\"color: #ff6600\" href=\"https:\/\/drive.google.com\/file\/d\/1J6d3-FUDuDpEaP97YC54dL5mD89lrdl9\/view?usp=sharing\">Lektion 4<\/a><\/span><\/p>\n<p>Tack s\u00e5 mycket f\u00f6r dagens lektion! Ni \u00e4r helt otroliga!<\/p>\n<p><strong><em>L\u00e4xa till n\u00e4sta g\u00e5ng:<\/em> <\/strong> Repetera dagens lektion. TB &#8211; Lyssna p\u00e5 &#8221;Renates dag&#8221; p\u00e5 s. 34. Tr\u00e4na p\u00e5 de nya orden. \u00d6B &#8211; s. 17 och 18, \u00f6vning 3A och 3B. S.28, \u00f6vning 4 och 5. S.29 -31, \u00f6vning 6A, 6B och 6C.<\/p>\n<p><strong><em>Extra l\u00e4xa f\u00f6r den som vill<\/em>:<\/strong> Skriv en kort text (fyra till fem rader) om vad du brukar g\u00f6ra under en vanlig dag. Anv\u00e4nd fr\u00e5gorna i textboken p\u00e5 sidan 36 och texten l\u00e4ngst ner p\u00e5 sida 40 som hj\u00e4lp. Mejla texten till mig om du vill att jag ska l\u00e4sa den senast p\u00e5 fredag 13 februari kl. 19:30.<\/p>\n<p><span style=\"color: #ff6600\"><strong>(F\u00f6r de som inte kunde komma p\u00e5 lektionen: Vi arbetade med textboken fr\u00e5n sida 30 till sida 33).\u00a0<\/strong><\/span><\/p>\n<p>&nbsp;<\/p>\n<p><strong>Lektion 3 &#8211; 31 januari<\/strong><\/p>\n<p>Anteckningar: <span style=\"color: #ff6600\"><a style=\"color: #ff6600\" href=\"http:\/\/blogg.folkuniversitetet.nu\/pasoad\/files\/2026\/01\/Lektion-3-31-januari.pdf\">Lektion 3<\/a><\/span><\/p>\n<p>Tack f\u00f6r idag! Siffror och substantiv kan vara utmanande men alla gjorde ett fantastiskt jobb!<\/p>\n<p>Film om hur man r\u00e4knar p\u00e5 svenska fr\u00e5n 0 till 100:\u00a0<span style=\"color: #ff6600\"><a style=\"color: #ff6600\" href=\"https:\/\/youtu.be\/mlhjbelhswM?si=gdQ23w7cZKxTuLvY\">L\u00e4r dig r\u00e4kna fr\u00e5n 0 till 100. Learn how to count in Swedish.<\/a>\u00a0<\/span><\/p>\n<p><strong><em>L\u00e4xa till n\u00e4sta g\u00e5ng:\u00a0<\/em><\/strong>\u00d6vningsboken &#8211; Sida 19, \u00f6vning 4. Sida 21, \u00f6vning 6. Sida 33, \u00f6vning 7B (titta p\u00e5 tabellen p\u00e5 sidan 32). Sida 38, \u00f6vning 11.<\/p>\n<p>&nbsp;<\/p>\n<p><strong>Lektion 2 &#8211; 24 januari\u00a0<\/strong><\/p>\n<p>Anteckningar: <span style=\"color: #ff6600\"><a style=\"color: #ff6600\" href=\"http:\/\/blogg.folkuniversitetet.nu\/pasoad\/files\/2026\/01\/Lektion-2-24-januari.pdf\">Lektion 2<\/a><\/span><\/p>\n<p>Tack f\u00f6r idag och bra jobbat allihopa!<\/p>\n<p><em><strong>L\u00e4xa till n\u00e4stas g\u00e5ng:\u00a0<\/strong><\/em>Textboken sida 22 &#8211; Lyssna p\u00e5 texten &#8221;Fest&#8221;, \u00f6vers\u00e4tt nya ord. \u00d6vningsboken &#8211; G\u00f6r \u00f6vning 1 p\u00e5 sidan 15 och 8a &amp; 8b p\u00e5 sidan 23<\/p>\n<p>&nbsp;<\/p>\n<p><strong>Lektion 1 &#8211; 17 januari <\/strong><\/p>\n<p>Anteckningar: <span style=\"color: #ff6600\"><a style=\"color: #ff6600\" href=\"https:\/\/drive.google.com\/file\/d\/1B5bbPU2SPu5as42xAPOCEIFhUzBVuRX9\/view?usp=sharing\">Lektion 1<\/a><\/span><\/p>\n<p>Alfabetet: <span style=\"color: #ff6600\"><a style=\"color: #ff6600\" href=\"http:\/\/blogg.folkuniversitetet.nu\/pasoad\/files\/2026\/01\/Alfabetet-1.pdf\">Konsonanter + vokaler<\/a><\/span><\/p>\n<p>Tack s\u00e5 mycket f\u00f6r idag! Det var s\u00e5 kul att tr\u00e4ffa er, vi ses n\u00e4sta l\u00f6rdag \ud83d\ude0a\ud83c\udf39<\/p>\n<p><em><strong>L\u00e4xa till n\u00e4sta g\u00e5ng:<\/strong><\/em> Textboken sida 14 \u2013 Lyssna p\u00e5 texten \u201dP\u00e5 kurs \u2013 gift, sambo eller singel?\u201d. \u00d6vningsboken \u2013 G\u00f6r \u00f6vningarna p\u00e5 sidan 7, 8, 9 och 10.<\/p>\n<p>&nbsp;<\/p>\n","protected":false},"excerpt":{"rendered":"<p>&nbsp; Lektion 7 &#8211; 28 februari Anteckningar: Lektion 7 Tack s\u00e5 j\u00e4ttemycket f\u00f6r denna kurs! Repetera g\u00e4rna allt vi gjorde fr\u00e5n kapitel 1-5 innan vi b\u00f6rjar med A1 del 2. P\u00e5 Natur&amp;Kultur finns det ocks\u00e5 fler \u00f6vningar som ni kan g\u00f6ra om ni vill \u00f6va mer. Det var j\u00e4tteroligt att l\u00e4ra k\u00e4nna alla och vi [&hellip;]<\/p>\n","protected":false},"author":971,"featured_media":0,"parent":0,"menu_order":0,"comment_status":"closed","ping_status":"closed","template":"","meta":{"footnotes":""},"class_list":["post-119","page","type-page","status-publish","hentry","post-preview"],"_links":{"self":[{"href":"https:\/\/blogg.folkuniversitetet.nu\/pasoad\/wp-json\/wp\/v2\/pages\/119","targetHints":{"allow":["GET"]}}],"collection":[{"href":"https:\/\/blogg.folkuniversitetet.nu\/pasoad\/wp-json\/wp\/v2\/pages"}],"about":[{"href":"https:\/\/blogg.folkuniversitetet.nu\/pasoad\/wp-json\/wp\/v2\/types\/page"}],"author":[{"embeddable":true,"href":"https:\/\/blogg.folkuniversitetet.nu\/pasoad\/wp-json\/wp\/v2\/users\/971"}],"replies":[{"embeddable":true,"href":"https:\/\/blogg.folkuniversitetet.nu\/pasoad\/wp-json\/wp\/v2\/comments?post=119"}],"version-history":[{"count":11,"href":"https:\/\/blogg.folkuniversitetet.nu\/pasoad\/wp-json\/wp\/v2\/pages\/119\/revisions"}],"predecessor-version":[{"id":146,"href":"https:\/\/blogg.folkuniversitetet.nu\/pasoad\/wp-json\/wp\/v2\/pages\/119\/revisions\/146"}],"wp:attachment":[{"href":"https:\/\/blogg.folkuniversitetet.nu\/pasoad\/wp-json\/wp\/v2\/media?parent=119"}],"curies":[{"name":"wp","href":"https:\/\/api.w.org\/{rel}","templated":true}]}}