{"id":163,"date":"2026-03-31T11:34:12","date_gmt":"2026-03-31T10:34:12","guid":{"rendered":"https:\/\/blogg.folkuniversitetet.nu\/ohlsje\/?page_id=163"},"modified":"2026-04-16T13:25:57","modified_gmt":"2026-04-16T12:25:57","slug":"svenska-a1-del-2-start-13-april","status":"publish","type":"page","link":"https:\/\/blogg.folkuniversitetet.nu\/ohlsje\/svenska-a1-del-2-start-13-april\/","title":{"rendered":"Svenska A1 del 2 start 13 april"},"content":{"rendered":"<h4><strong>Lektion 1<\/strong><\/h4>\n<h4><strong>M\u00e5ndag 13 april<\/strong><\/h4>\n<p><a href=\"http:\/\/blogg.folkuniversitetet.nu\/ohlsje\/files\/2026\/04\/Anteckning-13-apr.-2026-2.pdf\">Anteckning 13 apr. 2026-2<\/a><\/p>\n<p><strong><span style=\"color: #008000\">Vi kom fram till och med (including) objektspronomen sid. 69. i kapitel 6.<\/span><\/strong><\/p>\n<p><strong><span style=\"color: #008000\">L\u00e4xa:<\/span><\/strong><\/p>\n<p><span style=\"color: #008000\"><strong>TB: Lyssna och l\u00e4s texten p\u00e5 sid 70. <\/strong><\/span><\/p>\n<p><span style=\"color: #008000\"><strong>Det \u00e4r en l\u00e5ng text. H\u00e4r \u00e4r n\u00e5gra tips (some tips): <\/strong><\/span><br \/>\n<span style=\"color: #008000\"><strong>Lyssna p\u00e5 texten tv\u00e5 g\u00e5nger utan paus (twice without stopping). L\u00e4s texten och v\u00e4lj (choose) 5\u201310 ord att sl\u00e5 upp (to look up). L\u00e4s igen och v\u00e4lj nya ord (new words). Lyssna sedan flera g\u00e5nger (several times) utan att titta (without looking)i boken.<\/strong><\/span><br \/>\n<span style=\"color: #008000\"><strong>Ni hittar ljudfilen p\u00e5 nok.se<\/strong><\/span><\/p>\n<p><span style=\"color: #008000\"><strong>\u00d6B: sid 73 \u2013 77 (inte 4 Adjektiv efter verb)<\/strong><\/span><\/p>\n<p><span style=\"color: #008000\"><strong>Extra (om man vill): nok.se\/\u00f6vningar\/grammatik\/possessiva pronomen, objektspronomen 1 + 2<\/strong><\/span><\/p>\n","protected":false},"excerpt":{"rendered":"<p>Lektion 1 M\u00e5ndag 13 april Anteckning 13 apr. 2026-2 Vi kom fram till och med (including) objektspronomen sid. 69. i kapitel 6. L\u00e4xa: TB: Lyssna och l\u00e4s texten p\u00e5 sid 70. Det \u00e4r en l\u00e5ng text. H\u00e4r \u00e4r n\u00e5gra tips (some tips): Lyssna p\u00e5 texten tv\u00e5 g\u00e5nger utan paus (twice without stopping). L\u00e4s texten och [&hellip;]<\/p>\n","protected":false},"author":984,"featured_media":0,"parent":0,"menu_order":0,"comment_status":"closed","ping_status":"closed","template":"","meta":{"footnotes":""},"class_list":["post-163","page","type-page","status-publish","hentry","post-preview"],"_links":{"self":[{"href":"https:\/\/blogg.folkuniversitetet.nu\/ohlsje\/wp-json\/wp\/v2\/pages\/163","targetHints":{"allow":["GET"]}}],"collection":[{"href":"https:\/\/blogg.folkuniversitetet.nu\/ohlsje\/wp-json\/wp\/v2\/pages"}],"about":[{"href":"https:\/\/blogg.folkuniversitetet.nu\/ohlsje\/wp-json\/wp\/v2\/types\/page"}],"author":[{"embeddable":true,"href":"https:\/\/blogg.folkuniversitetet.nu\/ohlsje\/wp-json\/wp\/v2\/users\/984"}],"replies":[{"embeddable":true,"href":"https:\/\/blogg.folkuniversitetet.nu\/ohlsje\/wp-json\/wp\/v2\/comments?post=163"}],"version-history":[{"count":3,"href":"https:\/\/blogg.folkuniversitetet.nu\/ohlsje\/wp-json\/wp\/v2\/pages\/163\/revisions"}],"predecessor-version":[{"id":172,"href":"https:\/\/blogg.folkuniversitetet.nu\/ohlsje\/wp-json\/wp\/v2\/pages\/163\/revisions\/172"}],"wp:attachment":[{"href":"https:\/\/blogg.folkuniversitetet.nu\/ohlsje\/wp-json\/wp\/v2\/media?parent=163"}],"curies":[{"name":"wp","href":"https:\/\/api.w.org\/{rel}","templated":true}]}}