{"id":103,"date":"2026-02-25T13:49:42","date_gmt":"2026-02-25T12:49:42","guid":{"rendered":"https:\/\/blogg.folkuniversitetet.nu\/ohlsje\/?page_id=103"},"modified":"2026-03-31T11:32:18","modified_gmt":"2026-03-31T10:32:18","slug":"svenska-a1-del-1-start-24-feb","status":"publish","type":"page","link":"https:\/\/blogg.folkuniversitetet.nu\/ohlsje\/svenska-a1-del-1-start-24-feb\/","title":{"rendered":"Svenska A1 del 1 Start 24 feb"},"content":{"rendered":"<h4><strong>Lektion 1<\/strong><\/h4>\n<h4><strong>Tisdag 24 feb<\/strong><\/h4>\n<h5>Hej!<\/h5>\n<h5><span style=\"color: #008000\">L\u00e4xa (homework) till torsdag (Thursday):\u00a0<\/span><\/h5>\n<h5><span style=\"color: #008000\">\u00d6vningsboken sid. 6 &#8211; 9<\/span><\/h5>\n<h5><span style=\"color: #008000\">Extra sid. 11, ex 8.<\/span><\/h5>\n<p>&nbsp;<\/p>\n<h4>Lektion 2<\/h4>\n<h4>Torsdag 26 feb<\/h4>\n<p><strong><span style=\"color: #008000\">L\u00e4xa (homework) till tisdag:<\/span><\/strong><\/p>\n<p><strong><span style=\"color: #008000\">Textboken: L\u00e4s och lyssna till texterna 1, 2, and 4 p\u00e5 sid. 18, 20\u201321 och 23.<\/span><\/strong><\/p>\n<p><strong><span style=\"color: #008000\">\u00d6vningsboken: Sid. 9\u201314.<\/span><\/strong><\/p>\n<p><strong><span style=\"color: #008000\">Extra uppgift (task): Lyssna till \u00a06 Alfabetet p\u00e5 sid. 17 och \u00f6va p\u00e5 att stava ditt namn.\u00a0<\/span><\/strong><\/p>\n<p>&nbsp;<\/p>\n<h4>Lektion 3<\/h4>\n<h4>Tisdag 3 mars<\/h4>\n<p><a href=\"http:\/\/blogg.folkuniversitetet.nu\/ohlsje\/files\/2026\/03\/Anteckning-3-mars-2026.pdf\">Anteckning 3 mars 2026<\/a><\/p>\n<p><span style=\"color: #008000\"><strong>L\u00e4xa: \u00a0<\/strong><\/span><\/p>\n<p><span style=\"color: #008000\"><strong>L\u00e4s och lyssna p\u00e5 3. Fest p\u00e5 sidan 22 &#8211; 23 i textboken.<\/strong><\/span><\/p>\n<p><span style=\"color: #008000\"><strong>\u00d6vningar sid. 19 &#8211; 23 i \u00f6vningsboken.<\/strong><\/span><\/p>\n<p>&nbsp;<\/p>\n<h4>Lektion 4<\/h4>\n<h4>Torsdag 5 mars<\/h4>\n<p><a href=\"http:\/\/blogg.folkuniversitetet.nu\/ohlsje\/files\/2026\/03\/Anteckning-5-mars-2026.pdf\">Anteckning 5 mars 2026<\/a><\/p>\n<p><span style=\"color: #008000\"><strong>L\u00e4xa:<\/strong><\/span><\/p>\n<p><span style=\"color: #008000\"><strong>Skriv en text om dig sj\u00e4lv. Anv\u00e4nd texten och fr\u00e5gorna p\u00e5 sid. 26 i textboken som inspiration.<\/strong><\/span><\/p>\n<p><span style=\"color: #008000\"><strong>Textboken: Read and listen (l\u00e4s och lyssna) 3A p\u00e5 sid. 30 och sid. 33 \u201cN\u00e4r \u00e4r det fika?\u201d<\/strong><\/span><\/p>\n<p><span style=\"color: #008000\"><strong>\u00d6vningsboken: sidorna (pages) 24\u201327.<\/strong><\/span><\/p>\n<p>&nbsp;<\/p>\n<h4>Lektion 6<\/h4>\n<h4>Torsdag 12 mars<\/h4>\n<p><a href=\"http:\/\/blogg.folkuniversitetet.nu\/ohlsje\/files\/2026\/03\/Anteckning-12-mars-2026.pdf\">Anteckning 12 mars 2026<\/a><\/p>\n<p><strong><span style=\"color: #008000\">L\u00e4xa:<\/span><\/strong><\/p>\n<p><strong><span style=\"color: #008000\">Textboken: Lyssna och l\u00e4s 1. Favoritfiket p\u00e5 sid. 41<\/span><\/strong><br \/>\n<strong><span style=\"color: #008000\">\u00d6vningsboken: sid. 32-39<\/span><\/strong><\/p>\n<p><strong><span style=\"color: #008000\">Extra om man vill, sid. 40-41.<\/span><\/strong><\/p>\n<p>&nbsp;<\/p>\n<h4>Lektion 7<\/h4>\n<h4>Tisdag 17 mars<\/h4>\n<p><span style=\"color: #008000\">L\u00e4xa:<\/span><\/p>\n<div dir=\"ltr\" role=\"presentation\" data-olk-copy-source=\"MessageBody\"><span style=\"color: #008000\">TB: L\u00e4s s. 49<\/span><\/div>\n<div dir=\"ltr\" role=\"presentation\" data-olk-copy-source=\"MessageBody\"><span style=\"color: #008000\">\u00d6B: s. 42-46<\/span><\/div>\n<h4><\/h4>\n<h4>Lektion 8<\/h4>\n<h4>Torsdag 19 mars<\/h4>\n<p><a href=\"http:\/\/blogg.folkuniversitetet.nu\/ohlsje\/files\/2026\/03\/Anteckning-19-mars-2026.pdf\">Anteckning 19 mars 2026<\/a><\/p>\n<p><a href=\"http:\/\/blogg.folkuniversitetet.nu\/ohlsje\/files\/2026\/03\/Langa-vokalljud.pdf\">L\u00e5nga vokalljud<\/a><\/p>\n<p><span style=\"color: #008000\"><strong>L\u00e4xa:<\/strong><\/span><\/p>\n<p><span style=\"color: #008000\"><strong>TB: Lyssna p\u00e5 E sid. 51 och F sid. 35<\/strong><\/span><br \/>\n<span style=\"color: #008000\"><strong>Komplettera F.<\/strong><\/span><br \/>\n<span style=\"color: #008000\"><strong>Om ni hinner: Lyssna p\u00e5 sid. 54<\/strong><\/span><\/p>\n<p><span style=\"color: #008000\"><strong>\u00d6B: sid. 47 -54<\/strong><\/span><\/p>\n<h4><\/h4>\n<h4>Lektion 10<\/h4>\n<h4>Torsdag 26 mars<\/h4>\n<p><strong><span style=\"color: #008000\">L\u00e4s om adjektiv och preteritum i kapitel 5.<\/span><\/strong><\/p>\n<p><strong><span style=\"color: #008000\">(For those of you continuing with part 2 who weren\u2019t there on Thursday: study adjectives and the past tense in chapter 5).<\/span><\/strong><\/p>\n<p><strong><span style=\"color: #008000\">Tips: titta p\u00e5 svenska TV-serier t. ex Love is blind.<\/span><\/strong><\/p>\n<p><span style=\"color: #008000\"><strong>Hitta tillf\u00e4llen (find opportunities) att prata svenska.<\/strong><\/span><\/p>\n<p><span style=\"color: #008000\"><strong>L\u00e4xa:<\/strong><\/span><br \/>\n<span style=\"color: #008000\"><strong>\u00d6B: sid. 57 &#8211; 70<\/strong><\/span><br \/>\n<span style=\"color: #008000\"><strong>Extra: sid. 71 &#8211; 72<\/strong><\/span><\/p>\n<p><span style=\"color: #008000\"><strong>Repetera kapitel 1-5 i TB sid 14, 24-25, 40, 55-56 och 71-72.<\/strong><\/span><\/p>\n","protected":false},"excerpt":{"rendered":"<p>Lektion 1 Tisdag 24 feb Hej! L\u00e4xa (homework) till torsdag (Thursday):\u00a0 \u00d6vningsboken sid. 6 &#8211; 9 Extra sid. 11, ex 8. &nbsp; Lektion 2 Torsdag 26 feb L\u00e4xa (homework) till tisdag: Textboken: L\u00e4s och lyssna till texterna 1, 2, and 4 p\u00e5 sid. 18, 20\u201321 och 23. \u00d6vningsboken: Sid. 9\u201314. Extra uppgift (task): Lyssna till [&hellip;]<\/p>\n","protected":false},"author":984,"featured_media":0,"parent":0,"menu_order":0,"comment_status":"closed","ping_status":"closed","template":"","meta":{"footnotes":""},"class_list":["post-103","page","type-page","status-publish","hentry","post-preview"],"_links":{"self":[{"href":"https:\/\/blogg.folkuniversitetet.nu\/ohlsje\/wp-json\/wp\/v2\/pages\/103","targetHints":{"allow":["GET"]}}],"collection":[{"href":"https:\/\/blogg.folkuniversitetet.nu\/ohlsje\/wp-json\/wp\/v2\/pages"}],"about":[{"href":"https:\/\/blogg.folkuniversitetet.nu\/ohlsje\/wp-json\/wp\/v2\/types\/page"}],"author":[{"embeddable":true,"href":"https:\/\/blogg.folkuniversitetet.nu\/ohlsje\/wp-json\/wp\/v2\/users\/984"}],"replies":[{"embeddable":true,"href":"https:\/\/blogg.folkuniversitetet.nu\/ohlsje\/wp-json\/wp\/v2\/comments?post=103"}],"version-history":[{"count":13,"href":"https:\/\/blogg.folkuniversitetet.nu\/ohlsje\/wp-json\/wp\/v2\/pages\/103\/revisions"}],"predecessor-version":[{"id":161,"href":"https:\/\/blogg.folkuniversitetet.nu\/ohlsje\/wp-json\/wp\/v2\/pages\/103\/revisions\/161"}],"wp:attachment":[{"href":"https:\/\/blogg.folkuniversitetet.nu\/ohlsje\/wp-json\/wp\/v2\/media?parent=103"}],"curies":[{"name":"wp","href":"https:\/\/api.w.org\/{rel}","templated":true}]}}