{"id":60,"date":"2017-01-14T09:27:28","date_gmt":"2017-01-14T08:27:28","guid":{"rendered":"http:\/\/blogg.folkuniversitetet.nu\/nordca\/?page_id=60"},"modified":"2017-01-14T16:55:59","modified_gmt":"2017-01-14T15:55:59","slug":"vem-ar-lararen","status":"publish","type":"page","link":"https:\/\/blogg.folkuniversitetet.nu\/nordca\/vem-ar-lararen\/","title":{"rendered":"Vem \u00e4r l\u00e4raren?"},"content":{"rendered":"<p>Jag heter Carolina Nordwall och \u00e4r l\u00e4rare i svenska som fr\u00e4mmande spr\u00e5k p\u00e5 Folkuniversitetet. Jag \u00e4r ocks\u00e5 \u00f6vers\u00e4ttare, lingvist och spr\u00e5kn\u00f6rd. Mina specialintressen \u00e4r uttal, grammatik och bra texter.<\/p>\n<p>Jag bor p\u00e5 Liding\u00f6 utanf\u00f6r Stockholm och har en dotter som \u00e4r nio \u00e5r. Du ser en liten del av\u00a0Liding\u00f6 p\u00e5 bilden h\u00e4r.<a href=\"http:\/\/blogg.folkuniversitetet.nu\/nordca\/files\/2017\/01\/Foresta_Lidingo_05_2007_150dpi.jpg\"><img loading=\"lazy\" decoding=\"async\" class=\"wp-image-75 size-medium aligncenter\" src=\"http:\/\/blogg.folkuniversitetet.nu\/nordca\/files\/2017\/01\/Foresta_Lidingo_05_2007_150dpi-300x199.jpg\" width=\"300\" height=\"199\" srcset=\"https:\/\/blogg.folkuniversitetet.nu\/nordca\/files\/2017\/01\/Foresta_Lidingo_05_2007_150dpi-300x199.jpg 300w, https:\/\/blogg.folkuniversitetet.nu\/nordca\/files\/2017\/01\/Foresta_Lidingo_05_2007_150dpi-768x510.jpg 768w, https:\/\/blogg.folkuniversitetet.nu\/nordca\/files\/2017\/01\/Foresta_Lidingo_05_2007_150dpi-1024x680.jpg 1024w, https:\/\/blogg.folkuniversitetet.nu\/nordca\/files\/2017\/01\/Foresta_Lidingo_05_2007_150dpi.jpg 1129w\" sizes=\"auto, (max-width: 300px) 100vw, 300px\" \/><\/a><\/p>\n<p>Om vi tr\u00e4ffas p\u00e5 stan en l\u00f6rdag,\u00a0\u00e4r jag\u00a0nog p\u00e5 v\u00e4g till ett bibliotek, ett museum\u00a0eller en teaterf\u00f6rest\u00e4llning. N\u00e4r jag kommer hem, dricker jag m\u00e5nga koppar kaffe, pysslar med min dotter, syr kl\u00e4der\u00a0och l\u00e4ser b\u00f6cker. Jag tycker mycket om att l\u00e4sa romaner p\u00e5 tyska, franska eller engelska.<\/p>\n<p>Nu vet du lite om mig. Jag hoppas f\u00e5 l\u00e4ra k\u00e4nna dig ocks\u00e5 n\u00e4r vi ses p\u00e5 kursen!<\/p>\n<p>&nbsp;<\/p>\n<p>&nbsp;<\/p>\n","protected":false},"excerpt":{"rendered":"<p>Jag heter Carolina Nordwall och \u00e4r l\u00e4rare i svenska som fr\u00e4mmande spr\u00e5k p\u00e5 Folkuniversitetet. Jag \u00e4r ocks\u00e5 \u00f6vers\u00e4ttare, lingvist och spr\u00e5kn\u00f6rd. Mina specialintressen \u00e4r uttal, grammatik och bra texter. Jag bor p\u00e5 Liding\u00f6 utanf\u00f6r Stockholm och har en dotter som \u00e4r nio \u00e5r. Du ser en liten del av\u00a0Liding\u00f6 p\u00e5 bilden h\u00e4r. Om vi tr\u00e4ffas &hellip; <a href=\"https:\/\/blogg.folkuniversitetet.nu\/nordca\/vem-ar-lararen\/\" class=\"more-link\">Forts\u00e4tt l\u00e4sa <span class=\"screen-reader-text\">Vem \u00e4r l\u00e4raren?<\/span> <span class=\"meta-nav\">&rarr;<\/span><\/a><\/p>\n","protected":false},"author":608,"featured_media":0,"parent":0,"menu_order":0,"comment_status":"closed","ping_status":"closed","template":"","meta":{"footnotes":""},"class_list":["post-60","page","type-page","status-publish","hentry"],"_links":{"self":[{"href":"https:\/\/blogg.folkuniversitetet.nu\/nordca\/wp-json\/wp\/v2\/pages\/60","targetHints":{"allow":["GET"]}}],"collection":[{"href":"https:\/\/blogg.folkuniversitetet.nu\/nordca\/wp-json\/wp\/v2\/pages"}],"about":[{"href":"https:\/\/blogg.folkuniversitetet.nu\/nordca\/wp-json\/wp\/v2\/types\/page"}],"author":[{"embeddable":true,"href":"https:\/\/blogg.folkuniversitetet.nu\/nordca\/wp-json\/wp\/v2\/users\/608"}],"replies":[{"embeddable":true,"href":"https:\/\/blogg.folkuniversitetet.nu\/nordca\/wp-json\/wp\/v2\/comments?post=60"}],"version-history":[{"count":8,"href":"https:\/\/blogg.folkuniversitetet.nu\/nordca\/wp-json\/wp\/v2\/pages\/60\/revisions"}],"predecessor-version":[{"id":79,"href":"https:\/\/blogg.folkuniversitetet.nu\/nordca\/wp-json\/wp\/v2\/pages\/60\/revisions\/79"}],"wp:attachment":[{"href":"https:\/\/blogg.folkuniversitetet.nu\/nordca\/wp-json\/wp\/v2\/media?parent=60"}],"curies":[{"name":"wp","href":"https:\/\/api.w.org\/{rel}","templated":true}]}}