{"id":5277,"date":"2022-02-22T18:33:58","date_gmt":"2022-02-22T17:33:58","guid":{"rendered":"https:\/\/blogg.folkuniversitetet.nu\/nordca\/?page_id=5277"},"modified":"2022-02-22T18:40:13","modified_gmt":"2022-02-22T17:40:13","slug":"ordkort-a1-a2","status":"publish","type":"page","link":"https:\/\/blogg.folkuniversitetet.nu\/nordca\/ordkort-a1-a2\/","title":{"rendered":"Ordkort A1\/A2"},"content":{"rendered":"<p>H\u00e4r hittar du ordkort till Rivstart A1\/A2. Ha s\u00e5 kul!<\/p>\n<p><a href=\"https:\/\/www.goconqr.com\/en\/flashcard\/35585100\/datatermer\">H\u00e4r kan du tr\u00e4na p\u00e5 datatermer! (l\u00e4nk)<\/a><\/p>\n","protected":false},"excerpt":{"rendered":"<p>H\u00e4r hittar du ordkort till Rivstart A1\/A2. Ha s\u00e5 kul! H\u00e4r kan du tr\u00e4na p\u00e5 datatermer! (l\u00e4nk)<\/p>\n","protected":false},"author":608,"featured_media":0,"parent":0,"menu_order":0,"comment_status":"closed","ping_status":"closed","template":"","meta":{"footnotes":""},"class_list":["post-5277","page","type-page","status-publish","hentry"],"_links":{"self":[{"href":"https:\/\/blogg.folkuniversitetet.nu\/nordca\/wp-json\/wp\/v2\/pages\/5277","targetHints":{"allow":["GET"]}}],"collection":[{"href":"https:\/\/blogg.folkuniversitetet.nu\/nordca\/wp-json\/wp\/v2\/pages"}],"about":[{"href":"https:\/\/blogg.folkuniversitetet.nu\/nordca\/wp-json\/wp\/v2\/types\/page"}],"author":[{"embeddable":true,"href":"https:\/\/blogg.folkuniversitetet.nu\/nordca\/wp-json\/wp\/v2\/users\/608"}],"replies":[{"embeddable":true,"href":"https:\/\/blogg.folkuniversitetet.nu\/nordca\/wp-json\/wp\/v2\/comments?post=5277"}],"version-history":[{"count":2,"href":"https:\/\/blogg.folkuniversitetet.nu\/nordca\/wp-json\/wp\/v2\/pages\/5277\/revisions"}],"predecessor-version":[{"id":5281,"href":"https:\/\/blogg.folkuniversitetet.nu\/nordca\/wp-json\/wp\/v2\/pages\/5277\/revisions\/5281"}],"wp:attachment":[{"href":"https:\/\/blogg.folkuniversitetet.nu\/nordca\/wp-json\/wp\/v2\/media?parent=5277"}],"curies":[{"name":"wp","href":"https:\/\/api.w.org\/{rel}","templated":true}]}}