{"id":3618,"date":"2021-02-07T17:44:57","date_gmt":"2021-02-07T16:44:57","guid":{"rendered":"http:\/\/blogg.folkuniversitetet.nu\/nordca\/?page_id=3618"},"modified":"2022-02-22T18:35:17","modified_gmt":"2022-02-22T17:35:17","slug":"ordkort-och-annat-kul","status":"publish","type":"page","link":"https:\/\/blogg.folkuniversitetet.nu\/nordca\/ordkort-och-annat-kul\/","title":{"rendered":"Diskussionsspel B1-C1"},"content":{"rendered":"<p><a href=\"https:\/\/www.goconqr.com\/en\/flashcard\/28534375\/Jag-tycker----\">Jag tycker &#8211; diskussionsspel f\u00f6r B1-B2<\/a><\/p>\n<p><a href=\"https:\/\/www.goconqr.com\/en\/flashcard\/28477275\/-ndra--v-xla--f-r-ndra-\">\u00c4ndra, v\u00e4xla, f\u00f6r\u00e4ndra? B2-<\/a><\/p>\n<p><a href=\"https:\/\/www.goconqr.com\/en\/flashcard\/29721190\/Hur-ska-man-b-ra-sig--t-\">Hur ska man b\u00e4ra sig \u00e5t? Ett spel med reflexiva verb.<\/a><\/p>\n<p>&nbsp;<\/p>\n","protected":false},"excerpt":{"rendered":"<p>Jag tycker &#8211; diskussionsspel f\u00f6r B1-B2 \u00c4ndra, v\u00e4xla, f\u00f6r\u00e4ndra? B2- Hur ska man b\u00e4ra sig \u00e5t? Ett spel med reflexiva verb. &nbsp;<\/p>\n","protected":false},"author":608,"featured_media":0,"parent":0,"menu_order":0,"comment_status":"closed","ping_status":"closed","template":"","meta":{"footnotes":""},"class_list":["post-3618","page","type-page","status-publish","hentry"],"_links":{"self":[{"href":"https:\/\/blogg.folkuniversitetet.nu\/nordca\/wp-json\/wp\/v2\/pages\/3618","targetHints":{"allow":["GET"]}}],"collection":[{"href":"https:\/\/blogg.folkuniversitetet.nu\/nordca\/wp-json\/wp\/v2\/pages"}],"about":[{"href":"https:\/\/blogg.folkuniversitetet.nu\/nordca\/wp-json\/wp\/v2\/types\/page"}],"author":[{"embeddable":true,"href":"https:\/\/blogg.folkuniversitetet.nu\/nordca\/wp-json\/wp\/v2\/users\/608"}],"replies":[{"embeddable":true,"href":"https:\/\/blogg.folkuniversitetet.nu\/nordca\/wp-json\/wp\/v2\/comments?post=3618"}],"version-history":[{"count":9,"href":"https:\/\/blogg.folkuniversitetet.nu\/nordca\/wp-json\/wp\/v2\/pages\/3618\/revisions"}],"predecessor-version":[{"id":5280,"href":"https:\/\/blogg.folkuniversitetet.nu\/nordca\/wp-json\/wp\/v2\/pages\/3618\/revisions\/5280"}],"wp:attachment":[{"href":"https:\/\/blogg.folkuniversitetet.nu\/nordca\/wp-json\/wp\/v2\/media?parent=3618"}],"curies":[{"name":"wp","href":"https:\/\/api.w.org\/{rel}","templated":true}]}}