{"id":16,"date":"2017-01-13T09:52:51","date_gmt":"2017-01-13T08:52:51","guid":{"rendered":"http:\/\/blogg.folkuniversitetet.nu\/nordca\/?page_id=16"},"modified":"2022-03-08T12:59:49","modified_gmt":"2022-03-08T11:59:49","slug":"lankar","status":"publish","type":"page","link":"https:\/\/blogg.folkuniversitetet.nu\/nordca\/lankar\/","title":{"rendered":"L\u00e4nkar"},"content":{"rendered":"<p><a href=\"http:\/\/blogg.folkuniversitetet.nu\/nordca\/files\/2020\/07\/Avancera-ord-Facit.pdf\">Avancera ord Facit<\/a><\/p>\n<p><a href=\"https:\/\/www.wonder.me\/r?id=1dfd0df1-2151-436d-bdab-ab0d57706430\">Caf\u00e9 Kanelbullen &#8211; Carolinas spr\u00e5kcaf\u00e9<\/a><\/p>\n<p><a href=\"https:\/\/folkets-lexikon.csc.kth.se\/folkets\/\">Folkets lexikon &#8211; svenska-engelska, engelska-svenska<\/a><\/p>\n<p><a href=\"https:\/\/lexin.nada.kth.se\/lexin\/\">Lexin &#8211; lexikon till och fr\u00e5n svenska<\/a><\/p>\n<p><a href=\"https:\/\/www.ordguru.se\/\" target=\"_blank\" rel=\"noopener\">ordguru.se<\/a><\/p>\n<p><a href=\"https:\/\/spraakbanken.gu.se\/korp\/#?stats_reduce=word\">Spr\u00e5kbanken<\/a><\/p>\n<p><a href=\"https:\/\/sverigesradio.se\/\">Sveriges radio<\/a><\/p>\n<p><a href=\"http:\/\/www.svtplay.se\/\">SVT Play<\/a><\/p>\n<p>Svenska.se:<\/p>\n<blockquote class=\"wp-embedded-content\" data-secret=\"653MO3nppJ\"><p><a href=\"https:\/\/svenska.se\/om\/om-ordbockerna\/\">Om ordb\u00f6ckerna<\/a><\/p><\/blockquote>\n<p><iframe loading=\"lazy\" class=\"wp-embedded-content\" sandbox=\"allow-scripts\" security=\"restricted\" style=\"position: absolute; clip: rect(1px, 1px, 1px, 1px);\" title=\"&#8221;Om ordb\u00f6ckerna&#8221; &#8212; svenska.se\" src=\"https:\/\/svenska.se\/om\/om-ordbockerna\/embed\/#?secret=q6ZogogWMs#?secret=653MO3nppJ\" data-secret=\"653MO3nppJ\" width=\"600\" height=\"338\" frameborder=\"0\" marginwidth=\"0\" marginheight=\"0\" scrolling=\"no\"><\/iframe><\/p>\n","protected":false},"excerpt":{"rendered":"<p>Avancera ord Facit Caf\u00e9 Kanelbullen &#8211; Carolinas spr\u00e5kcaf\u00e9 Folkets lexikon &#8211; svenska-engelska, engelska-svenska Lexin &#8211; lexikon till och fr\u00e5n svenska ordguru.se Spr\u00e5kbanken Sveriges radio SVT Play Svenska.se:<\/p>\n","protected":false},"author":608,"featured_media":0,"parent":0,"menu_order":0,"comment_status":"closed","ping_status":"closed","template":"","meta":{"footnotes":""},"class_list":["post-16","page","type-page","status-publish","hentry"],"_links":{"self":[{"href":"https:\/\/blogg.folkuniversitetet.nu\/nordca\/wp-json\/wp\/v2\/pages\/16","targetHints":{"allow":["GET"]}}],"collection":[{"href":"https:\/\/blogg.folkuniversitetet.nu\/nordca\/wp-json\/wp\/v2\/pages"}],"about":[{"href":"https:\/\/blogg.folkuniversitetet.nu\/nordca\/wp-json\/wp\/v2\/types\/page"}],"author":[{"embeddable":true,"href":"https:\/\/blogg.folkuniversitetet.nu\/nordca\/wp-json\/wp\/v2\/users\/608"}],"replies":[{"embeddable":true,"href":"https:\/\/blogg.folkuniversitetet.nu\/nordca\/wp-json\/wp\/v2\/comments?post=16"}],"version-history":[{"count":14,"href":"https:\/\/blogg.folkuniversitetet.nu\/nordca\/wp-json\/wp\/v2\/pages\/16\/revisions"}],"predecessor-version":[{"id":5348,"href":"https:\/\/blogg.folkuniversitetet.nu\/nordca\/wp-json\/wp\/v2\/pages\/16\/revisions\/5348"}],"wp:attachment":[{"href":"https:\/\/blogg.folkuniversitetet.nu\/nordca\/wp-json\/wp\/v2\/media?parent=16"}],"curies":[{"name":"wp","href":"https:\/\/api.w.org\/{rel}","templated":true}]}}