{"id":504,"date":"2025-01-09T21:48:40","date_gmt":"2025-01-09T20:48:40","guid":{"rendered":"https:\/\/blogg.folkuniversitetet.nu\/nagyti\/?page_id=504"},"modified":"2025-01-09T21:48:40","modified_gmt":"2025-01-09T20:48:40","slug":"9-januari","status":"publish","type":"page","link":"https:\/\/blogg.folkuniversitetet.nu\/nagyti\/b1-del-2-2025-01-08\/9-januari\/","title":{"rendered":"9. januari"},"content":{"rendered":"<p>L\u00e4xa: TB. s 46\/A, 47\/D,E,F, G, H, 48\/L, 52\/Bj\u00f6rn (l\u00e4s och f\u00f6rst\u00e5 texten!)<\/p>\n","protected":false},"excerpt":{"rendered":"<p>L\u00e4xa: TB. s 46\/A, 47\/D,E,F, G, H, 48\/L, 52\/Bj\u00f6rn (l\u00e4s och f\u00f6rst\u00e5 texten!)<\/p>\n","protected":false},"author":914,"featured_media":0,"parent":489,"menu_order":0,"comment_status":"closed","ping_status":"closed","template":"","meta":{"footnotes":""},"class_list":["post-504","page","type-page","status-publish","hentry","post-preview"],"_links":{"self":[{"href":"https:\/\/blogg.folkuniversitetet.nu\/nagyti\/wp-json\/wp\/v2\/pages\/504","targetHints":{"allow":["GET"]}}],"collection":[{"href":"https:\/\/blogg.folkuniversitetet.nu\/nagyti\/wp-json\/wp\/v2\/pages"}],"about":[{"href":"https:\/\/blogg.folkuniversitetet.nu\/nagyti\/wp-json\/wp\/v2\/types\/page"}],"author":[{"embeddable":true,"href":"https:\/\/blogg.folkuniversitetet.nu\/nagyti\/wp-json\/wp\/v2\/users\/914"}],"replies":[{"embeddable":true,"href":"https:\/\/blogg.folkuniversitetet.nu\/nagyti\/wp-json\/wp\/v2\/comments?post=504"}],"version-history":[{"count":1,"href":"https:\/\/blogg.folkuniversitetet.nu\/nagyti\/wp-json\/wp\/v2\/pages\/504\/revisions"}],"predecessor-version":[{"id":505,"href":"https:\/\/blogg.folkuniversitetet.nu\/nagyti\/wp-json\/wp\/v2\/pages\/504\/revisions\/505"}],"up":[{"embeddable":true,"href":"https:\/\/blogg.folkuniversitetet.nu\/nagyti\/wp-json\/wp\/v2\/pages\/489"}],"wp:attachment":[{"href":"https:\/\/blogg.folkuniversitetet.nu\/nagyti\/wp-json\/wp\/v2\/media?parent=504"}],"curies":[{"name":"wp","href":"https:\/\/api.w.org\/{rel}","templated":true}]}}