{"id":500,"date":"2025-01-08T18:29:40","date_gmt":"2025-01-08T17:29:40","guid":{"rendered":"https:\/\/blogg.folkuniversitetet.nu\/nagyti\/?page_id=500"},"modified":"2025-01-08T18:29:40","modified_gmt":"2025-01-08T17:29:40","slug":"8-januari","status":"publish","type":"page","link":"https:\/\/blogg.folkuniversitetet.nu\/nagyti\/a2-konversation\/8-januari\/","title":{"rendered":"8. januari"},"content":{"rendered":"<p>V\u00e4lkomna till kursen!<\/p>\n<p>Idag har vi gjort en presentationsrunda.<\/p>\n<p>Vi har ocks\u00e5 valt n\u00e5gra \u00e4mnen som vi ska diskutera p\u00e5 lektionerna: resa, musik, filmer, b\u00f6cker och litteratur, sport, mat, Sverige, v\u00e4dret, fritid.<\/p>\n<p>Kommer ni p\u00e5 fler ideer, kan ni g\u00e4rna komplettera listan med dem.<\/p>\n<p>L\u00e4xa till n\u00e4sta g\u00e5ng (m\u00e5ndag): G\u00e5 igenom dokumentets andra sida och \u00f6va att svara p\u00e5 fr\u00e5gorna!<\/p>\n<p>\u00d6va att ber\u00e4tta om dina fritidsintressen! Sl\u00e5 upp orden som du beh\u00f6ver till temat!<\/p>\n<p>&nbsp;<\/p>\n","protected":false},"excerpt":{"rendered":"<p>V\u00e4lkomna till kursen! Idag har vi gjort en presentationsrunda. Vi har ocks\u00e5 valt n\u00e5gra \u00e4mnen som vi ska diskutera p\u00e5 lektionerna: resa, musik, filmer, b\u00f6cker och litteratur, sport, mat, Sverige, v\u00e4dret, fritid. Kommer ni p\u00e5 fler ideer, kan ni g\u00e4rna komplettera listan med dem. L\u00e4xa till n\u00e4sta g\u00e5ng (m\u00e5ndag): G\u00e5 igenom dokumentets andra sida och [&hellip;]<\/p>\n","protected":false},"author":914,"featured_media":0,"parent":498,"menu_order":0,"comment_status":"closed","ping_status":"closed","template":"","meta":{"footnotes":""},"class_list":["post-500","page","type-page","status-publish","hentry","post-preview"],"_links":{"self":[{"href":"https:\/\/blogg.folkuniversitetet.nu\/nagyti\/wp-json\/wp\/v2\/pages\/500","targetHints":{"allow":["GET"]}}],"collection":[{"href":"https:\/\/blogg.folkuniversitetet.nu\/nagyti\/wp-json\/wp\/v2\/pages"}],"about":[{"href":"https:\/\/blogg.folkuniversitetet.nu\/nagyti\/wp-json\/wp\/v2\/types\/page"}],"author":[{"embeddable":true,"href":"https:\/\/blogg.folkuniversitetet.nu\/nagyti\/wp-json\/wp\/v2\/users\/914"}],"replies":[{"embeddable":true,"href":"https:\/\/blogg.folkuniversitetet.nu\/nagyti\/wp-json\/wp\/v2\/comments?post=500"}],"version-history":[{"count":1,"href":"https:\/\/blogg.folkuniversitetet.nu\/nagyti\/wp-json\/wp\/v2\/pages\/500\/revisions"}],"predecessor-version":[{"id":501,"href":"https:\/\/blogg.folkuniversitetet.nu\/nagyti\/wp-json\/wp\/v2\/pages\/500\/revisions\/501"}],"up":[{"embeddable":true,"href":"https:\/\/blogg.folkuniversitetet.nu\/nagyti\/wp-json\/wp\/v2\/pages\/498"}],"wp:attachment":[{"href":"https:\/\/blogg.folkuniversitetet.nu\/nagyti\/wp-json\/wp\/v2\/media?parent=500"}],"curies":[{"name":"wp","href":"https:\/\/api.w.org\/{rel}","templated":true}]}}