{"id":491,"date":"2025-01-08T15:32:46","date_gmt":"2025-01-08T14:32:46","guid":{"rendered":"https:\/\/blogg.folkuniversitetet.nu\/nagyti\/?page_id=491"},"modified":"2025-01-08T15:32:46","modified_gmt":"2025-01-08T14:32:46","slug":"8-januari","status":"publish","type":"page","link":"https:\/\/blogg.folkuniversitetet.nu\/nagyti\/b1-del-2-2025-01-08\/8-januari\/","title":{"rendered":"8. januari"},"content":{"rendered":"<p>P\u00e5 lektionen diskuterade vi om djur, gjorde sidan 40 i \u00d6vningsboken.<\/p>\n<p>L\u00e4xa: Textbok, sidan 50: Stickande och bitande djur i Sverige &#8211; l\u00e4s texten!<\/p>\n","protected":false},"excerpt":{"rendered":"<p>P\u00e5 lektionen diskuterade vi om djur, gjorde sidan 40 i \u00d6vningsboken. L\u00e4xa: Textbok, sidan 50: Stickande och bitande djur i Sverige &#8211; l\u00e4s texten!<\/p>\n","protected":false},"author":914,"featured_media":0,"parent":489,"menu_order":0,"comment_status":"closed","ping_status":"closed","template":"","meta":{"footnotes":""},"class_list":["post-491","page","type-page","status-publish","hentry","post-preview"],"_links":{"self":[{"href":"https:\/\/blogg.folkuniversitetet.nu\/nagyti\/wp-json\/wp\/v2\/pages\/491","targetHints":{"allow":["GET"]}}],"collection":[{"href":"https:\/\/blogg.folkuniversitetet.nu\/nagyti\/wp-json\/wp\/v2\/pages"}],"about":[{"href":"https:\/\/blogg.folkuniversitetet.nu\/nagyti\/wp-json\/wp\/v2\/types\/page"}],"author":[{"embeddable":true,"href":"https:\/\/blogg.folkuniversitetet.nu\/nagyti\/wp-json\/wp\/v2\/users\/914"}],"replies":[{"embeddable":true,"href":"https:\/\/blogg.folkuniversitetet.nu\/nagyti\/wp-json\/wp\/v2\/comments?post=491"}],"version-history":[{"count":1,"href":"https:\/\/blogg.folkuniversitetet.nu\/nagyti\/wp-json\/wp\/v2\/pages\/491\/revisions"}],"predecessor-version":[{"id":492,"href":"https:\/\/blogg.folkuniversitetet.nu\/nagyti\/wp-json\/wp\/v2\/pages\/491\/revisions\/492"}],"up":[{"embeddable":true,"href":"https:\/\/blogg.folkuniversitetet.nu\/nagyti\/wp-json\/wp\/v2\/pages\/489"}],"wp:attachment":[{"href":"https:\/\/blogg.folkuniversitetet.nu\/nagyti\/wp-json\/wp\/v2\/media?parent=491"}],"curies":[{"name":"wp","href":"https:\/\/api.w.org\/{rel}","templated":true}]}}