{"id":457,"date":"2024-12-11T15:40:43","date_gmt":"2024-12-11T14:40:43","guid":{"rendered":"https:\/\/blogg.folkuniversitetet.nu\/nagyti\/?page_id=457"},"modified":"2024-12-11T15:40:43","modified_gmt":"2024-12-11T14:40:43","slug":"lattlasta-bocker","status":"publish","type":"page","link":"https:\/\/blogg.folkuniversitetet.nu\/nagyti\/lattlasta-bocker\/","title":{"rendered":"L\u00c4TTL\u00c4STA B\u00d6CKER"},"content":{"rendered":"","protected":false},"excerpt":{"rendered":"","protected":false},"author":914,"featured_media":0,"parent":0,"menu_order":0,"comment_status":"closed","ping_status":"closed","template":"","meta":{"footnotes":""},"class_list":["post-457","page","type-page","status-publish","hentry","post-preview"],"_links":{"self":[{"href":"https:\/\/blogg.folkuniversitetet.nu\/nagyti\/wp-json\/wp\/v2\/pages\/457","targetHints":{"allow":["GET"]}}],"collection":[{"href":"https:\/\/blogg.folkuniversitetet.nu\/nagyti\/wp-json\/wp\/v2\/pages"}],"about":[{"href":"https:\/\/blogg.folkuniversitetet.nu\/nagyti\/wp-json\/wp\/v2\/types\/page"}],"author":[{"embeddable":true,"href":"https:\/\/blogg.folkuniversitetet.nu\/nagyti\/wp-json\/wp\/v2\/users\/914"}],"replies":[{"embeddable":true,"href":"https:\/\/blogg.folkuniversitetet.nu\/nagyti\/wp-json\/wp\/v2\/comments?post=457"}],"version-history":[{"count":1,"href":"https:\/\/blogg.folkuniversitetet.nu\/nagyti\/wp-json\/wp\/v2\/pages\/457\/revisions"}],"predecessor-version":[{"id":458,"href":"https:\/\/blogg.folkuniversitetet.nu\/nagyti\/wp-json\/wp\/v2\/pages\/457\/revisions\/458"}],"wp:attachment":[{"href":"https:\/\/blogg.folkuniversitetet.nu\/nagyti\/wp-json\/wp\/v2\/media?parent=457"}],"curies":[{"name":"wp","href":"https:\/\/api.w.org\/{rel}","templated":true}]}}