{"id":26,"date":"2024-04-22T09:46:55","date_gmt":"2024-04-22T08:46:55","guid":{"rendered":"https:\/\/blogg.folkuniversitetet.nu\/nagyti\/?page_id=26"},"modified":"2024-04-22T09:46:55","modified_gmt":"2024-04-22T08:46:55","slug":"valkommen-till-min-blogg","status":"publish","type":"page","link":"https:\/\/blogg.folkuniversitetet.nu\/nagyti\/valkommen-till-min-blogg\/","title":{"rendered":"V\u00e4lkommen till min blogg!"},"content":{"rendered":"<p>H\u00e4r hittar du l\u00e4xorna och annat material.<\/p>\n","protected":false},"excerpt":{"rendered":"<p>H\u00e4r hittar du l\u00e4xorna och annat material.<\/p>\n","protected":false},"author":914,"featured_media":0,"parent":0,"menu_order":0,"comment_status":"closed","ping_status":"closed","template":"","meta":{"footnotes":""},"class_list":["post-26","page","type-page","status-publish","hentry","post-preview"],"_links":{"self":[{"href":"https:\/\/blogg.folkuniversitetet.nu\/nagyti\/wp-json\/wp\/v2\/pages\/26","targetHints":{"allow":["GET"]}}],"collection":[{"href":"https:\/\/blogg.folkuniversitetet.nu\/nagyti\/wp-json\/wp\/v2\/pages"}],"about":[{"href":"https:\/\/blogg.folkuniversitetet.nu\/nagyti\/wp-json\/wp\/v2\/types\/page"}],"author":[{"embeddable":true,"href":"https:\/\/blogg.folkuniversitetet.nu\/nagyti\/wp-json\/wp\/v2\/users\/914"}],"replies":[{"embeddable":true,"href":"https:\/\/blogg.folkuniversitetet.nu\/nagyti\/wp-json\/wp\/v2\/comments?post=26"}],"version-history":[{"count":1,"href":"https:\/\/blogg.folkuniversitetet.nu\/nagyti\/wp-json\/wp\/v2\/pages\/26\/revisions"}],"predecessor-version":[{"id":27,"href":"https:\/\/blogg.folkuniversitetet.nu\/nagyti\/wp-json\/wp\/v2\/pages\/26\/revisions\/27"}],"wp:attachment":[{"href":"https:\/\/blogg.folkuniversitetet.nu\/nagyti\/wp-json\/wp\/v2\/media?parent=26"}],"curies":[{"name":"wp","href":"https:\/\/api.w.org\/{rel}","templated":true}]}}