{"id":1529,"date":"2024-12-16T19:00:29","date_gmt":"2024-12-16T18:00:29","guid":{"rendered":"https:\/\/blogg.folkuniversitetet.nu\/minapi\/?page_id=1529"},"modified":"2026-02-27T11:41:10","modified_gmt":"2026-02-27T10:41:10","slug":"kurstraffar-1-15-2","status":"publish","type":"page","link":"https:\/\/blogg.folkuniversitetet.nu\/minapi\/kurstraffar-1-15-2\/","title":{"rendered":"Kurstr\u00e4ffar 1 &#8211; 15"},"content":{"rendered":"<p><strong>Kurstr\u00e4ff 1\u00a0<\/strong><\/p>\n<p>Presentation och introduktion. Samtal om kursens inneh\u00e5ll och material.<\/p>\n<p><strong>L\u00e4xa<\/strong> <strong>till\u00a0 tisdag<\/strong>:<\/p>\n<p>&nbsp;<\/p>\n<hr \/>\n<p><strong>Kurstr\u00e4ff 2<\/strong><\/p>\n<p>H\u00f6gl\u00e4sning, betoning och uttal. Gruppuppgift.<\/p>\n<p><strong>L\u00e4xa<\/strong> <strong>till\u00a0 onsdag<\/strong>:<\/p>\n<hr \/>\n<p><strong>Kurstr\u00e4ff 3<\/strong><\/p>\n<p>H\u00f6gl\u00e4sning, ordf\u00f6rklaringar, uttal och betoning. Gruppuppgift, Samtal om arbete.<\/p>\n<p><strong>L\u00e4xa<\/strong>\u00a0<strong>till\u00a0 torsdag: I<\/strong> textboken, v\u00e4lj n\u00e5got av djuren bj\u00f6rn, varg eller \u00e4lg och sammanfatta muntligt. \u00d6vningsboken sid 62 A<\/p>\n<hr \/>\n<p><strong>Kurstr\u00e4ff 4<\/strong><\/p>\n<p>Ljudfil med dialog. H\u00f6gl\u00e4sning. Genomg\u00e5ng av l\u00e4xan, sammanfattningen + uppgiften i \u00f6vningsboken.<\/p>\n<p><strong>L\u00e4xa<\/strong> <strong>till\u00a0 m\u00e5ndag<\/strong>: Textboken sid 68 &#8211; 69<br \/>\nMitt nya land 1:a avsnittet: Ensam \u00e4r stark<\/p>\n<p><a href=\"https:\/\/urplay.se\/serie\/239258-mitt-nya-land\">Mitt nya land | Drama om att vara nyinflyttad i Sverige | F\u00f6r SFI | UR Play<\/a><\/p>\n<hr \/>\n<p><strong>Kurstr\u00e4ff 5<\/strong><\/p>\n<p>Sammanfattning av 1:a avsnittet &#8221;Ensam \u00e4r stark&#8221;\u00a0 + fr\u00e5gor + Quis. Gruppuppgift. Genomg\u00e5ng partikelverb.<\/p>\n<p><strong>L\u00e4xa<\/strong>\u00a0<strong>till\u00a0 tisdag<\/strong>: Textboken sid 71 + \u00f6vningsboken sid 63 &#8211; 64.<\/p>\n<hr \/>\n<p><strong>Kurstr\u00e4ff 6<\/strong><\/p>\n<p>Samtal. Ljudfil, dialog + fr\u00e5gor. Gruppuppgift kombinera.<\/p>\n<p><strong>L\u00e4xa<\/strong>\u00a0<strong>till\u00a0 onsdag<\/strong>: \u00d6vningsboken sid 65 &#8211; 66.<\/p>\n<p>&nbsp;<\/p>\n<hr \/>\n<p><strong>Kurstr\u00e4ff 7<\/strong><\/p>\n<p>Samtal, Gruppuppgift. Genomg\u00e5ng Ser + adj +ut. \u00d6vning i extramaterialet.<\/p>\n<p><strong>L\u00e4xa<\/strong> <strong>till\u00a0 torsdag<\/strong>: Ingen<\/p>\n<hr \/>\n<p><strong>Kurstr\u00e4ff 8<\/strong><\/p>\n<p>Samtal. H\u00f6gl\u00e4sning, ordf\u00f6rklaringar, uttal och betoning. Samtal om tillh\u00f6rande fr\u00e5gor, Genomg\u00e5ng indirekt tal. \u00d6vning i extramaterialet.<\/p>\n<p><strong>L\u00e4xa<\/strong> <strong>till\u00a0 m\u00e5ndag<\/strong>: Textboken sid 79 &#8211; 80 + \u00f6vningsboken sid 72.<\/p>\n<p>&nbsp;<\/p>\n<p><a href=\"https:\/\/urplay.se\/serie\/239258-mitt-nya-land\">Mitt nya land | Drama om att vara nyinflyttad i Sverige | F\u00f6r SFI | UR Play<\/a>\u00a0 \u00a0Avsnitt 2<\/p>\n<hr \/>\n<p><strong>Kurstr\u00e4ff 9<\/strong><\/p>\n<p>Samtal. H\u00f6gl\u00e4sning, ordf\u00f6rklaringar, uttal och betoning. Genomg\u00e5ng av l\u00e4xan<\/p>\n<p><strong>L\u00e4xa<\/strong> <strong>till tisdag<\/strong>: textboken sid 79 &#8211; 80, \u00f6vningsboken sid 74 &#8211; 75.<\/p>\n<hr \/>\n<p><strong>Kurstr\u00e4ff 10<\/strong><\/p>\n<p>Samtal. H\u00f6gl\u00e4sning, ordf\u00f6rklaringar, uttal och betoning. Genomg\u00e5ng av l\u00e4xan<\/p>\n<p><strong>L\u00e4xa<\/strong> <strong>till\u00a0 onsdag: \u00d6vningsboken sid 76 &#8211; 77.<\/strong><\/p>\n<p>&nbsp;<\/p>\n<p><strong>Kurstr\u00e4ff 11<\/strong><\/p>\n<p>&nbsp;<\/p>\n<p><strong>L\u00e4xa till torsdag:<\/strong><\/p>\n<p>Samtal om arbete. Ordkunskap relaterat till detta.\u00a0 Genomg\u00e5ng adjektiv best\u00e4md form.<\/p>\n<p>L\u00e4xa till fredag: \u00d6vningsboken sid 229 &#8211; 231.<\/p>\n<hr \/>\n<p><strong>Kurstr\u00e4ff 12<\/strong><\/p>\n<p>Samtal. Ljudfil + fr\u00e5gor. \u00d6vning i extramaterialet.<\/p>\n<p><strong>L\u00e4xa<\/strong> <strong>till\u00a0 m\u00e5ndag<\/strong>: Textboken sid 87 &#8211; 89+ \u00f6vningsboken sid 78 &#8211; 79 + Mitt nya land avsnitt 3<\/p>\n<hr \/>\n<p><strong>Kurstr\u00e4ff 13<\/strong><\/p>\n<p>Ingen n\u00e4rvaro.<\/p>\n<p><strong>L\u00e4xa<\/strong> <strong>till\u00a0 tisdag:\u00a0<\/strong><\/p>\n<hr \/>\n<p><strong>Kurstr\u00e4ff 14<\/strong><\/p>\n<p>Samtal. Genomg\u00e5ng\u00a0 av\u00a0 l\u00e4xan i textboken. H\u00f6gl\u00e4sning och f\u00f6rklaringar. Samtal<\/p>\n<p><strong>L\u00e4xa<\/strong> <strong>till\u00a0 onsdag: Textboken sid 90- 92<\/strong><\/p>\n<p>&nbsp;<\/p>\n<hr \/>\n<p><strong>Kurstr\u00e4ff 15<\/strong><\/p>\n<p>Samtal. Paruppgift. Genomg\u00e5ng av l\u00e4xan.<\/p>\n<p><strong>Avslutande samtal.<\/strong><\/p>\n<p><strong>.<\/strong><\/p>\n<p>&nbsp;<\/p>\n<p>&nbsp;<\/p>\n","protected":false},"excerpt":{"rendered":"<p>Kurstr\u00e4ff 1\u00a0 Presentation och introduktion. Samtal om kursens inneh\u00e5ll och material. L\u00e4xa till\u00a0 tisdag: &nbsp; Kurstr\u00e4ff 2 H\u00f6gl\u00e4sning, betoning och uttal. Gruppuppgift. L\u00e4xa till\u00a0 onsdag: Kurstr\u00e4ff 3 H\u00f6gl\u00e4sning, ordf\u00f6rklaringar, uttal och betoning. Gruppuppgift, Samtal om arbete. L\u00e4xa\u00a0till\u00a0 torsdag: I textboken, v\u00e4lj n\u00e5got av djuren bj\u00f6rn, varg eller \u00e4lg och sammanfatta muntligt. \u00d6vningsboken sid 62 A [&hellip;]<\/p>\n","protected":false},"author":918,"featured_media":0,"parent":0,"menu_order":0,"comment_status":"closed","ping_status":"closed","template":"","meta":{"footnotes":""},"class_list":["post-1529","page","type-page","status-publish","hentry","post-preview"],"_links":{"self":[{"href":"https:\/\/blogg.folkuniversitetet.nu\/minapi\/wp-json\/wp\/v2\/pages\/1529","targetHints":{"allow":["GET"]}}],"collection":[{"href":"https:\/\/blogg.folkuniversitetet.nu\/minapi\/wp-json\/wp\/v2\/pages"}],"about":[{"href":"https:\/\/blogg.folkuniversitetet.nu\/minapi\/wp-json\/wp\/v2\/types\/page"}],"author":[{"embeddable":true,"href":"https:\/\/blogg.folkuniversitetet.nu\/minapi\/wp-json\/wp\/v2\/users\/918"}],"replies":[{"embeddable":true,"href":"https:\/\/blogg.folkuniversitetet.nu\/minapi\/wp-json\/wp\/v2\/comments?post=1529"}],"version-history":[{"count":51,"href":"https:\/\/blogg.folkuniversitetet.nu\/minapi\/wp-json\/wp\/v2\/pages\/1529\/revisions"}],"predecessor-version":[{"id":1899,"href":"https:\/\/blogg.folkuniversitetet.nu\/minapi\/wp-json\/wp\/v2\/pages\/1529\/revisions\/1899"}],"wp:attachment":[{"href":"https:\/\/blogg.folkuniversitetet.nu\/minapi\/wp-json\/wp\/v2\/media?parent=1529"}],"curies":[{"name":"wp","href":"https:\/\/api.w.org\/{rel}","templated":true}]}}