{"id":1520,"date":"2024-12-16T18:43:07","date_gmt":"2024-12-16T17:43:07","guid":{"rendered":"https:\/\/blogg.folkuniversitetet.nu\/minapi\/?page_id=1520"},"modified":"2025-08-06T11:40:27","modified_gmt":"2025-08-06T10:40:27","slug":"c2-del-2-2","status":"publish","type":"page","link":"https:\/\/blogg.folkuniversitetet.nu\/minapi\/c2-del-2-2\/","title":{"rendered":"Hj\u00e4rtligt v\u00e4lkommen!"},"content":{"rendered":"<div class=\"post-content entry-content\">\n<h5><\/h5>\n<h4><strong>Hj\u00e4rtligt v\u00e4lkommen till kursen i svenska!<\/strong><\/h4>\n<\/div>\n<div><\/div>\n<div data-olk-copy-source=\"MessageBody\"><\/div>\n<div class=\"post-content entry-content\">\n<div class=\"post-content entry-content\">\n<p>P\u00e5 denna blogg kommer jag att l\u00e4gga in notiser efter varje kurstr\u00e4ff d\u00e4r jag kortfattat beskriver vad vi har arbetat med och vad ni har i l\u00e4xa till n\u00e4sta g\u00e5ng.\u00a0 Det kan vara bra f\u00f6r dig som har missat n\u00e5gon tr\u00e4ff d\u00e5 du l\u00e4tt kan hitta viktig information h\u00e4r. Du som deltagare kommer inte kunna\u00a0 skriva inl\u00e4gg p\u00e5 denna sida utan om du beh\u00f6ver kontakta mig kan du g\u00f6ra det p\u00e5 denna adress: pia.minati@folkuniversitetet.se<\/p>\n<p>Jag ser fram emot att tr\u00e4ffa dig och \u00f6nskar dig lycka till med dina studier!<\/p>\n<p>Pia Minati<\/p>\n<p>Leg. l\u00e4rare i svenska och svenska som andraspr\u00e5k<\/p>\n<\/div>\n<\/div>\n","protected":false},"excerpt":{"rendered":"<p>Hj\u00e4rtligt v\u00e4lkommen till kursen i svenska! P\u00e5 denna blogg kommer jag att l\u00e4gga in notiser efter varje kurstr\u00e4ff d\u00e4r jag kortfattat beskriver vad vi har arbetat med och vad ni har i l\u00e4xa till n\u00e4sta g\u00e5ng.\u00a0 Det kan vara bra f\u00f6r dig som har missat n\u00e5gon tr\u00e4ff d\u00e5 du l\u00e4tt kan hitta viktig information h\u00e4r. [&hellip;]<\/p>\n","protected":false},"author":918,"featured_media":0,"parent":0,"menu_order":0,"comment_status":"closed","ping_status":"closed","template":"","meta":{"footnotes":""},"class_list":["post-1520","page","type-page","status-publish","hentry","post-preview"],"_links":{"self":[{"href":"https:\/\/blogg.folkuniversitetet.nu\/minapi\/wp-json\/wp\/v2\/pages\/1520","targetHints":{"allow":["GET"]}}],"collection":[{"href":"https:\/\/blogg.folkuniversitetet.nu\/minapi\/wp-json\/wp\/v2\/pages"}],"about":[{"href":"https:\/\/blogg.folkuniversitetet.nu\/minapi\/wp-json\/wp\/v2\/types\/page"}],"author":[{"embeddable":true,"href":"https:\/\/blogg.folkuniversitetet.nu\/minapi\/wp-json\/wp\/v2\/users\/918"}],"replies":[{"embeddable":true,"href":"https:\/\/blogg.folkuniversitetet.nu\/minapi\/wp-json\/wp\/v2\/comments?post=1520"}],"version-history":[{"count":7,"href":"https:\/\/blogg.folkuniversitetet.nu\/minapi\/wp-json\/wp\/v2\/pages\/1520\/revisions"}],"predecessor-version":[{"id":1658,"href":"https:\/\/blogg.folkuniversitetet.nu\/minapi\/wp-json\/wp\/v2\/pages\/1520\/revisions\/1658"}],"wp:attachment":[{"href":"https:\/\/blogg.folkuniversitetet.nu\/minapi\/wp-json\/wp\/v2\/media?parent=1520"}],"curies":[{"name":"wp","href":"https:\/\/api.w.org\/{rel}","templated":true}]}}