{"id":1116,"date":"2024-04-18T15:43:03","date_gmt":"2024-04-18T14:43:03","guid":{"rendered":"https:\/\/blogg.folkuniversitetet.nu\/minapi\/?page_id=1116"},"modified":"2026-02-05T17:50:04","modified_gmt":"2026-02-05T16:50:04","slug":"b1-del-2-3","status":"publish","type":"page","link":"https:\/\/blogg.folkuniversitetet.nu\/minapi\/b1-del-2-3\/","title":{"rendered":"B1 del 2"},"content":{"rendered":"<h5><\/h5>\n<h4><strong>Hj\u00e4rtligt v\u00e4lkommen till kursen i svenska!<\/strong><\/h4>\n<p>Kursen startar p\u00e5 m\u00e5ndag den 2 februari, 18.00. Folkuniversitetet har skickat en l\u00e4nk till dig f\u00f6r inloggning p\u00e5 Zoom och du hittar den \u00e4ven h\u00e4r nedan.<\/p>\n<div>\n<div class=\"post-content entry-content\">\n<p>Vi kommer att anv\u00e4nda b\u00f6ckerna Rivstart, textbok + \u00f6vningsbok, Natur&amp;Kultur, tredje upplagan.\u00a0 Redan f\u00f6rsta g\u00e5ngen vi tr\u00e4ffas beh\u00f6ver du b\u00f6ckerna s\u00e5 skaffa dem s\u00e5 snart du kan.\u00a0 Vi kommer \u00e4ven att ha annat studiematerial l\u00e4ngre fram som vi best\u00e4mmer om gemensamt. Under L\u00e4nkar hittar du ocks\u00e5 sidor som du kan ha nytta av f\u00f6r egen del.<\/p>\n<p>P\u00e5 denna blogg kommer jag att l\u00e4gga in notiser efter varje kurstr\u00e4ff d\u00e4r jag kortfattat beskriver vad vi har arbetat med och vad ni har i l\u00e4xa till n\u00e4sta g\u00e5ng.\u00a0 Det kan vara bra f\u00f6r dig som har missat n\u00e5gon kurstr\u00e4ff d\u00e5 du l\u00e4tt kan hitta viktig information h\u00e4r. Du som deltagare kommer inte kunna\u00a0 skriva inl\u00e4gg p\u00e5 denna sida utan om du beh\u00f6ver kontakta mig kan du g\u00f6ra det p\u00e5 denna adress: pia.minati@folkuniversitetet.se<\/p>\n<p>Jag ser fram emot att tr\u00e4ffa dig och \u00f6nskar dig lycka till med dina studier!<\/p>\n<p>Pia Minati<\/p>\n<p>Leg. l\u00e4rare i svenska och svenska som andraspr\u00e5k<\/p>\n<p>https:\/\/blogg.folkuniversitetet.nu\/minapi\/<\/p>\n<\/div>\n<\/div>\n<p>&nbsp;<\/p>\n","protected":false},"excerpt":{"rendered":"<p>Hj\u00e4rtligt v\u00e4lkommen till kursen i svenska! Kursen startar p\u00e5 m\u00e5ndag den 2 februari, 18.00. Folkuniversitetet har skickat en l\u00e4nk till dig f\u00f6r inloggning p\u00e5 Zoom och du hittar den \u00e4ven h\u00e4r nedan. Vi kommer att anv\u00e4nda b\u00f6ckerna Rivstart, textbok + \u00f6vningsbok, Natur&amp;Kultur, tredje upplagan.\u00a0 Redan f\u00f6rsta g\u00e5ngen vi tr\u00e4ffas beh\u00f6ver du b\u00f6ckerna s\u00e5 skaffa dem [&hellip;]<\/p>\n","protected":false},"author":918,"featured_media":0,"parent":0,"menu_order":0,"comment_status":"closed","ping_status":"closed","template":"","meta":{"footnotes":""},"class_list":["post-1116","page","type-page","status-publish","hentry","post-preview"],"_links":{"self":[{"href":"https:\/\/blogg.folkuniversitetet.nu\/minapi\/wp-json\/wp\/v2\/pages\/1116","targetHints":{"allow":["GET"]}}],"collection":[{"href":"https:\/\/blogg.folkuniversitetet.nu\/minapi\/wp-json\/wp\/v2\/pages"}],"about":[{"href":"https:\/\/blogg.folkuniversitetet.nu\/minapi\/wp-json\/wp\/v2\/types\/page"}],"author":[{"embeddable":true,"href":"https:\/\/blogg.folkuniversitetet.nu\/minapi\/wp-json\/wp\/v2\/users\/918"}],"replies":[{"embeddable":true,"href":"https:\/\/blogg.folkuniversitetet.nu\/minapi\/wp-json\/wp\/v2\/comments?post=1116"}],"version-history":[{"count":10,"href":"https:\/\/blogg.folkuniversitetet.nu\/minapi\/wp-json\/wp\/v2\/pages\/1116\/revisions"}],"predecessor-version":[{"id":1867,"href":"https:\/\/blogg.folkuniversitetet.nu\/minapi\/wp-json\/wp\/v2\/pages\/1116\/revisions\/1867"}],"wp:attachment":[{"href":"https:\/\/blogg.folkuniversitetet.nu\/minapi\/wp-json\/wp\/v2\/media?parent=1116"}],"curies":[{"name":"wp","href":"https:\/\/api.w.org\/{rel}","templated":true}]}}