{"id":84,"date":"2025-04-12T13:57:18","date_gmt":"2025-04-12T12:57:18","guid":{"rendered":"https:\/\/blogg.folkuniversitetet.nu\/mikami\/?page_id=84"},"modified":"2025-04-15T15:21:44","modified_gmt":"2025-04-15T14:21:44","slug":"tips","status":"publish","type":"page","link":"https:\/\/blogg.folkuniversitetet.nu\/mikami\/tips\/","title":{"rendered":"Tips"},"content":{"rendered":"<h3>Det \u00e4r viktigt att vara runt spr\u00e5ket man l\u00e4r sig.<\/h3>\n<p><span style=\"font-size: 1.625em\">Genom att konsumera nyheter och kultur p\u00e5 svenska l\u00e4r man sig snabbt <strong>nya ord<\/strong> och att f\u00f6rst\u00e5 <strong>talad svenska<\/strong>.\u00a0<\/span><\/p>\n<h3><a href=\"https:\/\/blogg.folkuniversitetet.nu\/mikami\/titta\/\"><img loading=\"lazy\" decoding=\"async\" class=\"alignnone wp-image-232\" src=\"http:\/\/blogg.folkuniversitetet.nu\/mikami\/files\/2025\/04\/Captura-de-pantalla-2025-04-15-a-las-16.08.07-300x216.png\" alt=\"\" width=\"250\" height=\"180\" srcset=\"https:\/\/blogg.folkuniversitetet.nu\/mikami\/files\/2025\/04\/Captura-de-pantalla-2025-04-15-a-las-16.08.07-300x216.png 300w, https:\/\/blogg.folkuniversitetet.nu\/mikami\/files\/2025\/04\/Captura-de-pantalla-2025-04-15-a-las-16.08.07.png 412w\" sizes=\"auto, (max-width: 250px) 100vw, 250px\" \/><\/a> \u00a0\u00a0 \u00a0<a href=\"https:\/\/blogg.folkuniversitetet.nu\/mikami\/lyssna\/\"><img loading=\"lazy\" decoding=\"async\" class=\"alignnone wp-image-233\" src=\"http:\/\/blogg.folkuniversitetet.nu\/mikami\/files\/2025\/04\/Captura-de-pantalla-2025-04-15-a-las-16.10.27-300x218.png\" alt=\"\" width=\"250\" height=\"182\" srcset=\"https:\/\/blogg.folkuniversitetet.nu\/mikami\/files\/2025\/04\/Captura-de-pantalla-2025-04-15-a-las-16.10.27-300x218.png 300w, https:\/\/blogg.folkuniversitetet.nu\/mikami\/files\/2025\/04\/Captura-de-pantalla-2025-04-15-a-las-16.10.27.png 412w\" sizes=\"auto, (max-width: 250px) 100vw, 250px\" \/><\/a>\u00a0 \u00a0 \u00a0<a href=\"https:\/\/blogg.folkuniversitetet.nu\/mikami\/las\/\"><img loading=\"lazy\" decoding=\"async\" class=\"alignnone wp-image-231\" src=\"http:\/\/blogg.folkuniversitetet.nu\/mikami\/files\/2025\/04\/Captura-de-pantalla-2025-04-15-a-las-16.07.49-300x217.png\" alt=\"\" width=\"250\" height=\"181\" srcset=\"https:\/\/blogg.folkuniversitetet.nu\/mikami\/files\/2025\/04\/Captura-de-pantalla-2025-04-15-a-las-16.07.49-300x217.png 300w, https:\/\/blogg.folkuniversitetet.nu\/mikami\/files\/2025\/04\/Captura-de-pantalla-2025-04-15-a-las-16.07.49.png 411w\" sizes=\"auto, (max-width: 250px) 100vw, 250px\" \/><\/a><\/h3>\n<h3><\/h3>\n<h3><\/h3>\n<h1><span style=\"color: #993300\"><strong>\u00a0<\/strong><\/span><\/h1>\n<p>&nbsp;<\/p>\n<p>&nbsp;<\/p>\n<p>&nbsp;<\/p>\n<p>&nbsp;<\/p>\n<p>&nbsp;<\/p>\n<p>&nbsp;<\/p>\n<p>&nbsp;<\/p>\n<h1><\/h1>\n<h1><span style=\"color: #993300\"><strong>\u00a0<\/strong> <\/span><\/h1>\n<p>&nbsp;<\/p>\n<p>&nbsp;<\/p>\n<p>&nbsp;<\/p>\n","protected":false},"excerpt":{"rendered":"<p>Det \u00e4r viktigt att vara runt spr\u00e5ket man l\u00e4r sig. Genom att konsumera nyheter och kultur p\u00e5 svenska l\u00e4r man sig snabbt nya ord och att f\u00f6rst\u00e5 talad svenska.\u00a0 \u00a0\u00a0&#8230;<\/p>\n<div class=\"more-link-wrapper\"><a class=\"more-link\" href=\"https:\/\/blogg.folkuniversitetet.nu\/mikami\/tips\/\">L\u00e4s mer<span class=\"screen-reader-text\">Tips<\/span><\/a><\/div>\n","protected":false},"author":964,"featured_media":0,"parent":0,"menu_order":0,"comment_status":"closed","ping_status":"closed","template":"full-width.php","meta":{"footnotes":""},"class_list":["post-84","page","type-page","status-publish","hentry","excerpt"],"_links":{"self":[{"href":"https:\/\/blogg.folkuniversitetet.nu\/mikami\/wp-json\/wp\/v2\/pages\/84","targetHints":{"allow":["GET"]}}],"collection":[{"href":"https:\/\/blogg.folkuniversitetet.nu\/mikami\/wp-json\/wp\/v2\/pages"}],"about":[{"href":"https:\/\/blogg.folkuniversitetet.nu\/mikami\/wp-json\/wp\/v2\/types\/page"}],"author":[{"embeddable":true,"href":"https:\/\/blogg.folkuniversitetet.nu\/mikami\/wp-json\/wp\/v2\/users\/964"}],"replies":[{"embeddable":true,"href":"https:\/\/blogg.folkuniversitetet.nu\/mikami\/wp-json\/wp\/v2\/comments?post=84"}],"version-history":[{"count":10,"href":"https:\/\/blogg.folkuniversitetet.nu\/mikami\/wp-json\/wp\/v2\/pages\/84\/revisions"}],"predecessor-version":[{"id":249,"href":"https:\/\/blogg.folkuniversitetet.nu\/mikami\/wp-json\/wp\/v2\/pages\/84\/revisions\/249"}],"wp:attachment":[{"href":"https:\/\/blogg.folkuniversitetet.nu\/mikami\/wp-json\/wp\/v2\/media?parent=84"}],"curies":[{"name":"wp","href":"https:\/\/api.w.org\/{rel}","templated":true}]}}