{"id":241,"date":"2025-04-15T15:13:25","date_gmt":"2025-04-15T14:13:25","guid":{"rendered":"https:\/\/blogg.folkuniversitetet.nu\/mikami\/?page_id=241"},"modified":"2025-08-15T14:18:37","modified_gmt":"2025-08-15T13:18:37","slug":"las","status":"publish","type":"page","link":"https:\/\/blogg.folkuniversitetet.nu\/mikami\/las\/","title":{"rendered":"L\u00e4s"},"content":{"rendered":"<p>Tycker du om att l\u00e4sa?<\/p>\n<p><strong>Alla som bor i Sverige f\u00e5r ha l\u00e5nekort p\u00e5 biblioteket. Det \u00e4r gratis. G\u00e5 till ditt n\u00e4rmaste bibliotek s\u00e5 hj\u00e4lper de dig.<\/strong><\/p>\n<p>M\u00e5nga svenska klassiker finns i en enklare variant f\u00f6r de som l\u00e4r sig svenska. Mina favoriter \u00e4r:<\/p>\n<p>Kejsarn av Portugallien &#8211; Selma Lagerl\u00f6f (1914)<\/p>\n<p>Utvandrarna &#8211; Vilhelm Moberg (1949)<\/p>\n<p>Kallocain &#8211; Karin Boye (1940)<\/p>\n<p>M\u00e4n som hatar kvinnor &#8211; Stieg Larsson (2005)<\/p>\n<p>Snabba Cash &#8211; Jens Lapidus (2006)<\/p>\n<p>Alla b\u00f6ckerna finns s\u00e5klart \u00e4ven i originalversion. Om man vill kan man l\u00e4sa dem parallellt.<\/p>\n<p>&nbsp;<\/p>\n","protected":false},"excerpt":{"rendered":"<p>Tycker du om att l\u00e4sa? Alla som bor i Sverige f\u00e5r ha l\u00e5nekort p\u00e5 biblioteket. Det \u00e4r gratis. G\u00e5 till ditt n\u00e4rmaste bibliotek s\u00e5 hj\u00e4lper de dig. M\u00e5nga svenska klassiker&#8230;<\/p>\n<div class=\"more-link-wrapper\"><a class=\"more-link\" href=\"https:\/\/blogg.folkuniversitetet.nu\/mikami\/las\/\">L\u00e4s mer<span class=\"screen-reader-text\">L\u00e4s<\/span><\/a><\/div>\n","protected":false},"author":964,"featured_media":0,"parent":0,"menu_order":0,"comment_status":"closed","ping_status":"closed","template":"","meta":{"footnotes":""},"class_list":["post-241","page","type-page","status-publish","hentry","excerpt"],"_links":{"self":[{"href":"https:\/\/blogg.folkuniversitetet.nu\/mikami\/wp-json\/wp\/v2\/pages\/241","targetHints":{"allow":["GET"]}}],"collection":[{"href":"https:\/\/blogg.folkuniversitetet.nu\/mikami\/wp-json\/wp\/v2\/pages"}],"about":[{"href":"https:\/\/blogg.folkuniversitetet.nu\/mikami\/wp-json\/wp\/v2\/types\/page"}],"author":[{"embeddable":true,"href":"https:\/\/blogg.folkuniversitetet.nu\/mikami\/wp-json\/wp\/v2\/users\/964"}],"replies":[{"embeddable":true,"href":"https:\/\/blogg.folkuniversitetet.nu\/mikami\/wp-json\/wp\/v2\/comments?post=241"}],"version-history":[{"count":4,"href":"https:\/\/blogg.folkuniversitetet.nu\/mikami\/wp-json\/wp\/v2\/pages\/241\/revisions"}],"predecessor-version":[{"id":373,"href":"https:\/\/blogg.folkuniversitetet.nu\/mikami\/wp-json\/wp\/v2\/pages\/241\/revisions\/373"}],"wp:attachment":[{"href":"https:\/\/blogg.folkuniversitetet.nu\/mikami\/wp-json\/wp\/v2\/media?parent=241"}],"curies":[{"name":"wp","href":"https:\/\/api.w.org\/{rel}","templated":true}]}}