{"id":166,"date":"2025-04-12T15:19:57","date_gmt":"2025-04-12T14:19:57","guid":{"rendered":"https:\/\/blogg.folkuniversitetet.nu\/mikami\/?page_id=166"},"modified":"2025-04-13T13:37:44","modified_gmt":"2025-04-13T12:37:44","slug":"grammatik","status":"publish","type":"page","link":"https:\/\/blogg.folkuniversitetet.nu\/mikami\/grammatik\/","title":{"rendered":"Grammatik"},"content":{"rendered":"<h4>Grammatiken \u00e4r ett verktyg f\u00f6r att s\u00e4tta ihop orden i ordf\u00f6rr\u00e5det. Med hj\u00e4lp av grammatiken beh\u00f6ver vi inte anv\u00e4nda lika m\u00e5nga ord.<\/h4>\n<p><span style=\"font-size: 1.313em\">Svenska \u00e4r ett germanskt spr\u00e5k. Det \u00e4r n\u00e4ra sl\u00e4kt med norska och danska, och ganska n\u00e4ra sl\u00e4kt med isl\u00e4ndska, engelska, tyska och holl\u00e4ndska.<\/span><\/p>\n<p><span style=\"font-size: 1.313em\">En del grammatiska regler i engelskan finns ocks\u00e5 i svenskan, men mycket \u00e4r annorlunda.<\/span><\/p>\n<p><span style=\"font-size: 1.313em\">Det \u00e4r helt okej att g\u00f6ra fel &#8211;<\/span><strong style=\"font-size: 1.313em\"> det viktigaste \u00e4r att man v\u00e5gar f\u00f6rs\u00f6ka!\u00a0<\/strong><\/p>\n","protected":false},"excerpt":{"rendered":"<p>Grammatiken \u00e4r ett verktyg f\u00f6r att s\u00e4tta ihop orden i ordf\u00f6rr\u00e5det. Med hj\u00e4lp av grammatiken beh\u00f6ver vi inte anv\u00e4nda lika m\u00e5nga ord. Svenska \u00e4r ett germanskt spr\u00e5k. Det \u00e4r n\u00e4ra&#8230;<\/p>\n<div class=\"more-link-wrapper\"><a class=\"more-link\" href=\"https:\/\/blogg.folkuniversitetet.nu\/mikami\/grammatik\/\">L\u00e4s mer<span class=\"screen-reader-text\">Grammatik<\/span><\/a><\/div>\n","protected":false},"author":964,"featured_media":0,"parent":0,"menu_order":0,"comment_status":"closed","ping_status":"closed","template":"full-width.php","meta":{"footnotes":""},"class_list":["post-166","page","type-page","status-publish","hentry","excerpt"],"_links":{"self":[{"href":"https:\/\/blogg.folkuniversitetet.nu\/mikami\/wp-json\/wp\/v2\/pages\/166","targetHints":{"allow":["GET"]}}],"collection":[{"href":"https:\/\/blogg.folkuniversitetet.nu\/mikami\/wp-json\/wp\/v2\/pages"}],"about":[{"href":"https:\/\/blogg.folkuniversitetet.nu\/mikami\/wp-json\/wp\/v2\/types\/page"}],"author":[{"embeddable":true,"href":"https:\/\/blogg.folkuniversitetet.nu\/mikami\/wp-json\/wp\/v2\/users\/964"}],"replies":[{"embeddable":true,"href":"https:\/\/blogg.folkuniversitetet.nu\/mikami\/wp-json\/wp\/v2\/comments?post=166"}],"version-history":[{"count":3,"href":"https:\/\/blogg.folkuniversitetet.nu\/mikami\/wp-json\/wp\/v2\/pages\/166\/revisions"}],"predecessor-version":[{"id":170,"href":"https:\/\/blogg.folkuniversitetet.nu\/mikami\/wp-json\/wp\/v2\/pages\/166\/revisions\/170"}],"wp:attachment":[{"href":"https:\/\/blogg.folkuniversitetet.nu\/mikami\/wp-json\/wp\/v2\/media?parent=166"}],"curies":[{"name":"wp","href":"https:\/\/api.w.org\/{rel}","templated":true}]}}