{"id":134,"date":"2025-04-12T14:58:40","date_gmt":"2025-04-12T13:58:40","guid":{"rendered":"https:\/\/blogg.folkuniversitetet.nu\/mikami\/?page_id=134"},"modified":"2025-08-15T14:20:33","modified_gmt":"2025-08-15T13:20:33","slug":"uttal","status":"publish","type":"page","link":"https:\/\/blogg.folkuniversitetet.nu\/mikami\/uttal\/","title":{"rendered":"Uttal"},"content":{"rendered":"<h4><span style=\"font-size: 1.313em\"><strong>Det viktigaste i svenskan \u00e4r betoningen.<\/strong><\/span><\/h4>\n<p><span style=\"font-size: 1.313em\">Det som \u00e4r betonat \u00e4r l\u00e5\u00e5\u00e5\u00e5\u00e5\u00e5\u00e5\u00e5ngt och det som inte \u00e4r betonat \u00e4r kort. B\u00e5de vokaler och konsonanter kan vara l\u00e5nga och korta:<\/span><\/p>\n<p><em>Manen [maaaaaaaaaaaaanen]<\/em><br \/>\n<em>Mannen [mannnnnnnnnnnen]<\/em><\/p>\n<h4>N\u00e4r man pratar \u00e4r \u00e4ven vissa ord mycket l\u00e4ngre \u00e4n andra. Det kallas f\u00f6r satsbetoning. I svenskan betonar vi oftast objekt, adverbial och verb. Men det beror p\u00e5 vad den som pratar tycker \u00e4r viktigast:<\/h4>\n<p>&nbsp;<\/p>\n<p><iframe loading=\"lazy\" title=\"sfigunilla SFI BETONING\" width=\"500\" height=\"281\" src=\"https:\/\/www.youtube.com\/embed\/W2nCWoGhb2k?feature=oembed\" frameborder=\"0\" allow=\"accelerometer; autoplay; clipboard-write; encrypted-media; gyroscope; picture-in-picture; web-share\" referrerpolicy=\"strict-origin-when-cross-origin\" allowfullscreen><\/iframe><\/p>\n<p>&nbsp;<\/p>\n<h3><strong>Det som inte \u00e4r betonat reduceras.\u00a0<\/strong><\/h3>\n<h4><\/h4>\n<h4>Det \u00e4r d\u00e4rf\u00f6r det kan vara s\u00e5 sv\u00e5rt att f\u00f6rst\u00e5 n\u00e4r svenskar pratar snabbt. Det \u00e4r bra att l\u00e4ra sig reduktionerna f\u00f6r de vanligaste orden. Det \u00e4r ocks\u00e5 bra att lyssna och l\u00e4sa samtidigt. D\u00e5 h\u00f6r man hur det man l\u00e4ser ska uttalas.<\/h4>\n<p>&nbsp;<\/p>\n<p><iframe loading=\"lazy\" title=\"F\u00f6rst\u00e5 n\u00e4r svenskar pratar: REDUKTIONER\" width=\"500\" height=\"281\" src=\"https:\/\/www.youtube.com\/embed\/smwDyV-hU7M?start=263&#038;feature=oembed\" frameborder=\"0\" allow=\"accelerometer; autoplay; clipboard-write; encrypted-media; gyroscope; picture-in-picture; web-share\" referrerpolicy=\"strict-origin-when-cross-origin\" allowfullscreen><\/iframe><\/p>\n<p>&nbsp;<\/p>\n<hr \/>\n<h4><\/h4>\n<h4><\/h4>\n<h4><span style=\"font-size: 1.313em\"><strong>Svenskan har nio vokaler<\/strong>.<\/span><\/h4>\n<p><span style=\"font-size: 1.313em\">I de flesta dialekter l\u00e5ter vokalerna olika n\u00e4r de \u00e4r l\u00e5nga och korta, s\u00e5 <strong>a<\/strong> i mat l\u00e5ter inte likadant som <strong>a<\/strong> i matta. Men det viktigaste \u00e4r att g\u00f6ra r\u00e4tt vokaler l\u00e5nga, och r\u00e4tt korta. H\u00e4r f\u00f6rklarar Peter hur de olika vokalerna l\u00e5ter n\u00e4r de \u00e4r l\u00e5nga och korta.<\/span><\/p>\n<p><iframe loading=\"lazy\" title=\"Vokaler, stavelser och uttal (sfi)\" width=\"500\" height=\"281\" src=\"https:\/\/www.youtube.com\/embed\/2nCoB4Z9nfY?feature=oembed\" frameborder=\"0\" allow=\"accelerometer; autoplay; clipboard-write; encrypted-media; gyroscope; picture-in-picture; web-share\" referrerpolicy=\"strict-origin-when-cross-origin\" allowfullscreen><\/iframe><\/p>\n<p><strong style=\"font-size: 1.625em\">Svenskan har 20 konsonanter, men&#8230;<\/strong><\/p>\n<p><span style=\"font-size: 1.313em\">bara 18 betydelseb\u00e4rande konsonantljud! Det finns stor variation i olika dialekter. R i Sk\u00e5ne \u00e4r till exempel inte samma som R i Stockholm. Peter i videon pratar en dialekt fr\u00e5n norra Sverige. I den anv\u00e4nder man 22 konsonantljud. Det g\u00f6r man i Stockholm ocks\u00e5.<\/span><\/p>\n<p><iframe loading=\"lazy\" title=\"Konsonanter, ljud, uttal (sfi)\" width=\"500\" height=\"281\" src=\"https:\/\/www.youtube.com\/embed\/tYh2KF3xeRA?feature=oembed\" frameborder=\"0\" allow=\"accelerometer; autoplay; clipboard-write; encrypted-media; gyroscope; picture-in-picture; web-share\" referrerpolicy=\"strict-origin-when-cross-origin\" allowfullscreen><\/iframe><\/p>\n<p>&nbsp;<\/p>\n<hr \/>\n<h3><span style=\"font-size: 1.313em\"><br \/>\n<\/span><span style=\"font-size: 1.313em\"><strong>Svenskan har tv\u00e5 accenter, grav och akut.\u00a0<\/strong><\/span><\/h3>\n<h4>Ibland stavas tv\u00e5 ord likadant, men uttalas p\u00e5 tv\u00e5 olika s\u00e4tt eftersom att de har olika accent:<\/h4>\n<p><span style=\"font-size: 1.313em\">Anden (The genie) =\/= Anden (The duck)<br \/>\n<\/span><span style=\"font-size: 1.313em\">Tomten (The santa clause) =\/= Tomten (The plot of land\/the yard)<\/span><\/p>\n<p><span style=\"font-size: 1.313em\">Oftast f\u00f6rst\u00e5r man \u00e4ven om n\u00e5gon inte g\u00f6r r\u00e4tt ton, utifr\u00e5n kontext. Det h\u00e4r \u00e4r inte det viktigaste att l\u00e4ra sig g\u00f6ra r\u00e4tt n\u00e4r man l\u00e4r sig svenskt uttal. Man kan l\u00e4ra sig det n\u00e4r man \u00e4r bekv\u00e4m med spr\u00e5ket.<\/span><\/p>\n<p><iframe loading=\"lazy\" title=\"ordaccent, akut och grav\" width=\"422\" height=\"750\" src=\"https:\/\/www.youtube.com\/embed\/rIjl-Q73c9Q?feature=oembed\" frameborder=\"0\" allow=\"accelerometer; autoplay; clipboard-write; encrypted-media; gyroscope; picture-in-picture; web-share\" referrerpolicy=\"strict-origin-when-cross-origin\" allowfullscreen><\/iframe><\/p>\n<p>&nbsp;<\/p>\n<hr \/>\n<h4><\/h4>\n<h3><strong>Kom ih\u00e5g: Det viktigaste \u00e4r inte att det l\u00e5ter helt r\u00e4tt, utan att du blir f\u00f6rst\u00e5dd!\u00a0<\/strong><\/h3>\n","protected":false},"excerpt":{"rendered":"<p>Det viktigaste i svenskan \u00e4r betoningen. Det som \u00e4r betonat \u00e4r l\u00e5\u00e5\u00e5\u00e5\u00e5\u00e5\u00e5\u00e5ngt och det som inte \u00e4r betonat \u00e4r kort. B\u00e5de vokaler och konsonanter kan vara l\u00e5nga och korta: Manen&#8230;<\/p>\n<div class=\"more-link-wrapper\"><a class=\"more-link\" href=\"https:\/\/blogg.folkuniversitetet.nu\/mikami\/uttal\/\">L\u00e4s mer<span class=\"screen-reader-text\">Uttal<\/span><\/a><\/div>\n","protected":false},"author":964,"featured_media":0,"parent":0,"menu_order":0,"comment_status":"closed","ping_status":"closed","template":"full-width.php","meta":{"footnotes":""},"class_list":["post-134","page","type-page","status-publish","hentry","excerpt"],"_links":{"self":[{"href":"https:\/\/blogg.folkuniversitetet.nu\/mikami\/wp-json\/wp\/v2\/pages\/134","targetHints":{"allow":["GET"]}}],"collection":[{"href":"https:\/\/blogg.folkuniversitetet.nu\/mikami\/wp-json\/wp\/v2\/pages"}],"about":[{"href":"https:\/\/blogg.folkuniversitetet.nu\/mikami\/wp-json\/wp\/v2\/types\/page"}],"author":[{"embeddable":true,"href":"https:\/\/blogg.folkuniversitetet.nu\/mikami\/wp-json\/wp\/v2\/users\/964"}],"replies":[{"embeddable":true,"href":"https:\/\/blogg.folkuniversitetet.nu\/mikami\/wp-json\/wp\/v2\/comments?post=134"}],"version-history":[{"count":37,"href":"https:\/\/blogg.folkuniversitetet.nu\/mikami\/wp-json\/wp\/v2\/pages\/134\/revisions"}],"predecessor-version":[{"id":374,"href":"https:\/\/blogg.folkuniversitetet.nu\/mikami\/wp-json\/wp\/v2\/pages\/134\/revisions\/374"}],"wp:attachment":[{"href":"https:\/\/blogg.folkuniversitetet.nu\/mikami\/wp-json\/wp\/v2\/media?parent=134"}],"curies":[{"name":"wp","href":"https:\/\/api.w.org\/{rel}","templated":true}]}}