{"id":13,"date":"2025-03-05T16:33:03","date_gmt":"2025-03-05T15:33:03","guid":{"rendered":"https:\/\/blogg.folkuniversitetet.nu\/mikami\/?page_id=13"},"modified":"2025-04-13T13:37:44","modified_gmt":"2025-04-13T12:37:44","slug":"vem-ar-miranda","status":"publish","type":"page","link":"https:\/\/blogg.folkuniversitetet.nu\/mikami\/vem-ar-miranda\/","title":{"rendered":"Vem \u00e4r jag?"},"content":{"rendered":"<h4><strong><span style=\"color: #993300\"><br \/>\nHej, jag heter Miranda och \u00e4r l\u00e4rare p\u00e5 folkuniversitetet i svenska som fr\u00e4mmande spr\u00e5k!<\/p>\n<p><\/span><\/strong><\/h4>\n<h4><strong><span style=\"color: #993300\">Jag tycker att det \u00e4r j\u00e4tteroligt b\u00e5de att l\u00e4ra mig, och att l\u00e4ra ut nya spr\u00e5k. Jag talar svenska, engelska, spanska och lite italienska.<\/p>\n<p><\/span><\/strong><\/h4>\n<h4><strong><span style=\"color: #993300\">P\u00e5 min fritid tycker jag om att vara med n\u00e4ra och k\u00e4ra och g\u00e5 p\u00e5 \u00e4ventyr, b\u00e5de p\u00e5 stan och i naturen. Jag \u00e4lskar vintage och hantverk, och stickar och syr n\u00e4r jag har tid.<\/p>\n<p><\/span><\/strong><\/h4>\n<h4><strong><span style=\"color: #993300\">Mina b\u00e4sta tips f\u00f6r att l\u00e4ra sig spr\u00e5k \u00e4r att se mycket filmer och serier, \u00f6va mycket p\u00e5 ordf\u00f6rr\u00e5d, och att v\u00e5ga ta risker &#8211; det g\u00f6r ingenting om det blir fel!<\/span><\/strong><\/h4>\n<p><a href=\"http:\/\/blogg.folkuniversitetet.nu\/mikami\/files\/2025\/04\/241669286_10217045519245046_4745379698534524464_n.jpg\"><img loading=\"lazy\" decoding=\"async\" class=\"alignnone size-medium wp-image-60\" src=\"http:\/\/blogg.folkuniversitetet.nu\/mikami\/files\/2025\/04\/241669286_10217045519245046_4745379698534524464_n-300x300.jpg\" alt=\"\" width=\"300\" height=\"300\" srcset=\"https:\/\/blogg.folkuniversitetet.nu\/mikami\/files\/2025\/04\/241669286_10217045519245046_4745379698534524464_n-300x300.jpg 300w, https:\/\/blogg.folkuniversitetet.nu\/mikami\/files\/2025\/04\/241669286_10217045519245046_4745379698534524464_n-1021x1024.jpg 1021w, https:\/\/blogg.folkuniversitetet.nu\/mikami\/files\/2025\/04\/241669286_10217045519245046_4745379698534524464_n-150x150.jpg 150w, https:\/\/blogg.folkuniversitetet.nu\/mikami\/files\/2025\/04\/241669286_10217045519245046_4745379698534524464_n-768x771.jpg 768w, https:\/\/blogg.folkuniversitetet.nu\/mikami\/files\/2025\/04\/241669286_10217045519245046_4745379698534524464_n-1531x1536.jpg 1531w, https:\/\/blogg.folkuniversitetet.nu\/mikami\/files\/2025\/04\/241669286_10217045519245046_4745379698534524464_n.jpg 1536w\" sizes=\"auto, (max-width: 300px) 100vw, 300px\" \/><\/a><\/p>\n","protected":false},"excerpt":{"rendered":"<p>Hej, jag heter Miranda och \u00e4r l\u00e4rare p\u00e5 folkuniversitetet i svenska som fr\u00e4mmande spr\u00e5k! Jag tycker att det \u00e4r j\u00e4tteroligt b\u00e5de att l\u00e4ra mig, och att l\u00e4ra ut nya spr\u00e5k.&#8230;<\/p>\n<div class=\"more-link-wrapper\"><a class=\"more-link\" href=\"https:\/\/blogg.folkuniversitetet.nu\/mikami\/vem-ar-miranda\/\">L\u00e4s mer<span class=\"screen-reader-text\">Vem \u00e4r jag?<\/span><\/a><\/div>\n","protected":false},"author":107,"featured_media":0,"parent":0,"menu_order":0,"comment_status":"closed","ping_status":"closed","template":"full-width.php","meta":{"footnotes":""},"class_list":["post-13","page","type-page","status-publish","hentry","excerpt"],"_links":{"self":[{"href":"https:\/\/blogg.folkuniversitetet.nu\/mikami\/wp-json\/wp\/v2\/pages\/13","targetHints":{"allow":["GET"]}}],"collection":[{"href":"https:\/\/blogg.folkuniversitetet.nu\/mikami\/wp-json\/wp\/v2\/pages"}],"about":[{"href":"https:\/\/blogg.folkuniversitetet.nu\/mikami\/wp-json\/wp\/v2\/types\/page"}],"author":[{"embeddable":true,"href":"https:\/\/blogg.folkuniversitetet.nu\/mikami\/wp-json\/wp\/v2\/users\/107"}],"replies":[{"embeddable":true,"href":"https:\/\/blogg.folkuniversitetet.nu\/mikami\/wp-json\/wp\/v2\/comments?post=13"}],"version-history":[{"count":14,"href":"https:\/\/blogg.folkuniversitetet.nu\/mikami\/wp-json\/wp\/v2\/pages\/13\/revisions"}],"predecessor-version":[{"id":72,"href":"https:\/\/blogg.folkuniversitetet.nu\/mikami\/wp-json\/wp\/v2\/pages\/13\/revisions\/72"}],"wp:attachment":[{"href":"https:\/\/blogg.folkuniversitetet.nu\/mikami\/wp-json\/wp\/v2\/media?parent=13"}],"curies":[{"name":"wp","href":"https:\/\/api.w.org\/{rel}","templated":true}]}}