{"id":33,"date":"2024-09-09T13:08:58","date_gmt":"2024-09-09T12:08:58","guid":{"rendered":"https:\/\/blogg.folkuniversitetet.nu\/marktu\/?page_id=33"},"modified":"2025-12-05T11:39:20","modified_gmt":"2025-12-05T10:39:20","slug":"lankar","status":"publish","type":"page","link":"https:\/\/blogg.folkuniversitetet.nu\/marktu\/lankar\/","title":{"rendered":"L\u00e4nkar"},"content":{"rendered":"<blockquote><p><strong>Tv\u00e5 anv\u00e4ndbara lexikon<\/strong><\/p>\n<ul>\n<li><a href=\"https:\/\/folkets-lexikon.csc.kth.se\/folkets\/\">Folkets lexikon<\/a><\/li>\n<li><a href=\"https:\/\/lexin.nada.kth.se\/lexin\/\">Lexin<\/a><\/li>\n<\/ul>\n<p><strong>Andra bra resurser<\/strong><\/p>\n<ul>\n<li><a href=\"https:\/\/sverigesradio.se\/radioswedenpalattsvenska\">Radio Sweden<\/a><\/li>\n<li><a href=\"https:\/\/www.svtplay.se\/?kfx=VSwxXEP33&amp;gad_source=1&amp;gclid=CjwKCAjwufq2BhAmEiwAnZqw8uQq0_GNX9P_RcaxHWLIfbokxJDlAS26FZEegWKMMX9nyvVwdu5zwRoCvvsQAvD_BwE\">SVT play\u00a0<\/a><\/li>\n<\/ul>\n<p><strong>En presentation om svenskans vokaler<\/strong><\/p>\n<ul>\n<li><a href=\"http:\/\/blogg.folkuniversitetet.nu\/marktu\/files\/2025\/12\/Svenska-vokaler.pdf\">Svenska vokaler<\/a><\/li>\n<\/ul>\n<\/blockquote>\n","protected":false},"excerpt":{"rendered":"<p>Tv\u00e5 anv\u00e4ndbara lexikon Folkets lexikon Lexin Andra bra resurser Radio Sweden SVT play\u00a0 En presentation om svenskans vokaler Svenska vokaler<\/p>\n","protected":false},"author":949,"featured_media":0,"parent":0,"menu_order":0,"comment_status":"closed","ping_status":"closed","template":"","meta":{"footnotes":""},"class_list":["post-33","page","type-page","status-publish","hentry","post-preview"],"_links":{"self":[{"href":"https:\/\/blogg.folkuniversitetet.nu\/marktu\/wp-json\/wp\/v2\/pages\/33","targetHints":{"allow":["GET"]}}],"collection":[{"href":"https:\/\/blogg.folkuniversitetet.nu\/marktu\/wp-json\/wp\/v2\/pages"}],"about":[{"href":"https:\/\/blogg.folkuniversitetet.nu\/marktu\/wp-json\/wp\/v2\/types\/page"}],"author":[{"embeddable":true,"href":"https:\/\/blogg.folkuniversitetet.nu\/marktu\/wp-json\/wp\/v2\/users\/949"}],"replies":[{"embeddable":true,"href":"https:\/\/blogg.folkuniversitetet.nu\/marktu\/wp-json\/wp\/v2\/comments?post=33"}],"version-history":[{"count":10,"href":"https:\/\/blogg.folkuniversitetet.nu\/marktu\/wp-json\/wp\/v2\/pages\/33\/revisions"}],"predecessor-version":[{"id":592,"href":"https:\/\/blogg.folkuniversitetet.nu\/marktu\/wp-json\/wp\/v2\/pages\/33\/revisions\/592"}],"wp:attachment":[{"href":"https:\/\/blogg.folkuniversitetet.nu\/marktu\/wp-json\/wp\/v2\/media?parent=33"}],"curies":[{"name":"wp","href":"https:\/\/api.w.org\/{rel}","templated":true}]}}