{"id":36,"date":"2014-10-11T14:25:43","date_gmt":"2014-10-11T12:25:43","guid":{"rendered":"http:\/\/blogg.folkuniversitetet.nu\/lopest\/?page_id=36"},"modified":"2014-11-08T10:52:59","modified_gmt":"2014-11-08T09:52:59","slug":"esercizi","status":"publish","type":"page","link":"https:\/\/blogg.folkuniversitetet.nu\/lopest\/esercizi\/","title":{"rendered":"Esercizi &#8211; \u00d6vningar"},"content":{"rendered":"<p>Tr\u00e4na din italienska med lite multimediala \u00f6vningar!<\/p>\n","protected":false},"excerpt":{"rendered":"<p>Tr\u00e4na din italienska med lite multimediala \u00f6vningar!<\/p>\n","protected":false},"author":224,"featured_media":0,"parent":0,"menu_order":0,"comment_status":"open","ping_status":"open","template":"","meta":{"footnotes":""},"class_list":["post-36","page","type-page","status-publish","hentry"],"_links":{"self":[{"href":"https:\/\/blogg.folkuniversitetet.nu\/lopest\/wp-json\/wp\/v2\/pages\/36","targetHints":{"allow":["GET"]}}],"collection":[{"href":"https:\/\/blogg.folkuniversitetet.nu\/lopest\/wp-json\/wp\/v2\/pages"}],"about":[{"href":"https:\/\/blogg.folkuniversitetet.nu\/lopest\/wp-json\/wp\/v2\/types\/page"}],"author":[{"embeddable":true,"href":"https:\/\/blogg.folkuniversitetet.nu\/lopest\/wp-json\/wp\/v2\/users\/224"}],"replies":[{"embeddable":true,"href":"https:\/\/blogg.folkuniversitetet.nu\/lopest\/wp-json\/wp\/v2\/comments?post=36"}],"version-history":[{"count":5,"href":"https:\/\/blogg.folkuniversitetet.nu\/lopest\/wp-json\/wp\/v2\/pages\/36\/revisions"}],"predecessor-version":[{"id":99,"href":"https:\/\/blogg.folkuniversitetet.nu\/lopest\/wp-json\/wp\/v2\/pages\/36\/revisions\/99"}],"wp:attachment":[{"href":"https:\/\/blogg.folkuniversitetet.nu\/lopest\/wp-json\/wp\/v2\/media?parent=36"}],"curies":[{"name":"wp","href":"https:\/\/api.w.org\/{rel}","templated":true}]}}