{"id":2,"date":"2023-09-27T17:46:42","date_gmt":"2023-09-27T17:46:42","guid":{"rendered":"https:\/\/blogg.folkuniversitetet.nu\/lindan\/?page_id=2"},"modified":"2026-05-04T08:25:56","modified_gmt":"2026-05-04T07:25:56","slug":"sample-page","status":"publish","type":"page","link":"https:\/\/blogg.folkuniversitetet.nu\/lindan\/sample-page\/","title":{"rendered":"Om Annika"},"content":{"rendered":"<p><span style=\"font-weight: 400\">V\u00e4lkommen till min blogg!<\/span><\/p>\n<p><strong>L\u00f6rdag den 16 maj kl.09.30 h\u00e5ller jag\u00a0 f\u00f6rel\u00e4sningen &#8221;F\u00f6rst\u00e5 svensk kultur p\u00e5 djupet&#8221; d\u00e4r jag utifr\u00e5n tv\u00e5 k\u00e4nda musikl\u00e5tar beskriver hur vi svenskar brukar uppfattas. L\u00e4s mer i l\u00e4nken nedan:<\/strong><\/p>\n<p>https:\/\/www.folkuniversitetet.se\/kurser-utbildningar\/sprak\/svenskaswedish\/svenska-specialkurser\/distans\/88278\/<\/p>\n<p>&nbsp;<\/p>\n<p><span style=\"font-weight: 400\">Jag bor utanf\u00f6r\u00a0 Stockholm tillsammans med min familj och v\u00e5r hund Rocky.\u00a0\u00a0<\/span><\/p>\n<p>Jag \u00e4r utbildad och beh\u00f6rig gymnasiel\u00e4rare i engelska, italienska och svenska.\u00a0 Jag har undervisat b\u00e5de ton\u00e5ringar och vuxna i drygt\u00a0 tjugo \u00e5r.\u00a0 N\u00e4r jag var 15 \u00e5r \u00e5kte jag p\u00e5 spr\u00e5kresa till England. Detta var min allra f\u00f6rsta resa utomlands, som jag dessutom hade betalat helt sj\u00e4lv. Sommaren innan hade jag sommarjobbat. Jag hamnade hos en j\u00e4ttetrevlig familj och blev f\u00f6r\u00e4lskad\u00a0 i spr\u00e5ket, det engelska landskapet, kulturen och de trevliga m\u00e4nniskorna jag m\u00f6tte. D\u00e4r och d\u00e5 best\u00e4mde jag mig f\u00f6r att bli spr\u00e5kl\u00e4rare.<\/p>\n<p>Sedan dess har jag bott och arbetat i Italien och England, d\u00e4r jag ocks\u00e5 studerade engelska vid Nottinghams universitet. Jag kan \u00e4ven lite tyska, som jag l\u00e4ste i skolan.<\/p>\n<p>De senaste fem \u00e5ren har jag l\u00e4st spanska p\u00e5 distans, s\u00e5 jag har full f\u00f6rst\u00e5else f\u00f6r hur det \u00e4r att l\u00e4ra sig ett fr\u00e4mmande spr\u00e5k.<\/p>\n<p>P\u00e5 fritiden l\u00e4ser jag b\u00f6cker, simmar, \u00e5ker skidor och cyklar. Jag trivs b\u00e4st att vara utomhus i naturen och g\u00e4rna i n\u00e4rheten av sj\u00f6ar och hav. Ja, och s\u00e5 gillar jag att dansa och odla gr\u00f6nsaker.<\/p>\n<p>Vi ses!<\/p>\n<p>Annika Lindstr\u00f6m<\/p>\n<p>&nbsp;<\/p>\n<p>&nbsp;<\/p>\n<p>&nbsp;<\/p>\n","protected":false},"excerpt":{"rendered":"<p>V\u00e4lkommen till min blogg! L\u00f6rdag den 16 maj kl.09.30 h\u00e5ller jag\u00a0 f\u00f6rel\u00e4sningen &#8221;F\u00f6rst\u00e5 svensk kultur p\u00e5 djupet&#8221; d\u00e4r jag utifr\u00e5n tv\u00e5 k\u00e4nda musikl\u00e5tar beskriver hur vi svenskar brukar uppfattas. L\u00e4s mer i l\u00e4nken nedan: https:\/\/www.folkuniversitetet.se\/kurser-utbildningar\/sprak\/svenskaswedish\/svenska-specialkurser\/distans\/88278\/ &nbsp; Jag bor utanf\u00f6r\u00a0 Stockholm tillsammans med min familj och v\u00e5r hund Rocky.\u00a0\u00a0 Jag \u00e4r utbildad och beh\u00f6rig gymnasiel\u00e4rare i [&hellip;]<\/p>\n","protected":false},"author":908,"featured_media":0,"parent":0,"menu_order":0,"comment_status":"closed","ping_status":"open","template":"","meta":{"footnotes":""},"class_list":["post-2","page","type-page","status-publish","hentry","post-preview"],"_links":{"self":[{"href":"https:\/\/blogg.folkuniversitetet.nu\/lindan\/wp-json\/wp\/v2\/pages\/2","targetHints":{"allow":["GET"]}}],"collection":[{"href":"https:\/\/blogg.folkuniversitetet.nu\/lindan\/wp-json\/wp\/v2\/pages"}],"about":[{"href":"https:\/\/blogg.folkuniversitetet.nu\/lindan\/wp-json\/wp\/v2\/types\/page"}],"author":[{"embeddable":true,"href":"https:\/\/blogg.folkuniversitetet.nu\/lindan\/wp-json\/wp\/v2\/users\/908"}],"replies":[{"embeddable":true,"href":"https:\/\/blogg.folkuniversitetet.nu\/lindan\/wp-json\/wp\/v2\/comments?post=2"}],"version-history":[{"count":22,"href":"https:\/\/blogg.folkuniversitetet.nu\/lindan\/wp-json\/wp\/v2\/pages\/2\/revisions"}],"predecessor-version":[{"id":3152,"href":"https:\/\/blogg.folkuniversitetet.nu\/lindan\/wp-json\/wp\/v2\/pages\/2\/revisions\/3152"}],"wp:attachment":[{"href":"https:\/\/blogg.folkuniversitetet.nu\/lindan\/wp-json\/wp\/v2\/media?parent=2"}],"curies":[{"name":"wp","href":"https:\/\/api.w.org\/{rel}","templated":true}]}}