{"id":1498,"date":"2025-01-18T12:45:54","date_gmt":"2025-01-18T11:45:54","guid":{"rendered":"https:\/\/blogg.folkuniversitetet.nu\/lindan\/?page_id=1498"},"modified":"2025-02-06T13:18:51","modified_gmt":"2025-02-06T12:18:51","slug":"studieteknik-tips","status":"publish","type":"page","link":"https:\/\/blogg.folkuniversitetet.nu\/lindan\/studieteknik-tips\/","title":{"rendered":"Studieteknik tips!"},"content":{"rendered":"<p><span style=\"font-weight: 400\">Lyssna p\u00e5 radio och musik. Sjung med! Sl\u00e5 upp nya ord och skriv p\u00e5 post-it lappar.<\/span><\/p>\n<p><span style=\"font-weight: 400\">L\u00e5na b\u00f6cker med ljudfiler, poddar, ljudb\u00f6cker<\/span><\/p>\n<p><span style=\"font-weight: 400\">Hur l\u00e4r du dig? = Inl\u00e4rningsstil:\u00a0 Visuell, audiotiv och\/eller kinestetisk?<\/span><\/p>\n<p><span style=\"font-weight: 400\">Att anteckna \u00e4r generellt v\u00e4ldigt bra f\u00f6r minnet. Dock klarar inte alla av det. <\/span><span style=\"font-weight: 400\">Dessa personer kanske \u00e4r mer auditiva. D\u00e5 kan man spela in sig sj\u00e4lv: <\/span><\/p>\n<p><span style=\"font-weight: 400\">Prata in ord p\u00e5 ditt modersm\u00e5l, sen g\u00f6r du en paus och d\u00e4refter l\u00e4ser du upp ordet p\u00e5 svenska. P\u00e5 detta s\u00e4tt kan du lyssna och f\u00f6rh\u00f6ra dig sj\u00e4lv. Perfekt under promenaden!<\/span><\/p>\n<p><iframe loading=\"lazy\" title=\"Spr\u00e5kinl\u00e4rning (Studieteknik) - L\u00e4roteket\" width=\"676\" height=\"380\" src=\"https:\/\/www.youtube.com\/embed\/LdCBIwCIf7Q?feature=oembed\" frameborder=\"0\" allow=\"accelerometer; autoplay; clipboard-write; encrypted-media; gyroscope; picture-in-picture; web-share\" referrerpolicy=\"strict-origin-when-cross-origin\" allowfullscreen><\/iframe><\/p>\n","protected":false},"excerpt":{"rendered":"<p>Lyssna p\u00e5 radio och musik. Sjung med! Sl\u00e5 upp nya ord och skriv p\u00e5 post-it lappar. L\u00e5na b\u00f6cker med ljudfiler, poddar, ljudb\u00f6cker Hur l\u00e4r du dig? = Inl\u00e4rningsstil:\u00a0 Visuell, audiotiv och\/eller kinestetisk? Att anteckna \u00e4r generellt v\u00e4ldigt bra f\u00f6r minnet. Dock klarar inte alla av det. Dessa personer kanske \u00e4r mer auditiva. D\u00e5 kan man [&hellip;]<\/p>\n","protected":false},"author":908,"featured_media":0,"parent":0,"menu_order":0,"comment_status":"closed","ping_status":"closed","template":"","meta":{"footnotes":""},"class_list":["post-1498","page","type-page","status-publish","hentry","post-preview"],"_links":{"self":[{"href":"https:\/\/blogg.folkuniversitetet.nu\/lindan\/wp-json\/wp\/v2\/pages\/1498","targetHints":{"allow":["GET"]}}],"collection":[{"href":"https:\/\/blogg.folkuniversitetet.nu\/lindan\/wp-json\/wp\/v2\/pages"}],"about":[{"href":"https:\/\/blogg.folkuniversitetet.nu\/lindan\/wp-json\/wp\/v2\/types\/page"}],"author":[{"embeddable":true,"href":"https:\/\/blogg.folkuniversitetet.nu\/lindan\/wp-json\/wp\/v2\/users\/908"}],"replies":[{"embeddable":true,"href":"https:\/\/blogg.folkuniversitetet.nu\/lindan\/wp-json\/wp\/v2\/comments?post=1498"}],"version-history":[{"count":5,"href":"https:\/\/blogg.folkuniversitetet.nu\/lindan\/wp-json\/wp\/v2\/pages\/1498\/revisions"}],"predecessor-version":[{"id":1648,"href":"https:\/\/blogg.folkuniversitetet.nu\/lindan\/wp-json\/wp\/v2\/pages\/1498\/revisions\/1648"}],"wp:attachment":[{"href":"https:\/\/blogg.folkuniversitetet.nu\/lindan\/wp-json\/wp\/v2\/media?parent=1498"}],"curies":[{"name":"wp","href":"https:\/\/api.w.org\/{rel}","templated":true}]}}