{"id":9,"date":"2022-09-12T15:27:09","date_gmt":"2022-09-12T13:27:09","guid":{"rendered":"https:\/\/blogg.folkuniversitetet.nu\/lerust\/?page_id=9"},"modified":"2022-10-18T22:09:13","modified_gmt":"2022-10-18T20:09:13","slug":"liens-lankar","status":"publish","type":"page","link":"https:\/\/blogg.folkuniversitetet.nu\/lerust\/liens-lankar\/","title":{"rendered":"Liens (l\u00e4nkar)"},"content":{"rendered":"<p><a href=\"https:\/\/leconjugueur.lefigaro.fr\/\">Lien vers un site de conjugaison<\/a><\/p>\n<p>&nbsp;<\/p>\n<p><a href=\"https:\/\/www.tv5monde.com\/\">Lien vers la t\u00e9l\u00e9vision fran\u00e7aise en ligne<\/a><\/p>\n<p>&nbsp;<\/p>\n<p><a href=\"https:\/\/institutfrancais-suede.com\/events\/massa-franska-en-karriarmojlighet\/?lang=sv\"><b>\u00ab\u00a0Franska, en karri\u00e4rm\u00f6jlighet! m\u00e4ssa\u00a0\u00bb\/ Forum \u00ab\u00a0fran\u00e7ais langue de l\u2019emploi\u00a0\u00bb<\/b><\/a><\/p>\n<p>&nbsp;<\/p>\n<p><a href=\"https:\/\/savoirs.rfi.fr\/fr\/apprendre-enseigner\/langue-fran%C3%A7aise\/journal-en-fran%C3%A7ais-facile\">Nouvelles en fran\u00e7ais facile (Radio France International)<\/a><\/p>\n<p>(Pour avoir la transcription (les paroles sous forme \u00e9crite), clique sur l&#8217;image des nouvelles du jour)<\/p>\n<h5 class=\"LnpumSThxEWMIsDdAT17 BrPN5UiFwJN5HlfRhga9 CXMyPcQ6nDv47DKFeywM\"><span class=\"EKtkFWMYpwzMKOYr0GYm LQVY1Jpkk8nyJ6HBWKAk\"><a href=\"https:\/\/www.francetvinfo.fr\/replay-jt\/france-2\/20-heures\/\">Tous les JT * de 20h de France 2 \u00e0 voir et revoir en direct et replay<\/a> <\/span><\/h5>\n<ul>\n<li>JT: Journal T\u00e9l\u00e9vis\u00e9<\/li>\n<\/ul>\n<p>&nbsp;<\/p>\n","protected":false},"excerpt":{"rendered":"<p>Lien vers un site de conjugaison &nbsp; Lien vers la t\u00e9l\u00e9vision fran\u00e7aise en ligne &nbsp; \u00ab\u00a0Franska, en karri\u00e4rm\u00f6jlighet! m\u00e4ssa\u00a0\u00bb\/ Forum \u00ab\u00a0fran\u00e7ais langue de l\u2019emploi\u00a0\u00bb &nbsp; Nouvelles en fran\u00e7ais facile (Radio France International) (Pour avoir la transcription (les paroles sous forme \u00e9crite), clique sur l&#8217;image des nouvelles du jour) Tous les JT * de 20h de [&hellip;]<\/p>\n","protected":false},"author":885,"featured_media":0,"parent":0,"menu_order":0,"comment_status":"closed","ping_status":"closed","template":"","meta":{"footnotes":""},"class_list":["post-9","page","type-page","status-publish","hentry","post-preview"],"_links":{"self":[{"href":"https:\/\/blogg.folkuniversitetet.nu\/lerust\/wp-json\/wp\/v2\/pages\/9","targetHints":{"allow":["GET"]}}],"collection":[{"href":"https:\/\/blogg.folkuniversitetet.nu\/lerust\/wp-json\/wp\/v2\/pages"}],"about":[{"href":"https:\/\/blogg.folkuniversitetet.nu\/lerust\/wp-json\/wp\/v2\/types\/page"}],"author":[{"embeddable":true,"href":"https:\/\/blogg.folkuniversitetet.nu\/lerust\/wp-json\/wp\/v2\/users\/885"}],"replies":[{"embeddable":true,"href":"https:\/\/blogg.folkuniversitetet.nu\/lerust\/wp-json\/wp\/v2\/comments?post=9"}],"version-history":[{"count":9,"href":"https:\/\/blogg.folkuniversitetet.nu\/lerust\/wp-json\/wp\/v2\/pages\/9\/revisions"}],"predecessor-version":[{"id":292,"href":"https:\/\/blogg.folkuniversitetet.nu\/lerust\/wp-json\/wp\/v2\/pages\/9\/revisions\/292"}],"wp:attachment":[{"href":"https:\/\/blogg.folkuniversitetet.nu\/lerust\/wp-json\/wp\/v2\/media?parent=9"}],"curies":[{"name":"wp","href":"https:\/\/api.w.org\/{rel}","templated":true}]}}