{"id":3869,"date":"2026-04-15T10:23:17","date_gmt":"2026-04-15T08:23:17","guid":{"rendered":"https:\/\/blogg.folkuniversitetet.nu\/lerust\/?page_id=3869"},"modified":"2026-04-15T10:28:57","modified_gmt":"2026-04-15T08:28:57","slug":"franska-b1-b2-konversation-och-grammatik-11","status":"publish","type":"page","link":"https:\/\/blogg.folkuniversitetet.nu\/lerust\/franska-b1-b2-konversation-och-grammatik-11\/","title":{"rendered":"Franska B1 B2 Konversation och grammatik #11"},"content":{"rendered":"<p><em>Utiliser l exemple et la comparaison pour donner ton avis de mani\u00e8re d\u00e9velopp\u00e9e<\/em><\/p>\n<p data-start=\"486\" data-end=\"501\"><strong data-start=\"486\" data-end=\"499\">Exemple :<\/strong><\/p>\n<blockquote data-start=\"502\" data-end=\"759\">\n<p data-start=\"504\" data-end=\"759\">\u201cPersonnellement, je pr\u00e9f\u00e8re <span class=\"hover:entity-accent entity-underline inline cursor-pointer align-baseline\"><span class=\"whitespace-normal\">Stromae<\/span><\/span> parce que ses chansons sont \u00e0 la fois entra\u00eenantes et profondes. Par exemple, dans ses textes, il aborde souvent des sujets de soci\u00e9t\u00e9, contrairement \u00e0 d\u2019autres artistes plus commerciaux.\u201d<\/p>\n<\/blockquote>\n<p data-start=\"504\" data-end=\"759\">Comparer plusieurs styles ou artistes:<\/p>\n<p data-start=\"936\" data-end=\"951\"><strong data-start=\"936\" data-end=\"949\">Exemple :<\/strong><\/p>\n<blockquote data-start=\"952\" data-end=\"1128\">\n<p data-start=\"954\" data-end=\"1128\">\u201cLa musique de <span class=\"hover:entity-accent entity-underline inline cursor-pointer align-baseline\"><span class=\"whitespace-normal\">Aya Nakamura<\/span><\/span> est plus rythm\u00e9e et l\u00e9g\u00e8re, tandis que celle de <span class=\"hover:entity-accent entity-underline inline cursor-pointer align-baseline\"><span class=\"whitespace-normal\">Jacques Brel<\/span><\/span> est plus \u00e9motionnelle et po\u00e9tique.\u201d<\/p>\n<\/blockquote>\n<p data-start=\"954\" data-end=\"1128\"><em>R\u00e9agir \u00e0 l\u2019opinion de ton interlocuteur \/\u00a0interlocutrice:<\/em><\/p>\n<p data-start=\"1297\" data-end=\"1311\"><strong data-start=\"1297\" data-end=\"1311\">Exemples :<\/strong><\/p>\n<ul data-start=\"1312\" data-end=\"1446\">\n<li data-section-id=\"1kpz8g0\" data-start=\"1312\" data-end=\"1348\">\u201cJe suis d\u2019accord avec toi, mais\u2026\u201d<\/li>\n<li data-section-id=\"1oahs33\" data-start=\"1349\" data-end=\"1394\">\u201cJe comprends ton point de vue, cependant\u2026\u201d<\/li>\n<li data-section-id=\"1ckokwo\" data-start=\"1395\" data-end=\"1446\">\u201cJe ne suis pas tout \u00e0 fait d\u2019accord, parce que\u2026\u201d<\/li>\n<\/ul>\n<p>&nbsp;<\/p>\n<p>&nbsp;<\/p>\n<p>&nbsp;<\/p>\n<p>&nbsp;<\/p>\n<p>QUESTIONS:<\/p>\n<p>Utiliser des connecteurs logiques vari\u00e9s:<\/p>\n<ul data-start=\"2103\" data-end=\"2223\">\n<li data-section-id=\"1omr859\" data-start=\"2103\" data-end=\"2143\"><strong data-start=\"2105\" data-end=\"2121\">Pour ajouter<\/strong> : de plus, en outre<\/li>\n<li data-section-id=\"1wvkns7\" data-start=\"2144\" data-end=\"2187\"><strong data-start=\"2146\" data-end=\"2164\">Pour expliquer<\/strong> : parce que, puisque<\/li>\n<li data-section-id=\"zbg3\" data-start=\"2188\" data-end=\"2223\"><strong data-start=\"2190\" data-end=\"2207\">Pour conclure<\/strong> : donc, ainsi<\/li>\n<\/ul>\n<p>PARMI LES EXTRAITES MUSICAUX QUENOUS AVONS \u00c9COUT\u00c9S,<\/p>\n<p>Proposez unavos structur\u00e9:<\/p>\n<p>\u201cCet extrait me fait penser \u00e0 de la musique pop moderne. Personnellement, je l\u2019aime bien parce qu\u2019il est tr\u00e8s dynamique. Cependant, je pr\u00e9f\u00e8re <span class=\"hover:entity-accent entity-underline inline cursor-pointer align-baseline\"><span class=\"whitespace-normal\">Ang\u00e8le<\/span><\/span>, car ses chansons sont plus originales. Et toi, tu \u00e9coutes souvent ce genre de musique ?\u201d<\/p>\n<p>Puis<\/p>\n<p>VOTRE AVIS SUR:<\/p>\n<ul data-start=\"1794\" data-end=\"1865\">\n<li data-section-id=\"w8cvbs\" data-start=\"1794\" data-end=\"1816\">musique et soci\u00e9t\u00e9<\/li>\n<li data-section-id=\"qgzvha\" data-start=\"1817\" data-end=\"1840\">musique et \u00e9motions<\/li>\n<li data-section-id=\"1x6sjw4\" data-start=\"1841\" data-end=\"1865\">influence culturelle<\/li>\n<\/ul>\n<p data-start=\"1867\" data-end=\"1882\"><strong data-start=\"1867\" data-end=\"1880\">Exemple :<\/strong><\/p>\n<blockquote data-start=\"1883\" data-end=\"2007\">\n<p data-start=\"1885\" data-end=\"2007\">\u201cJe pense que la musique refl\u00e8te souvent la soci\u00e9t\u00e9 actuelle&#8230;.&#8221;<\/p>\n<\/blockquote>\n<h2 data-section-id=\"ojnla9\" data-start=\"2014\" data-end=\"2056\"><\/h2>\n","protected":false},"excerpt":{"rendered":"<p>Utiliser l exemple et la comparaison pour donner ton avis de mani\u00e8re d\u00e9velopp\u00e9e Exemple : \u201cPersonnellement, je pr\u00e9f\u00e8re Stromae parce que ses chansons sont \u00e0 la fois entra\u00eenantes et profondes. Par exemple, dans ses textes, il aborde souvent des sujets de soci\u00e9t\u00e9, contrairement \u00e0 d\u2019autres artistes plus commerciaux.\u201d Comparer plusieurs styles ou artistes: Exemple : [&hellip;]<\/p>\n","protected":false},"author":885,"featured_media":0,"parent":0,"menu_order":0,"comment_status":"closed","ping_status":"closed","template":"","meta":{"footnotes":""},"class_list":["post-3869","page","type-page","status-publish","hentry","post-preview"],"_links":{"self":[{"href":"https:\/\/blogg.folkuniversitetet.nu\/lerust\/wp-json\/wp\/v2\/pages\/3869","targetHints":{"allow":["GET"]}}],"collection":[{"href":"https:\/\/blogg.folkuniversitetet.nu\/lerust\/wp-json\/wp\/v2\/pages"}],"about":[{"href":"https:\/\/blogg.folkuniversitetet.nu\/lerust\/wp-json\/wp\/v2\/types\/page"}],"author":[{"embeddable":true,"href":"https:\/\/blogg.folkuniversitetet.nu\/lerust\/wp-json\/wp\/v2\/users\/885"}],"replies":[{"embeddable":true,"href":"https:\/\/blogg.folkuniversitetet.nu\/lerust\/wp-json\/wp\/v2\/comments?post=3869"}],"version-history":[{"count":3,"href":"https:\/\/blogg.folkuniversitetet.nu\/lerust\/wp-json\/wp\/v2\/pages\/3869\/revisions"}],"predecessor-version":[{"id":3873,"href":"https:\/\/blogg.folkuniversitetet.nu\/lerust\/wp-json\/wp\/v2\/pages\/3869\/revisions\/3873"}],"wp:attachment":[{"href":"https:\/\/blogg.folkuniversitetet.nu\/lerust\/wp-json\/wp\/v2\/media?parent=3869"}],"curies":[{"name":"wp","href":"https:\/\/api.w.org\/{rel}","templated":true}]}}