{"id":3818,"date":"2026-04-01T19:38:55","date_gmt":"2026-04-01T17:38:55","guid":{"rendered":"https:\/\/blogg.folkuniversitetet.nu\/lerust\/?page_id=3818"},"modified":"2026-04-01T19:43:47","modified_gmt":"2026-04-01T17:43:47","slug":"franska-a2-b1-konversation-och-grammatik-9","status":"publish","type":"page","link":"https:\/\/blogg.folkuniversitetet.nu\/lerust\/franska-a2-b1-konversation-och-grammatik-9\/","title":{"rendered":"Franska A2 B1 Konversation och grammatik #9"},"content":{"rendered":"<p>Je suis s\u00fbr.e que tu peux faire ce travail.<\/p>\n<p>Je ne suis pas s\u00fbr.e que tu puisses faire ce travail ?<\/p>\n<p>Es-tu s\u00fbr.e que tu puisses faire ce travail?<\/p>\n<p>&nbsp;<\/p>\n<h3 data-section-id=\"1us62r2\" data-start=\"187\" data-end=\"238\">\ud83d\udcdd Exercice 1 : Choisis la bonne forme du verbe<\/h3>\n<ol data-start=\"240\" data-end=\"633\">\n<li data-section-id=\"1mniq2d\" data-start=\"240\" data-end=\"283\">Je crois que tu ______ (avoir) raison.<\/li>\n<li data-section-id=\"woxgn3\" data-start=\"284\" data-end=\"334\">Je ne crois pas que tu ______ (avoir) raison.<\/li>\n<li data-section-id=\"17vt3x4\" data-start=\"335\" data-end=\"374\">Je pense qu\u2019il ______ (\u00eatre) pr\u00eat.<\/li>\n<li data-section-id=\"1nnjg9i\" data-start=\"375\" data-end=\"421\">Je ne pense pas qu\u2019il ______ (\u00eatre) pr\u00eat.<\/li>\n<li data-section-id=\"1utuhkq\" data-start=\"422\" data-end=\"473\">Je crois que nous ______ (faire) le bon choix.<\/li>\n<li data-section-id=\"18f0gog\" data-start=\"474\" data-end=\"532\">Je ne crois pas que nous ______ (faire) le bon choix.<\/li>\n<li data-section-id=\"1xic8o1\" data-start=\"533\" data-end=\"579\">Je pense que vous ______ (pouvoir) venir.<\/li>\n<li data-section-id=\"j2oizr\" data-start=\"580\" data-end=\"633\">Je ne pense pas que vous ______ (pouvoir) venir.<\/li>\n<\/ol>\n<hr data-start=\"635\" data-end=\"638\" \/>\n<h3 data-section-id=\"t203hq\" data-start=\"640\" data-end=\"712\">\ud83d\udcdd Exercice 2 : Compl\u00e8te avec le bon verbe (indicatif ou subjonctif)<\/h3>\n<ol data-start=\"714\" data-end=\"1014\">\n<li data-section-id=\"1p6rq1k\" data-start=\"714\" data-end=\"760\">Je crois que tu ______ (aller) \u00e0 la f\u00eate.<\/li>\n<li data-section-id=\"c7s8nm\" data-start=\"761\" data-end=\"814\">Je ne crois pas que tu ______ (aller) \u00e0 la f\u00eate.<\/li>\n<li data-section-id=\"vp66ec\" data-start=\"815\" data-end=\"859\">Je pense qu\u2019elle ______ (venir) demain.<\/li>\n<li data-section-id=\"89sc6i\" data-start=\"860\" data-end=\"911\">Je ne pense pas qu\u2019elle ______ (venir) demain.<\/li>\n<li data-section-id=\"1m4oh5u\" data-start=\"912\" data-end=\"959\">Je crois qu\u2019ils ______ (prendre) le train.<\/li>\n<li data-section-id=\"1ga0xk8\" data-start=\"960\" data-end=\"1014\">Je ne crois pas qu\u2019ils ______ (prendre) le train.<\/li>\n<\/ol>\n<hr data-start=\"1016\" data-end=\"1019\" \/>\n<h3 data-section-id=\"j9s3lh\" data-start=\"1021\" data-end=\"1067\">\ud83d\udcdd Exercice 3 : Transforme selon le mod\u00e8le<\/h3>\n<p data-start=\"1069\" data-end=\"1143\">\ud83d\udc49 Exemple :<br data-start=\"1081\" data-end=\"1084\" \/>Je pense qu\u2019il est l\u00e0 \u2192 Je ne pense pas qu\u2019il <strong data-start=\"1130\" data-end=\"1138\">soit<\/strong> l\u00e0<\/p>\n<ol data-start=\"1145\" data-end=\"1412\">\n<li data-section-id=\"kpr9ls\" data-start=\"1145\" data-end=\"1207\">Je crois qu\u2019il a fini \u00e0 temps\u2192 Je ne crois pas qu\u2019il ______ fini \u00e0 temps<\/li>\n<li data-section-id=\"132o7tg\" data-start=\"1208\" data-end=\"1273\">Je pense que tu es pr\u00eat \u2192 Je ne pense pas que tu ______ pr\u00eat<\/li>\n<li data-section-id=\"1e7l9bt\" data-start=\"1274\" data-end=\"1339\">Je crois qu\u2019elle fait\u00a0 du yoga.\u2192 Je ne crois pas qu\u2019elle ______\u00a0 du yoga.<\/li>\n<li data-section-id=\"155rxql\" data-start=\"1340\" data-end=\"1412\">Je pense qu\u2019ils peuvent venir \u2192 Je ne pense pas qu\u2019ils ______ venir<\/li>\n<\/ol>\n<hr data-start=\"1414\" data-end=\"1417\" \/>\n<h3 data-section-id=\"nzf9rf\" data-start=\"1419\" data-end=\"1439\">\ud83d\udca1 Rappel rapide<\/h3>\n<ul data-start=\"1441\" data-end=\"1555\">\n<li data-section-id=\"1oeihu2\" data-start=\"1441\" data-end=\"1490\">\u2705 <strong data-start=\"1445\" data-end=\"1476\">Je crois que \/ je pense que<\/strong> \u2192 indicatif<\/li>\n<li data-section-id=\"unlg9z\" data-start=\"1491\" data-end=\"1555\">\u274c <strong data-start=\"1495\" data-end=\"1540\">Je ne crois pas que \/ je ne pense pas que<\/strong> \u2192 subjonctif<\/li>\n<\/ul>\n<p data-start=\"1557\" data-end=\"1563\">Ex :<\/p>\n<ul data-start=\"1564\" data-end=\"1631\">\n<li data-section-id=\"1e7no1h\" data-start=\"1564\" data-end=\"1593\">Je crois qu\u2019il <strong data-start=\"1581\" data-end=\"1588\">est<\/strong> l\u00e0<\/li>\n<li data-section-id=\"1qsrsrj\" data-start=\"1594\" data-end=\"1631\">Je ne crois pas qu\u2019il <strong data-start=\"1618\" data-end=\"1626\">soit<\/strong> l\u00e0<\/li>\n<\/ul>\n<h3 data-section-id=\"dqupuw\" data-start=\"135\" data-end=\"183\">\ud83d\udcdd Exercice 1 : Compl\u00e8te avec la bonne forme<\/h3>\n<ol data-start=\"185\" data-end=\"493\">\n<li data-section-id=\"19smgld\" data-start=\"185\" data-end=\"231\">Je crois que tu ______ (parler) fran\u00e7ais.<\/li>\n<li data-section-id=\"cj31e3\" data-start=\"232\" data-end=\"285\">Je ne crois pas que tu ______ (parler) fran\u00e7ais.<\/li>\n<li data-section-id=\"1vvk2ls\" data-start=\"286\" data-end=\"333\">Je pense qu\u2019il ______ (finir) son travail.<\/li>\n<li data-section-id=\"ivy8xq\" data-start=\"334\" data-end=\"388\">Je ne pense pas qu\u2019il ______ (finir) son travail.<\/li>\n<li data-section-id=\"beg64o\" data-start=\"389\" data-end=\"437\">Je crois que nous ______ (attendre) le bus.<\/li>\n<li data-section-id=\"cub9vm\" data-start=\"438\" data-end=\"493\">Je ne crois pas que nous ______ (attendre) le bus.<\/li>\n<\/ol>\n<hr data-start=\"495\" data-end=\"498\" \/>\n<h3 data-section-id=\"ya1tf6\" data-start=\"500\" data-end=\"551\">\ud83d\udcdd Exercice 2 : Choisis indicatif ou subjonctif<\/h3>\n<ol data-start=\"553\" data-end=\"871\">\n<li data-section-id=\"1pzk2b5\" data-start=\"553\" data-end=\"602\">Je pense que vous ______ (regarder) ce film.<\/li>\n<li data-section-id=\"z0qzuj\" data-start=\"603\" data-end=\"659\">Je ne pense pas que vous ______ (regarder) ce film.<\/li>\n<li data-section-id=\"1680qbd\" data-start=\"660\" data-end=\"712\">Je crois qu\u2019ils ______ (choisir) ce restaurant.<\/li>\n<li data-section-id=\"l9arp3\" data-start=\"713\" data-end=\"772\">Je ne crois pas qu\u2019ils ______ (choisir) ce restaurant.<\/li>\n<li data-section-id=\"2h1yub\" data-start=\"773\" data-end=\"818\">Je pense que tu ______ (perdre) ton sac.<\/li>\n<li data-section-id=\"nmwh9l\" data-start=\"819\" data-end=\"871\">Je ne pense pas que tu ______ (perdre) ton sac.<\/li>\n<\/ol>\n<hr data-start=\"873\" data-end=\"876\" \/>\n<h3 data-section-id=\"ii2cna\" data-start=\"878\" data-end=\"926\">\ud83d\udcdd Exercice 3 : Transforme (comme le mod\u00e8le)<\/h3>\n<p data-start=\"928\" data-end=\"997\">\ud83d\udc49 Exemple :<br data-start=\"940\" data-end=\"943\" \/>Je crois qu\u2019il parle \u2192 Je ne crois pas qu\u2019il <strong data-start=\"988\" data-end=\"997\">parle<\/strong><\/p>\n<ol data-start=\"999\" data-end=\"1252\">\n<li data-section-id=\"12nd3i2\" data-start=\"999\" data-end=\"1057\">Je pense que tu finis \u00e0 temps \u2192 Je ne pense pas que tu ______\u00e0 temps<\/li>\n<li data-section-id=\"15n6evy\" data-start=\"1058\" data-end=\"1124\">Je crois que nous attendons\u00a0 le\u00a0 m\u00eame\u00a0 bus\u2192 Je ne crois pas que nous ______<\/li>\n<li data-section-id=\"qlwikh\" data-start=\"1125\" data-end=\"1187\">Je pense qu\u2019elle regarde cette personne. \u2192 Je ne pense pas qu\u2019elle ______<\/li>\n<li data-section-id=\"15zfg8c\" data-start=\"1188\" data-end=\"1252\">Je crois qu\u2019ils choisissent cet h\u00f4tel.\u2192 Je ne crois pas qu\u2019ils ______<\/li>\n<\/ol>\n<hr data-start=\"1254\" data-end=\"1257\" \/>\n<h3 data-section-id=\"8j1okc\" data-start=\"1259\" data-end=\"1278\">\ud83d\udca1 Petit rappel<\/h3>\n<p data-start=\"1280\" data-end=\"1360\">Pour les verbes r\u00e9guliers, la diff\u00e9rence est parfois <strong data-start=\"1333\" data-end=\"1355\">invisible \u00e0 l\u2019oral<\/strong> \ud83d\ude04<\/p>\n","protected":false},"excerpt":{"rendered":"<p>Je suis s\u00fbr.e que tu peux faire ce travail. Je ne suis pas s\u00fbr.e que tu puisses faire ce travail ? Es-tu s\u00fbr.e que tu puisses faire ce travail? &nbsp; \ud83d\udcdd Exercice 1 : Choisis la bonne forme du verbe Je crois que tu ______ (avoir) raison. Je ne crois pas que tu ______ (avoir) [&hellip;]<\/p>\n","protected":false},"author":885,"featured_media":0,"parent":0,"menu_order":0,"comment_status":"closed","ping_status":"closed","template":"","meta":{"footnotes":""},"class_list":["post-3818","page","type-page","status-publish","hentry","post-preview"],"_links":{"self":[{"href":"https:\/\/blogg.folkuniversitetet.nu\/lerust\/wp-json\/wp\/v2\/pages\/3818","targetHints":{"allow":["GET"]}}],"collection":[{"href":"https:\/\/blogg.folkuniversitetet.nu\/lerust\/wp-json\/wp\/v2\/pages"}],"about":[{"href":"https:\/\/blogg.folkuniversitetet.nu\/lerust\/wp-json\/wp\/v2\/types\/page"}],"author":[{"embeddable":true,"href":"https:\/\/blogg.folkuniversitetet.nu\/lerust\/wp-json\/wp\/v2\/users\/885"}],"replies":[{"embeddable":true,"href":"https:\/\/blogg.folkuniversitetet.nu\/lerust\/wp-json\/wp\/v2\/comments?post=3818"}],"version-history":[{"count":3,"href":"https:\/\/blogg.folkuniversitetet.nu\/lerust\/wp-json\/wp\/v2\/pages\/3818\/revisions"}],"predecessor-version":[{"id":3822,"href":"https:\/\/blogg.folkuniversitetet.nu\/lerust\/wp-json\/wp\/v2\/pages\/3818\/revisions\/3822"}],"wp:attachment":[{"href":"https:\/\/blogg.folkuniversitetet.nu\/lerust\/wp-json\/wp\/v2\/media?parent=3818"}],"curies":[{"name":"wp","href":"https:\/\/api.w.org\/{rel}","templated":true}]}}