{"id":3753,"date":"2026-03-24T22:28:31","date_gmt":"2026-03-24T21:28:31","guid":{"rendered":"https:\/\/blogg.folkuniversitetet.nu\/lerust\/?page_id=3753"},"modified":"2026-03-25T22:07:08","modified_gmt":"2026-03-25T21:07:08","slug":"franska-b1-b2-konversation-och-grammatik-8","status":"publish","type":"page","link":"https:\/\/blogg.folkuniversitetet.nu\/lerust\/franska-b1-b2-konversation-och-grammatik-8\/","title":{"rendered":"Franska B1 B2 Konversation och grammatik #8"},"content":{"rendered":"<div class=\"Y3BBE\" data-sfc-cp=\"\" data-sfc-root=\"c\" data-sfc-cb=\"\" data-hveid=\"CAEQAA\" data-processed=\"true\">\n<p>Le prix Pritzker, souvent qualifi\u00e9 de &#8221;Nobel de l&#8217;architecture&#8221;, r\u00e9compense depuis 1979 des architectes vivants dont l&#8217;\u0153uvre d\u00e9montre talent, vision et engagement. Les laur\u00e9ats les plus connus incluent des figures majeures comme Oscar Niemeyer, Frank Gehry, Zaha Hadid, Renzo Piano,\u00a0 Norman Foster, Rem Koolhaas, et plus r\u00e9cemment des laur\u00e9ats engag\u00e9s comme Di\u00e9b\u00e9do Francis K\u00e9r\u00e9.<\/p>\n<p>&nbsp;<\/p>\n<\/div>\n<p><em><strong><span class=\"wJwe6c\" data-processed=\"true\"><span class=\"iFMVXd\" data-processed=\"true\">The Pritzker Architecture Prize<\/span><span class=\"IjM6od\" data-processed=\"true\">\u00a0<\/span><\/span><\/strong><\/em><\/p>\n<div class=\"Y3BBE\" data-sfc-cp=\"\" data-sfc-root=\"c\" data-sfc-cb=\"\" data-hveid=\"CAEQAA\" data-processed=\"true\">\n<div data-animation-skip=\"\" data-sfc-root=\"c\" data-sfc-cb=\"\" data-ved=\"2ahUKEwj-zYfUvLmTAxUSKxAIHWhdBzgQ3s0SegQIARAD\" data-processed=\"true\"><\/div>\n<\/div>\n<div class=\"Y3BBE\" data-sfc-cp=\"\" data-sfc-root=\"c\" data-sfc-cb=\"\" data-hveid=\"CAIQAA\" data-processed=\"true\">Voici une s\u00e9lection des laur\u00e9ats les plus embl\u00e9matiques et connus, class\u00e9s par influence et p\u00e9riode :<button class=\"rBl3me\" data-amic=\"true\" data-icl-uuid=\"8e4d2ec9-48d8-42de-94c1-562dbc8694a0\" aria-label=\"Afficher les liens associ\u00e9s\" data-wiz-attrbind=\"disabled=q2LmXe_o\/C5gNJc;aria-label=q2LmXe_o\/bOjMyf;class=q2LmXe_o\/UpSNec\" data-ved=\"2ahUKEwj-zYfUvLmTAxUSKxAIHWhdBzgQye0OegQIAhAB\" data-hveid=\"CAIQAQ\" data-processed=\"true\"><\/button><\/div>\n<div class=\"Y3BBE\" data-sfc-cp=\"\" data-sfc-root=\"c\" data-sfc-cb=\"\" data-hveid=\"CAMQAA\" data-processed=\"true\"><strong class=\"Yjhzub\" data-sfc-root=\"c\" data-sfc-cb=\"\" data-processed=\"true\">Les ic\u00f4nes internationales :<\/strong><\/div>\n<ul class=\"KsbFXc U6u95\" data-sfc-root=\"c\" data-sfc-cb=\"\" data-processed=\"true\">\n<li data-sfc-root=\"c\" data-sfc-cb=\"\" data-hveid=\"CAQQAA\" data-processed=\"true\">Oscar Niemeyer (1988)<\/li>\n<li class=\"dF3vjf\" data-sfc-root=\"c\" data-sfc-cb=\"\" data-hveid=\"CAQQAA\" data-processed=\"true\"><span class=\"T286Pc\" data-sfc-cp=\"\" data-sfc-root=\"c\" data-sfc-cb=\"\" data-processed=\"true\"><strong class=\"Yjhzub\" data-sfc-root=\"c\" data-sfc-cb=\"\" data-processed=\"true\"><span data-sfc-root=\"c\" data-wiz-uids=\"q2LmXe_11\" data-sfc-cb=\"\" data-processed=\"true\"><a class=\"GI370e\" href=\"https:\/\/www.google.com\/search?q=Frank+Gehry&amp;oq=LE+PRIX+PRTITZKER+LES+LAUREATS+LES+PL&amp;gs_lcrp=EgZjaHJvbWUqCQgBECEYChigATIGCAAQRRg5MgkIARAhGAoYoAEyCQgCECEYChigATIJCAMQIRgKGKABMgkIBBAhGAoYoAHSAQkxNTc4N2owajeoAgCwAgA&amp;sourceid=chrome&amp;ie=UTF-8&amp;ved=2ahUKEwj-zYfUvLmTAxUSKxAIHWhdBzgQgK4QegQIBBAB\" data-ved=\"2ahUKEwj-zYfUvLmTAxUSKxAIHWhdBzgQgK4QegQIBBAB\" data-hveid=\"CAQQAQ\" data-processed=\"true\">Frank Gehry<\/a><\/span>\u00a0(1989) :<\/strong>\u00a0Connu pour le mus\u00e9e Guggenheim de Bilbao, ma\u00eetre des formes d\u00e9constructivistes.<\/span><\/li>\n<li class=\"dF3vjf\" data-sfc-root=\"c\" data-sfc-cb=\"\" data-hveid=\"CAQQAg\" data-processed=\"true\"><span class=\"T286Pc\" data-sfc-cp=\"\" data-sfc-root=\"c\" data-sfc-cb=\"\" data-processed=\"true\"><strong class=\"Yjhzub\" data-sfc-root=\"c\" data-sfc-cb=\"\" data-processed=\"true\"><span data-sfc-root=\"c\" data-wiz-uids=\"q2LmXe_16\" data-sfc-cb=\"\" data-processed=\"true\"><a class=\"GI370e\" href=\"https:\/\/www.google.com\/search?q=Zaha+Hadid&amp;oq=LE+PRIX+PRTITZKER+LES+LAUREATS+LES+PL&amp;gs_lcrp=EgZjaHJvbWUqCQgBECEYChigATIGCAAQRRg5MgkIARAhGAoYoAEyCQgCECEYChigATIJCAMQIRgKGKABMgkIBBAhGAoYoAHSAQkxNTc4N2owajeoAgCwAgA&amp;sourceid=chrome&amp;ie=UTF-8&amp;ved=2ahUKEwj-zYfUvLmTAxUSKxAIHWhdBzgQgK4QegQIBBAD\" data-ved=\"2ahUKEwj-zYfUvLmTAxUSKxAIHWhdBzgQgK4QegQIBBAD\" data-hveid=\"CAQQAw\" data-processed=\"true\">Zaha Hadid<\/a><\/span>\u00a0(2004) :<\/strong>\u00a0Premi\u00e8re femme laur\u00e9ate, c\u00e9l\u00e8bre pour ses structures futuristes et fluides.<\/span><\/li>\n<li class=\"dF3vjf\" data-sfc-root=\"c\" data-sfc-cb=\"\" data-hveid=\"CAQQBA\" data-processed=\"true\"><span class=\"T286Pc\" data-sfc-cp=\"\" data-sfc-root=\"c\" data-sfc-cb=\"\" data-processed=\"true\"><strong class=\"Yjhzub\" data-sfc-root=\"c\" data-sfc-cb=\"\" data-processed=\"true\"><span data-sfc-root=\"c\" data-wiz-uids=\"q2LmXe_1b\" data-sfc-cb=\"\" data-processed=\"true\"><a class=\"GI370e\" href=\"https:\/\/www.google.com\/search?q=Renzo+Piano&amp;oq=LE+PRIX+PRTITZKER+LES+LAUREATS+LES+PL&amp;gs_lcrp=EgZjaHJvbWUqCQgBECEYChigATIGCAAQRRg5MgkIARAhGAoYoAEyCQgCECEYChigATIJCAMQIRgKGKABMgkIBBAhGAoYoAHSAQkxNTc4N2owajeoAgCwAgA&amp;sourceid=chrome&amp;ie=UTF-8&amp;ved=2ahUKEwj-zYfUvLmTAxUSKxAIHWhdBzgQgK4QegQIBBAF\" data-ved=\"2ahUKEwj-zYfUvLmTAxUSKxAIHWhdBzgQgK4QegQIBBAF\" data-hveid=\"CAQQBQ\" data-processed=\"true\">Renzo Piano<\/a><\/span>\u00a0(1998) :<\/strong>\u00a0Co-concepteur du Centre Pompidou, repr\u00e9sentant de la haute technologie.<\/span><\/li>\n<li class=\"dF3vjf\" data-sfc-root=\"c\" data-sfc-cb=\"\" data-hveid=\"CAQQCA\" data-processed=\"true\"><span class=\"T286Pc\" data-sfc-cp=\"\" data-sfc-root=\"c\" data-sfc-cb=\"\" data-processed=\"true\"><strong class=\"Yjhzub\" data-sfc-root=\"c\" data-sfc-cb=\"\" data-processed=\"true\"><span data-sfc-root=\"c\" data-wiz-uids=\"q2LmXe_1l\" data-sfc-cb=\"\" data-processed=\"true\"><a class=\"GI370e\" href=\"https:\/\/www.google.com\/search?q=Norman+Foster&amp;oq=LE+PRIX+PRTITZKER+LES+LAUREATS+LES+PL&amp;gs_lcrp=EgZjaHJvbWUqCQgBECEYChigATIGCAAQRRg5MgkIARAhGAoYoAEyCQgCECEYChigATIJCAMQIRgKGKABMgkIBBAhGAoYoAHSAQkxNTc4N2owajeoAgCwAgA&amp;sourceid=chrome&amp;ie=UTF-8&amp;ved=2ahUKEwj-zYfUvLmTAxUSKxAIHWhdBzgQgK4QegQIBBAJ\" data-ved=\"2ahUKEwj-zYfUvLmTAxUSKxAIHWhdBzgQgK4QegQIBBAJ\" data-hveid=\"CAQQCQ\" data-processed=\"true\">Norman Foster<\/a><\/span>\u00a0(1999) :<\/strong>\u00a0Figure du style high-tech, notamment le Viaduc de Millau ou la tour Hearst.<\/span><\/li>\n<li class=\"dF3vjf\" data-sfc-root=\"c\" data-sfc-cb=\"\" data-hveid=\"CAQQCg\" data-processed=\"true\"><span class=\"T286Pc\" data-sfc-cp=\"\" data-sfc-root=\"c\" data-sfc-cb=\"\" data-processed=\"true\"><strong class=\"Yjhzub\" data-sfc-root=\"c\" data-sfc-cb=\"\" data-processed=\"true\"><span data-sfc-root=\"c\" data-wiz-uids=\"q2LmXe_1q\" data-sfc-cb=\"\" data-processed=\"true\"><a class=\"GI370e\" href=\"https:\/\/www.google.com\/search?q=Rem+Koolhaas&amp;oq=LE+PRIX+PRTITZKER+LES+LAUREATS+LES+PL&amp;gs_lcrp=EgZjaHJvbWUqCQgBECEYChigATIGCAAQRRg5MgkIARAhGAoYoAEyCQgCECEYChigATIJCAMQIRgKGKABMgkIBBAhGAoYoAHSAQkxNTc4N2owajeoAgCwAgA&amp;sourceid=chrome&amp;ie=UTF-8&amp;ved=2ahUKEwj-zYfUvLmTAxUSKxAIHWhdBzgQgK4QegQIBBAL\" data-ved=\"2ahUKEwj-zYfUvLmTAxUSKxAIHWhdBzgQgK4QegQIBBAL\" data-hveid=\"CAQQCw\" data-processed=\"true\">Rem Koolhaas<\/a><\/span>\u00a0(2000) :<\/strong>\u00a0Th\u00e9oricien influent et concepteur de projets audacieux comme la CCTV \u00e0 P\u00e9kin.<\/span><\/li>\n<li data-sfc-root=\"c\" data-sfc-cb=\"\" data-hveid=\"CAQQCg\" data-processed=\"true\">Di\u00e9b\u00e9do Francis K\u00e9r\u00e9 (2022)<\/li>\n<\/ul>\n<p><a href=\"http:\/\/blogg.folkuniversitetet.nu\/lerust\/files\/2026\/03\/chrome_683F9999c1.png\"><img loading=\"lazy\" decoding=\"async\" class=\"alignnone size-medium wp-image-3757\" src=\"http:\/\/blogg.folkuniversitetet.nu\/lerust\/files\/2026\/03\/chrome_683F9999c1-300x253.png\" alt=\"\" width=\"300\" height=\"253\" \/><\/a><\/p>\n<p><a href=\"http:\/\/blogg.folkuniversitetet.nu\/lerust\/files\/2026\/03\/chrome_tMn60FUPsF.png\"><img loading=\"lazy\" decoding=\"async\" class=\"alignnone size-medium wp-image-3759\" src=\"http:\/\/blogg.folkuniversitetet.nu\/lerust\/files\/2026\/03\/chrome_tMn60FUPsF-226x300.png\" alt=\"\" width=\"226\" height=\"300\" \/><\/a><\/p>\n<p><strong>La cath\u00e9drale de Brasilia &#8211; Oscar Niemeyer, laur\u00e9at 1988<\/strong><br \/>\nLe c\u00e9l\u00e8bre architecte br\u00e9silien a re\u00e7u le Pritzker pour son \u0153uvre \u00e0 Brasilia, dont il a notamment con\u00e7u le mus\u00e9e, le Congr\u00e8s national et le S\u00e9nat. Inaugur\u00e9e en 1970, la cath\u00e9drale, class\u00e9e au patrimoine mondial de l&#8217;Unesco, est le r\u00e9sultat de l&#8217;assemblage de 16 colonnes de 90 tonnes, repr\u00e9sentant deux mains se joignant vers le ciel.<\/p>\n<p><a href=\"http:\/\/blogg.folkuniversitetet.nu\/lerust\/files\/2026\/03\/chrome_pN0xBnMFnX.png\"><img loading=\"lazy\" decoding=\"async\" class=\"alignnone size-medium wp-image-3761\" src=\"http:\/\/blogg.folkuniversitetet.nu\/lerust\/files\/2026\/03\/chrome_pN0xBnMFnX-161x300.png\" alt=\"\" width=\"161\" height=\"300\" \/><\/a><\/p>\n<p><strong>La tour Agbar &#8211; Jean Nouvel, laur\u00e9at 2008<\/strong><br \/>\nCulminant \u00e0 145 m\u00e8tres, ce gratte-ciel parabolique, symbole de la ville de Barcelone, est enti\u00e8rement recouvert d&#8217;une fa\u00e7ade de verre dont les jalousies, \u00e9quip\u00e9es de dispositifs \u00e0 LED, chatoient dans la nuit. Surnomm\u00e9e le &#8221;suppositoire&#8221;, elle fait \u00e9cho \u00e0 la tour &#8221;cornichon&#8221; de Londres de l&#8217;Anglais Norman Foster, laur\u00e9at du prix Pritzker 1999.<\/p>\n<p><a href=\"http:\/\/blogg.folkuniversitetet.nu\/lerust\/files\/2026\/03\/chrome_pN0xBnMFnX.png\"><img loading=\"lazy\" decoding=\"async\" class=\"alignnone size-medium wp-image-3761\" src=\"http:\/\/blogg.folkuniversitetet.nu\/lerust\/files\/2026\/03\/chrome_pN0xBnMFnX-161x300.png\" alt=\"\" width=\"161\" height=\"300\" \/><\/a><\/p>\n<blockquote class=\"wp-embedded-content\" data-secret=\"yQN2bq254a\"><p><a href=\"https:\/\/www.marmomac.com\/en\/focus-modern-architect-zaha-hadid-2\/\">Focus Modern Architect: Zaha Hadid<\/a><\/p><\/blockquote>\n<p><iframe loading=\"lazy\" class=\"wp-embedded-content\" sandbox=\"allow-scripts\" security=\"restricted\" style=\"position: absolute; visibility: hidden;\" title=\"&#8220;Focus Modern Architect: Zaha Hadid&#8221; &#8212; Marmomac\" src=\"https:\/\/www.marmomac.com\/en\/focus-modern-architect-zaha-hadid-2\/embed\/#?secret=Z0JNHe1KWK#?secret=yQN2bq254a\" data-secret=\"yQN2bq254a\" width=\"600\" height=\"338\" frameborder=\"0\" marginwidth=\"0\" marginheight=\"0\" scrolling=\"no\"><\/iframe><\/p>\n<p>https:\/\/www.arup.com\/fr\/projects\/china-central-television-headquarters\/<\/p>\n<p>LE VIADUC DE MILLAU<\/p>\n<p>https:\/\/www.tourisme-aveyron.com\/fr\/voir-faire\/decouvrir-aveyron\/sites-visiter\/viaduc-millau\/decouvrir-le-viaduc-millau<\/p>\n<p><a href=\"http:\/\/blogg.folkuniversitetet.nu\/lerust\/files\/2026\/03\/chrome_F4MoNf5mRq.png\"><img loading=\"lazy\" decoding=\"async\" class=\"alignnone size-medium wp-image-3785\" src=\"http:\/\/blogg.folkuniversitetet.nu\/lerust\/files\/2026\/03\/chrome_F4MoNf5mRq-300x290.png\" alt=\"\" width=\"300\" height=\"290\" \/><\/a><\/p>\n<p>Di\u00e9b\u00e9do Francis K\u00e9r\u00e9<\/p>\n<p>ARTICLE \u00c0 LIRE POUR NOURRIR VOS R\u00c9PONSES AUX QUESTIONS QUI SUIVRONT:<\/p>\n<p>https:\/\/www.jeuneafrique.com\/1332239\/culture\/burkina-faso-les-6-projets-phares-de-diebedo-francis-kere-prix-pritzker-2022\/<\/p>\n<p>&nbsp;<\/p>\n<h3>Analyse du texte<\/h3>\n<ol>\n<li>Pourquoi peut-on dire que les constructions de Di\u00e9b\u00e9do Francis K\u00e9r\u00e9 sont adapt\u00e9es \u00e0 leur environnement ? Donnez des exemples pr\u00e9cis.<\/li>\n<li>Quels \u00e9l\u00e9ments montrent que ses projets prennent en compte les besoins des populations locales ?<\/li>\n<\/ol>\n<h3>Interpr\u00e9tation<\/h3>\n<ol start=\"3\">\n<li>Pourquoi l\u2019implication des habitants dans les constructions est-elle importante dans les projets de K\u00e9r\u00e9 ?<\/li>\n<li>En quoi les projets de K\u00e9r\u00e9 remettent-ils en question les mod\u00e8les traditionnels d\u2019architecture ?<\/li>\n<\/ol>\n<h3>Argumentation<\/h3>\n<ol start=\"5\">\n<li>Pensez-vous que l\u2019architecture doit toujours s\u2019adapter aux conditions climatiques locales ?<\/li>\n<li>Est-il possible de construire des b\u00e2timents modernes sans utiliser des technologies comme la climatisation ?<\/li>\n<li>Selon vous, l\u2019architecture peut-elle contribuer \u00e0 r\u00e9duire les in\u00e9galit\u00e9s sociales ?<\/li>\n<li>Faut-il privil\u00e9gier des constructions simples et locales plut\u00f4t que des projets plus technologiques ?<\/li>\n<\/ol>\n<h3>R\u00e9flexion critique<\/h3>\n<ol start=\"9\">\n<li>Le projet du Parlement au Burkina Faso montre-t-il les limites de l\u2019architecture face aux r\u00e9alit\u00e9s politiques ?<\/li>\n<li>En quoi les projets de K\u00e9r\u00e9 peuvent-ils inspirer d\u2019autres pays dans le monde ?<\/li>\n<li>Le d\u00e9veloppement durable doit-il \u00eatre une priorit\u00e9 dans tous les projets architecturaux ?<\/li>\n<li>Selon vous, un architecte doit-il avoir une responsabilit\u00e9 sociale ?<\/li>\n<\/ol>\n<p>&nbsp;<\/p>\n","protected":false},"excerpt":{"rendered":"<p>Le prix Pritzker, souvent qualifi\u00e9 de &#8221;Nobel de l&#8217;architecture&#8221;, r\u00e9compense depuis 1979 des architectes vivants dont l&#8217;\u0153uvre d\u00e9montre talent, vision et engagement. Les laur\u00e9ats les plus connus incluent des figures majeures comme Oscar Niemeyer, Frank Gehry, Zaha Hadid, Renzo Piano,\u00a0 Norman Foster, Rem Koolhaas, et plus r\u00e9cemment des laur\u00e9ats engag\u00e9s comme Di\u00e9b\u00e9do Francis K\u00e9r\u00e9. &nbsp; [&hellip;]<\/p>\n","protected":false},"author":885,"featured_media":0,"parent":0,"menu_order":0,"comment_status":"closed","ping_status":"closed","template":"","meta":{"footnotes":""},"class_list":["post-3753","page","type-page","status-publish","hentry","post-preview"],"_links":{"self":[{"href":"https:\/\/blogg.folkuniversitetet.nu\/lerust\/wp-json\/wp\/v2\/pages\/3753","targetHints":{"allow":["GET"]}}],"collection":[{"href":"https:\/\/blogg.folkuniversitetet.nu\/lerust\/wp-json\/wp\/v2\/pages"}],"about":[{"href":"https:\/\/blogg.folkuniversitetet.nu\/lerust\/wp-json\/wp\/v2\/types\/page"}],"author":[{"embeddable":true,"href":"https:\/\/blogg.folkuniversitetet.nu\/lerust\/wp-json\/wp\/v2\/users\/885"}],"replies":[{"embeddable":true,"href":"https:\/\/blogg.folkuniversitetet.nu\/lerust\/wp-json\/wp\/v2\/comments?post=3753"}],"version-history":[{"count":19,"href":"https:\/\/blogg.folkuniversitetet.nu\/lerust\/wp-json\/wp\/v2\/pages\/3753\/revisions"}],"predecessor-version":[{"id":3794,"href":"https:\/\/blogg.folkuniversitetet.nu\/lerust\/wp-json\/wp\/v2\/pages\/3753\/revisions\/3794"}],"wp:attachment":[{"href":"https:\/\/blogg.folkuniversitetet.nu\/lerust\/wp-json\/wp\/v2\/media?parent=3753"}],"curies":[{"name":"wp","href":"https:\/\/api.w.org\/{rel}","templated":true}]}}