{"id":3627,"date":"2026-03-03T21:57:44","date_gmt":"2026-03-03T20:57:44","guid":{"rendered":"https:\/\/blogg.folkuniversitetet.nu\/lerust\/?page_id=3627"},"modified":"2026-03-18T15:27:46","modified_gmt":"2026-03-18T14:27:46","slug":"franska-a2-b1-konversation-och-grammatik-5","status":"publish","type":"page","link":"https:\/\/blogg.folkuniversitetet.nu\/lerust\/franska-a2-b1-konversation-och-grammatik-5\/","title":{"rendered":"Franska A2 B1 Konversation och grammatik #5"},"content":{"rendered":"<p>Vocabulaire vu derni\u00e8rement sur la sant\u00e9: <a href=\"http:\/\/blogg.folkuniversitetet.nu\/lerust\/files\/2026\/03\/FU-Mercredi-4-mars.pdf\">FU Mercredi 4 mars<\/a><\/p>\n<p>&nbsp;<\/p>\n<p><strong>Vocabulaire des v\u00eatements:<\/strong><\/p>\n<p><a href=\"http:\/\/blogg.folkuniversitetet.nu\/lerust\/files\/2026\/03\/vocabulaire-image-des-vetements-et-accessoires.pdf\">vocabulaire imag\u00e9 des v\u00eatements et accessoires<\/a><\/p>\n<p><em><strong>DIALOGUE AU MAGASIN:<\/strong><\/em><\/p>\n<p><a href=\"http:\/\/blogg.folkuniversitetet.nu\/lerust\/files\/2026\/03\/AU-MAGASIN-dialogue-une-petite-jupe-bleue.pdf\">AU MAGASIN dialogue-une petite jupe bleue<\/a><\/p>\n<p>&nbsp;<\/p>\n<audio class=\"wp-audio-shortcode\" id=\"audio-3627-1\" preload=\"none\" style=\"width: 100%;\" controls=\"controls\"><source type=\"audio\/mpeg\" src=\"http:\/\/blogg.folkuniversitetet.nu\/lerust\/files\/2026\/03\/Piste_24_LA_PETITE_JUPE_BLEUE.mp3?_=1\" \/><a href=\"http:\/\/blogg.folkuniversitetet.nu\/lerust\/files\/2026\/03\/Piste_24_LA_PETITE_JUPE_BLEUE.mp3\">http:\/\/blogg.folkuniversitetet.nu\/lerust\/files\/2026\/03\/Piste_24_LA_PETITE_JUPE_BLEUE.mp3<\/a><\/audio>\n","protected":false},"excerpt":{"rendered":"<p>Vocabulaire vu derni\u00e8rement sur la sant\u00e9: FU Mercredi 4 mars &nbsp; Vocabulaire des v\u00eatements: vocabulaire imag\u00e9 des v\u00eatements et accessoires DIALOGUE AU MAGASIN: AU MAGASIN dialogue-une petite jupe bleue &nbsp;<\/p>\n","protected":false},"author":885,"featured_media":0,"parent":0,"menu_order":0,"comment_status":"closed","ping_status":"closed","template":"","meta":{"footnotes":""},"class_list":["post-3627","page","type-page","status-publish","hentry","post-preview"],"_links":{"self":[{"href":"https:\/\/blogg.folkuniversitetet.nu\/lerust\/wp-json\/wp\/v2\/pages\/3627","targetHints":{"allow":["GET"]}}],"collection":[{"href":"https:\/\/blogg.folkuniversitetet.nu\/lerust\/wp-json\/wp\/v2\/pages"}],"about":[{"href":"https:\/\/blogg.folkuniversitetet.nu\/lerust\/wp-json\/wp\/v2\/types\/page"}],"author":[{"embeddable":true,"href":"https:\/\/blogg.folkuniversitetet.nu\/lerust\/wp-json\/wp\/v2\/users\/885"}],"replies":[{"embeddable":true,"href":"https:\/\/blogg.folkuniversitetet.nu\/lerust\/wp-json\/wp\/v2\/comments?post=3627"}],"version-history":[{"count":6,"href":"https:\/\/blogg.folkuniversitetet.nu\/lerust\/wp-json\/wp\/v2\/pages\/3627\/revisions"}],"predecessor-version":[{"id":3656,"href":"https:\/\/blogg.folkuniversitetet.nu\/lerust\/wp-json\/wp\/v2\/pages\/3627\/revisions\/3656"}],"wp:attachment":[{"href":"https:\/\/blogg.folkuniversitetet.nu\/lerust\/wp-json\/wp\/v2\/media?parent=3627"}],"curies":[{"name":"wp","href":"https:\/\/api.w.org\/{rel}","templated":true}]}}