{"id":3591,"date":"2026-02-23T20:42:31","date_gmt":"2026-02-23T19:42:31","guid":{"rendered":"https:\/\/blogg.folkuniversitetet.nu\/lerust\/?page_id=3591"},"modified":"2026-03-05T11:10:53","modified_gmt":"2026-03-05T10:10:53","slug":"franska-a2-b1-konversation-och-grammatik-4","status":"publish","type":"page","link":"https:\/\/blogg.folkuniversitetet.nu\/lerust\/franska-a2-b1-konversation-och-grammatik-4\/","title":{"rendered":"Franska  B1 B2 Konversation och grammatik #4"},"content":{"rendered":"<p><a href=\"http:\/\/blogg.folkuniversitetet.nu\/lerust\/files\/2026\/02\/la-Bollorisation-des-medias-B2.pdf\">la Bollorisation des medias B2<\/a><\/p>\n<p><span style=\"color: #444444;font-size: 1.75em;font-weight: bold\">\ud83d\udd39 Questions de compr\u00e9hension et d\u2019analyse (B2)<\/span><\/p>\n<ol>\n<li>Qu\u2019entend-on par \u00ab concentration des m\u00e9dias \u00bb ? Quels en sont les avantages et les risques pour la d\u00e9mocratie ?<\/li>\n<li>Pourquoi la concentration des m\u00e9dias peut-elle poser un probl\u00e8me en mati\u00e8re de pluralisme de l\u2019information ?<\/li>\n<li>Quel r\u00f4le joue ARCOM dans la r\u00e9gulation des m\u00e9dias en France ?<\/li>\n<li>En quoi la ligne \u00e9ditoriale d\u2019un m\u00e9dia peut-elle \u00e9voluer apr\u00e8s un changement d\u2019actionnaire ?<\/li>\n<li>Selon vous, quelle est la diff\u00e9rence entre orientation \u00e9ditoriale et ing\u00e9rence r\u00e9dactionnelle ?<\/li>\n<li>Peut-on r\u00e9ellement garantir l\u2019ind\u00e9pendance journalistique dans un grand groupe industriel ?<\/li>\n<li>Les m\u00e9dias appartenant \u00e0 un m\u00eame propri\u00e9taire offrent-ils n\u00e9cessairement une vision homog\u00e8ne de l\u2019actualit\u00e9 ?<\/li>\n<li>La concentration des m\u00e9dias est-elle un ph\u00e9nom\u00e8ne uniquement fran\u00e7ais ou mondial ?<\/li>\n<li>Faut-il limiter l\u00e9galement le nombre de m\u00e9dias qu\u2019un m\u00eame groupe peut poss\u00e9der ?<\/li>\n<li>Les journalistes doivent-ils pouvoir s\u2019opposer publiquement aux choix strat\u00e9giques de leur direction ?<\/li>\n<\/ol>\n<hr \/>\n<h2>\ud83d\udd39 <span style=\"color: #333333;font-size: 16px\">Comment l\u2019influence suppos\u00e9e de Vincent Bollor\u00e9 est-elle per\u00e7ue dans les m\u00e9dias qu\u2019il contr\u00f4le ?<\/span><\/h2>\n<ol start=\"11\">\n<li>Certains observateurs \u00e9voquent une droitisation de la ligne \u00e9ditoriale de m\u00e9dias comme CNews ou C8. ( Chaines de t\u00e9l\u00e9vision)<\/li>\n<li>Comment les r\u00e9actions des r\u00e9dactions (gr\u00e8ves, tribunes, d\u00e9missions) peuvent-elles influencer l\u2019opinion publique ?<\/li>\n<li>Peut-on comparer la situation fran\u00e7aise \u00e0 celle d\u2019autres pays europ\u00e9ens ?<\/li>\n<li>La confiance du public dans les m\u00e9dias est-elle affect\u00e9e par ces d\u00e9bats ?<\/li>\n<li>\u00c0 long terme, quelles pourraient \u00eatre les cons\u00e9quences politiques et sociales d\u2019une forte concentration m\u00e9diatique ?<\/li>\n<\/ol>\n<p>&nbsp;<\/p>\n","protected":false},"excerpt":{"rendered":"<p>la Bollorisation des medias B2 \ud83d\udd39 Questions de compr\u00e9hension et d\u2019analyse (B2) Qu\u2019entend-on par \u00ab concentration des m\u00e9dias \u00bb ? Quels en sont les avantages et les risques pour la d\u00e9mocratie ? Pourquoi la concentration des m\u00e9dias peut-elle poser un probl\u00e8me en mati\u00e8re de pluralisme de l\u2019information ? Quel r\u00f4le joue ARCOM dans la r\u00e9gulation [&hellip;]<\/p>\n","protected":false},"author":885,"featured_media":0,"parent":0,"menu_order":0,"comment_status":"closed","ping_status":"closed","template":"","meta":{"footnotes":""},"class_list":["post-3591","page","type-page","status-publish","hentry","post-preview"],"_links":{"self":[{"href":"https:\/\/blogg.folkuniversitetet.nu\/lerust\/wp-json\/wp\/v2\/pages\/3591","targetHints":{"allow":["GET"]}}],"collection":[{"href":"https:\/\/blogg.folkuniversitetet.nu\/lerust\/wp-json\/wp\/v2\/pages"}],"about":[{"href":"https:\/\/blogg.folkuniversitetet.nu\/lerust\/wp-json\/wp\/v2\/types\/page"}],"author":[{"embeddable":true,"href":"https:\/\/blogg.folkuniversitetet.nu\/lerust\/wp-json\/wp\/v2\/users\/885"}],"replies":[{"embeddable":true,"href":"https:\/\/blogg.folkuniversitetet.nu\/lerust\/wp-json\/wp\/v2\/comments?post=3591"}],"version-history":[{"count":5,"href":"https:\/\/blogg.folkuniversitetet.nu\/lerust\/wp-json\/wp\/v2\/pages\/3591\/revisions"}],"predecessor-version":[{"id":3657,"href":"https:\/\/blogg.folkuniversitetet.nu\/lerust\/wp-json\/wp\/v2\/pages\/3591\/revisions\/3657"}],"wp:attachment":[{"href":"https:\/\/blogg.folkuniversitetet.nu\/lerust\/wp-json\/wp\/v2\/media?parent=3591"}],"curies":[{"name":"wp","href":"https:\/\/api.w.org\/{rel}","templated":true}]}}