{"id":3525,"date":"2026-02-10T22:17:29","date_gmt":"2026-02-10T21:17:29","guid":{"rendered":"https:\/\/blogg.folkuniversitetet.nu\/lerust\/?page_id=3525"},"modified":"2026-02-12T11:10:31","modified_gmt":"2026-02-12T10:10:31","slug":"franska-a2-b1-konversation-och-grammatik-2","status":"publish","type":"page","link":"https:\/\/blogg.folkuniversitetet.nu\/lerust\/franska-a2-b1-konversation-och-grammatik-2\/","title":{"rendered":"Franska A2 B1 Konversation och grammatik #2"},"content":{"rendered":"<p>Voici quelques questions (de courtes vid\u00e9os sont disponibles plus bas dans la page):<\/p>\n<h3 data-start=\"618\" data-end=\"656\"><\/h3>\n<ol data-start=\"658\" data-end=\"930\">\n<li data-start=\"658\" data-end=\"707\">\n<ol data-start=\"658\" data-end=\"930\">\n<li data-start=\"243\" data-end=\"272\">\n<p data-start=\"246\" data-end=\"272\">Qui \u00e9tait Mohammed Ali ?<\/p>\n<\/li>\n<li data-start=\"273\" data-end=\"312\">\n<p data-start=\"276\" data-end=\"312\">Dans quel sport \u00e9tait-il c\u00e9l\u00e8bre ?<\/p>\n<\/li>\n<li>Pourquoi Mohammed Ali a-t-il chang\u00e9 de nom ?<\/li>\n<li data-start=\"313\" data-end=\"373\">\n<p data-start=\"316\" data-end=\"373\">Pourquoi a-t-il refus\u00e9 d\u2019aller \u00e0 la guerre du Vietnam ?<\/p>\n<\/li>\n<li data-start=\"708\" data-end=\"760\">\n<p data-start=\"711\" data-end=\"760\">Pourquoi son refus \u00e9tait-il un acte politique ?<\/p>\n<\/li>\n<li data-start=\"761\" data-end=\"810\">\n<p data-start=\"764\" data-end=\"810\">Pourquoi sa d\u00e9cision \u00e9tait-elle courageuse ?<\/p>\n<\/li>\n<li data-start=\"811\" data-end=\"878\">\n<p data-start=\"814\" data-end=\"878\">Pourquoi certaines personnes n\u2019\u00e9taient pas d\u2019accord avec lui ?<\/p>\n<\/li>\n<li data-start=\"879\" data-end=\"930\">\n<p data-start=\"882\" data-end=\"930\">D&#8217;apr\u00e8s vous, comment son choix a-t-il influenc\u00e9 sa carri\u00e8re ?<\/p>\n<\/li>\n<\/ol>\n<\/li>\n<li data-start=\"243\" data-end=\"272\">GRAMMAIRE:<\/li>\n<\/ol>\n<p>QUELQUES FA\u00e7ONS D&#8217;EXPRIMER LA CAUSE:<\/p>\n<p><a href=\"http:\/\/blogg.folkuniversitetet.nu\/lerust\/files\/2026\/02\/IMG_20200713_0008-scaled.jpg\"><img loading=\"lazy\" decoding=\"async\" class=\"alignnone size-medium wp-image-3497\" src=\"http:\/\/blogg.folkuniversitetet.nu\/lerust\/files\/2026\/02\/IMG_20200713_0008-194x300.jpg\" alt=\"\" width=\"194\" height=\"300\" srcset=\"https:\/\/blogg.folkuniversitetet.nu\/lerust\/files\/2026\/02\/IMG_20200713_0008-194x300.jpg 194w, https:\/\/blogg.folkuniversitetet.nu\/lerust\/files\/2026\/02\/IMG_20200713_0008-662x1024.jpg 662w, https:\/\/blogg.folkuniversitetet.nu\/lerust\/files\/2026\/02\/IMG_20200713_0008-768x1189.jpg 768w, https:\/\/blogg.folkuniversitetet.nu\/lerust\/files\/2026\/02\/IMG_20200713_0008-992x1536.jpg 992w, https:\/\/blogg.folkuniversitetet.nu\/lerust\/files\/2026\/02\/IMG_20200713_0008-1323x2048.jpg 1323w, https:\/\/blogg.folkuniversitetet.nu\/lerust\/files\/2026\/02\/IMG_20200713_0008-676x1046.jpg 676w, https:\/\/blogg.folkuniversitetet.nu\/lerust\/files\/2026\/02\/IMG_20200713_0008-scaled.jpg 1654w\" sizes=\"auto, (max-width: 194px) 100vw, 194px\" \/><\/a><\/p>\n<p>E\u00c0 VOIR (malheureusement, uniquement en anglais), quelques extraits de d\u00e9clarations de Mohhammed Ali, n\u00e9 Cassius Clay, par rapport aux probl\u00e8mes raciaux.<\/p>\n<p>Pourquoi il a chang\u00e9 son nom:<\/p>\n<p><iframe loading=\"lazy\" title=\"Muhammad Ali On Why He Changed His Name \ud83d\udc10\" width=\"563\" height=\"1000\" src=\"https:\/\/www.youtube.com\/embed\/AQQqH7LT3AA?feature=oembed\" frameborder=\"0\" allow=\"accelerometer; autoplay; clipboard-write; encrypted-media; gyroscope; picture-in-picture; web-share\" referrerpolicy=\"strict-origin-when-cross-origin\" allowfullscreen><\/iframe><\/p>\n<p>Confrontation sur son refus de combattre au Viet-Nam:<\/p>\n<p><iframe loading=\"lazy\" title=\"Mohammed Ali on refusing the U.S. military draft to #vietnam\" width=\"563\" height=\"1000\" src=\"https:\/\/www.youtube.com\/embed\/rgel2Hv_A_k?feature=oembed\" frameborder=\"0\" allow=\"accelerometer; autoplay; clipboard-write; encrypted-media; gyroscope; picture-in-picture; web-share\" referrerpolicy=\"strict-origin-when-cross-origin\" allowfullscreen><\/iframe><\/p>\n<p>et sur le m\u00eame th\u00e8me, extrait du film sur sa vie:<\/p>\n<p><iframe loading=\"lazy\" title=\"Muhammad Ali Refuses To Go To War \ud83e\udd4a\" width=\"563\" height=\"1000\" src=\"https:\/\/www.youtube.com\/embed\/wgOOBW3CJIY?feature=oembed\" frameborder=\"0\" allow=\"accelerometer; autoplay; clipboard-write; encrypted-media; gyroscope; picture-in-picture; web-share\" referrerpolicy=\"strict-origin-when-cross-origin\" allowfullscreen><\/iframe><\/p>\n","protected":false},"excerpt":{"rendered":"<p>Voici quelques questions (de courtes vid\u00e9os sont disponibles plus bas dans la page): Qui \u00e9tait Mohammed Ali ? Dans quel sport \u00e9tait-il c\u00e9l\u00e8bre ? Pourquoi Mohammed Ali a-t-il chang\u00e9 de nom ? Pourquoi a-t-il refus\u00e9 d\u2019aller \u00e0 la guerre du Vietnam ? Pourquoi son refus \u00e9tait-il un acte politique ? Pourquoi sa d\u00e9cision \u00e9tait-elle courageuse [&hellip;]<\/p>\n","protected":false},"author":885,"featured_media":0,"parent":0,"menu_order":0,"comment_status":"closed","ping_status":"closed","template":"","meta":{"footnotes":""},"class_list":["post-3525","page","type-page","status-publish","hentry","post-preview"],"_links":{"self":[{"href":"https:\/\/blogg.folkuniversitetet.nu\/lerust\/wp-json\/wp\/v2\/pages\/3525","targetHints":{"allow":["GET"]}}],"collection":[{"href":"https:\/\/blogg.folkuniversitetet.nu\/lerust\/wp-json\/wp\/v2\/pages"}],"about":[{"href":"https:\/\/blogg.folkuniversitetet.nu\/lerust\/wp-json\/wp\/v2\/types\/page"}],"author":[{"embeddable":true,"href":"https:\/\/blogg.folkuniversitetet.nu\/lerust\/wp-json\/wp\/v2\/users\/885"}],"replies":[{"embeddable":true,"href":"https:\/\/blogg.folkuniversitetet.nu\/lerust\/wp-json\/wp\/v2\/comments?post=3525"}],"version-history":[{"count":5,"href":"https:\/\/blogg.folkuniversitetet.nu\/lerust\/wp-json\/wp\/v2\/pages\/3525\/revisions"}],"predecessor-version":[{"id":3538,"href":"https:\/\/blogg.folkuniversitetet.nu\/lerust\/wp-json\/wp\/v2\/pages\/3525\/revisions\/3538"}],"wp:attachment":[{"href":"https:\/\/blogg.folkuniversitetet.nu\/lerust\/wp-json\/wp\/v2\/media?parent=3525"}],"curies":[{"name":"wp","href":"https:\/\/api.w.org\/{rel}","templated":true}]}}