{"id":3496,"date":"2026-02-09T22:37:36","date_gmt":"2026-02-09T21:37:36","guid":{"rendered":"https:\/\/blogg.folkuniversitetet.nu\/lerust\/?page_id=3496"},"modified":"2026-02-09T22:40:25","modified_gmt":"2026-02-09T21:40:25","slug":"franska-b1-b2-konversation-och-grammatik-1","status":"publish","type":"page","link":"https:\/\/blogg.folkuniversitetet.nu\/lerust\/franska-b1-b2-konversation-och-grammatik-1\/","title":{"rendered":"Franska B1 B2 Konversation och grammatik #1"},"content":{"rendered":"<p><a href=\"http:\/\/blogg.folkuniversitetet.nu\/lerust\/files\/2026\/02\/IMG_20200713_0008-scaled.jpg\"><img loading=\"lazy\" decoding=\"async\" class=\"alignnone size-medium wp-image-3497\" src=\"http:\/\/blogg.folkuniversitetet.nu\/lerust\/files\/2026\/02\/IMG_20200713_0008-194x300.jpg\" alt=\"\" width=\"194\" height=\"300\" srcset=\"https:\/\/blogg.folkuniversitetet.nu\/lerust\/files\/2026\/02\/IMG_20200713_0008-194x300.jpg 194w, https:\/\/blogg.folkuniversitetet.nu\/lerust\/files\/2026\/02\/IMG_20200713_0008-662x1024.jpg 662w, https:\/\/blogg.folkuniversitetet.nu\/lerust\/files\/2026\/02\/IMG_20200713_0008-768x1189.jpg 768w, https:\/\/blogg.folkuniversitetet.nu\/lerust\/files\/2026\/02\/IMG_20200713_0008-992x1536.jpg 992w, https:\/\/blogg.folkuniversitetet.nu\/lerust\/files\/2026\/02\/IMG_20200713_0008-1323x2048.jpg 1323w, https:\/\/blogg.folkuniversitetet.nu\/lerust\/files\/2026\/02\/IMG_20200713_0008-676x1046.jpg 676w, https:\/\/blogg.folkuniversitetet.nu\/lerust\/files\/2026\/02\/IMG_20200713_0008-scaled.jpg 1654w\" sizes=\"auto, (max-width: 194px) 100vw, 194px\" \/><\/a><\/p>\n<h3 data-start=\"108\" data-end=\"166\">\ud83e\udde0 D\u00e9clarations qui d\u00e9clenchent une recherche de cause<\/h3>\n<ol data-start=\"168\" data-end=\"603\">\n<li data-start=\"168\" data-end=\"287\">\n<p data-start=\"171\" data-end=\"287\"><strong data-start=\"171\" data-end=\"212\">Changement de comportement inexpliqu\u00e9<\/strong><br data-start=\"212\" data-end=\"215\" \/><em data-start=\"218\" data-end=\"287\">\u00ab Depuis quelque temps, il a compl\u00e8tement chang\u00e9 de comportement. \u00bb<\/em><\/p>\n<\/li>\n<li data-start=\"289\" data-end=\"389\">\n<p data-start=\"292\" data-end=\"389\"><strong data-start=\"292\" data-end=\"326\">Baisse soudaine de performance<\/strong><br data-start=\"326\" data-end=\"329\" \/><em data-start=\"332\" data-end=\"389\">\u00ab Les r\u00e9sultats ont chut\u00e9 sans explication apparente. \u00bb<\/em><\/p>\n<\/li>\n<li data-start=\"391\" data-end=\"490\">\n<p data-start=\"394\" data-end=\"490\"><strong data-start=\"394\" data-end=\"427\">\u00c9vitement d\u2019un sujet sensible<\/strong><br data-start=\"427\" data-end=\"430\" \/><em data-start=\"433\" data-end=\"490\">\u00ab Elle \u00e9vite ce sujet \u00e0 chaque fois qu\u2019il est abord\u00e9. \u00bb<\/em><\/p>\n<\/li>\n<li data-start=\"492\" data-end=\"603\">\n<p data-start=\"495\" data-end=\"603\"><strong data-start=\"495\" data-end=\"540\">D\u00e9gradation brutale du climat relationnel<\/strong><br data-start=\"540\" data-end=\"543\" \/><em data-start=\"546\" data-end=\"603\">\u00ab L\u2019ambiance est devenue tendue du jour au lendemain. \u00bb<\/em><\/p>\n<\/li>\n<\/ol>\n<hr data-start=\"605\" data-end=\"608\" \/>\n<h3 data-start=\"610\" data-end=\"649\">\ud83d\udde3\ufe0f Dans une discussion ou un d\u00e9bat<\/h3>\n<ol start=\"5\" data-start=\"651\" data-end=\"1016\">\n<li data-start=\"651\" data-end=\"737\">\n<p data-start=\"654\" data-end=\"737\"><strong data-start=\"654\" data-end=\"680\">Incoh\u00e9rence temporelle<\/strong><br data-start=\"680\" data-end=\"683\" \/><em data-start=\"686\" data-end=\"737\">\u00ab Ce n\u2019est pas normal que \u00e7a arrive maintenant. \u00bb<\/em><\/p>\n<\/li>\n<li data-start=\"739\" data-end=\"841\">\n<p data-start=\"742\" data-end=\"841\"><strong data-start=\"742\" data-end=\"780\">Existence d\u2019une cause sous-jacente<\/strong><br data-start=\"780\" data-end=\"783\" \/><em data-start=\"786\" data-end=\"841\">\u00ab Il doit bien y avoir une raison derri\u00e8re tout \u00e7a. \u00bb<\/em><\/p>\n<\/li>\n<li data-start=\"843\" data-end=\"926\">\n<p data-start=\"846\" data-end=\"926\"><strong data-start=\"846\" data-end=\"878\">Remise en question du hasard<\/strong><br data-start=\"878\" data-end=\"881\" \/><em data-start=\"884\" data-end=\"926\">\u00ab \u00c7a ne peut pas \u00eatre une co\u00efncidence. \u00bb<\/em><\/p>\n<\/li>\n<li data-start=\"928\" data-end=\"1016\">\n<p data-start=\"931\" data-end=\"1016\"><strong data-start=\"931\" data-end=\"969\">Manque d\u2019informations explicatives<\/strong><br data-start=\"969\" data-end=\"972\" \/><em data-start=\"975\" data-end=\"1016\">\u00ab On n\u2019a pas toutes les informations. \u00bb<\/em><\/p>\n<\/li>\n<\/ol>\n<hr data-start=\"1018\" data-end=\"1021\" \/>\n<h3 data-start=\"1023\" data-end=\"1054\">\ud83d\udcda Plus formel \/ analytique<\/h3>\n<ol start=\"9\" data-start=\"1056\" data-end=\"1463\">\n<li data-start=\"1056\" data-end=\"1157\">\n<p data-start=\"1059\" data-end=\"1157\"><strong data-start=\"1059\" data-end=\"1097\">Probl\u00e8me de l\u2019origine du ph\u00e9nom\u00e8ne<\/strong><br data-start=\"1097\" data-end=\"1100\" \/><em data-start=\"1103\" data-end=\"1157\">\u00ab Ce ph\u00e9nom\u00e8ne soul\u00e8ve la question de son origine. \u00bb<\/em><\/p>\n<\/li>\n<li data-start=\"1159\" data-end=\"1248\">\n<p data-start=\"1163\" data-end=\"1248\"><strong data-start=\"1163\" data-end=\"1196\">Flou des facteurs explicatifs<\/strong><br data-start=\"1196\" data-end=\"1199\" \/><em data-start=\"1203\" data-end=\"1248\">\u00ab Les facteurs explicatifs restent flous. \u00bb<\/em><\/p>\n<\/li>\n<li data-start=\"1250\" data-end=\"1343\">\n<p data-start=\"1254\" data-end=\"1343\"><strong data-start=\"1254\" data-end=\"1276\">Complexit\u00e9 causale<\/strong><br data-start=\"1276\" data-end=\"1279\" \/><em data-start=\"1283\" data-end=\"1343\">\u00ab Aucune cause unique ne permet d\u2019expliquer ce r\u00e9sultat. \u00bb<\/em><\/p>\n<\/li>\n<li data-start=\"1345\" data-end=\"1463\">\n<p data-start=\"1349\" data-end=\"1463\"><strong data-start=\"1349\" data-end=\"1378\">Analyse des circonstances<\/strong><br data-start=\"1378\" data-end=\"1381\" \/><em data-start=\"1385\" data-end=\"1463\">\u00ab Il convient d\u2019interroger les circonstances ayant men\u00e9 \u00e0 cette situation. \u00bb<\/em><\/p>\n<\/li>\n<\/ol>\n<hr data-start=\"1465\" data-end=\"1468\" \/>\n<h3 data-start=\"1470\" data-end=\"1504\">\ud83c\udfad Vie quotidienne (implicite)<\/h3>\n<ol start=\"13\" data-start=\"1506\" data-end=\"1774\">\n<li data-start=\"1506\" data-end=\"1602\">\n<p data-start=\"1510\" data-end=\"1602\"><strong data-start=\"1510\" data-end=\"1556\">\u00c9cart par rapport au comportement habituel<\/strong><br data-start=\"1556\" data-end=\"1559\" \/><em data-start=\"1563\" data-end=\"1602\">\u00ab Il n\u2019est pas comme \u00e7a d\u2019habitude. \u00bb<\/em><\/p>\n<\/li>\n<li data-start=\"1604\" data-end=\"1684\">\n<p data-start=\"1608\" data-end=\"1684\"><strong data-start=\"1608\" data-end=\"1630\">R\u00e9action excessive<\/strong><br data-start=\"1630\" data-end=\"1633\" \/><em data-start=\"1637\" data-end=\"1684\">\u00ab Elle a r\u00e9agi de mani\u00e8re disproportionn\u00e9e. \u00bb<\/em><\/p>\n<\/li>\n<li data-start=\"1686\" data-end=\"1774\">\n<p data-start=\"1690\" data-end=\"1774\"><strong data-start=\"1690\" data-end=\"1735\">Rupture inattendue d\u2019une situation stable<\/strong><br data-start=\"1735\" data-end=\"1738\" \/><em data-start=\"1742\" data-end=\"1774\">\u00ab Tout allait bien, et puis\u2026 \u00bb<\/em><\/p>\n<\/li>\n<\/ol>\n","protected":false},"excerpt":{"rendered":"<p>\ud83e\udde0 D\u00e9clarations qui d\u00e9clenchent une recherche de cause Changement de comportement inexpliqu\u00e9\u00ab Depuis quelque temps, il a compl\u00e8tement chang\u00e9 de comportement. \u00bb Baisse soudaine de performance\u00ab Les r\u00e9sultats ont chut\u00e9 sans explication apparente. \u00bb \u00c9vitement d\u2019un sujet sensible\u00ab Elle \u00e9vite ce sujet \u00e0 chaque fois qu\u2019il est abord\u00e9. \u00bb D\u00e9gradation brutale du climat relationnel\u00ab L\u2019ambiance [&hellip;]<\/p>\n","protected":false},"author":885,"featured_media":0,"parent":0,"menu_order":0,"comment_status":"closed","ping_status":"closed","template":"","meta":{"footnotes":""},"class_list":["post-3496","page","type-page","status-publish","hentry","post-preview"],"_links":{"self":[{"href":"https:\/\/blogg.folkuniversitetet.nu\/lerust\/wp-json\/wp\/v2\/pages\/3496","targetHints":{"allow":["GET"]}}],"collection":[{"href":"https:\/\/blogg.folkuniversitetet.nu\/lerust\/wp-json\/wp\/v2\/pages"}],"about":[{"href":"https:\/\/blogg.folkuniversitetet.nu\/lerust\/wp-json\/wp\/v2\/types\/page"}],"author":[{"embeddable":true,"href":"https:\/\/blogg.folkuniversitetet.nu\/lerust\/wp-json\/wp\/v2\/users\/885"}],"replies":[{"embeddable":true,"href":"https:\/\/blogg.folkuniversitetet.nu\/lerust\/wp-json\/wp\/v2\/comments?post=3496"}],"version-history":[{"count":3,"href":"https:\/\/blogg.folkuniversitetet.nu\/lerust\/wp-json\/wp\/v2\/pages\/3496\/revisions"}],"predecessor-version":[{"id":3501,"href":"https:\/\/blogg.folkuniversitetet.nu\/lerust\/wp-json\/wp\/v2\/pages\/3496\/revisions\/3501"}],"wp:attachment":[{"href":"https:\/\/blogg.folkuniversitetet.nu\/lerust\/wp-json\/wp\/v2\/media?parent=3496"}],"curies":[{"name":"wp","href":"https:\/\/api.w.org\/{rel}","templated":true}]}}