{"id":3232,"date":"2025-09-23T22:19:46","date_gmt":"2025-09-23T20:19:46","guid":{"rendered":"https:\/\/blogg.folkuniversitetet.nu\/lerust\/?page_id=3232"},"modified":"2025-09-27T10:48:23","modified_gmt":"2025-09-27T08:48:23","slug":"cours-de-conversation-a2-b1-debute-le-09-septembre-2025-3","status":"publish","type":"page","link":"https:\/\/blogg.folkuniversitetet.nu\/lerust\/cours-de-conversation-a2-b1-debute-le-09-septembre-2025-3\/","title":{"rendered":"Cours de conversation A2 \/ B1 -d\u00e9bute le 09 septembre 2025 -#3"},"content":{"rendered":"<p><strong>Carte 1 : \u00c9talement urbain<\/strong><br \/>\nQuand les villes deviennent plus grandes et prennent plus de place, souvent en construisant des maisons loin du centre.<\/p>\n<hr \/>\n<p><strong>Carte 2 : Intensification de l\u2019usage de la voiture<\/strong><br \/>\nLes gens utilisent plus souvent leur voiture, ce qui cause plus de pollution et de trafic.<\/p>\n<hr \/>\n<p><strong>Carte 3 : R\u00e9seaux routiers<\/strong><br \/>\nLes routes et autoroutes que les voitures utilisent pour se d\u00e9placer.<\/p>\n<hr \/>\n<p><strong>Carte 4 : Habitat p\u00e9riurbain<\/strong><br \/>\nLes maisons construites autour de la ville, dans les zones pas trop loin mais pas dans la ville m\u00eame.<\/p>\n<hr \/>\n<p><strong>Carte 5 : Perte de sols agricoles<\/strong><br \/>\nQuand on construit des maisons ou des b\u00e2timents sur des terres o\u00f9 on cultivait des plantes ou \u00e9levait des animaux.<\/p>\n<hr \/>\n<p><strong>Carte 6 : S\u00e9curit\u00e9 alimentaire<\/strong><br \/>\nS&#8217;assurer que tout le monde a assez de nourriture bonne et saine pour vivre.<\/p>\n<hr \/>\n<p><strong>Carte 7 : Augmentation du prix de l\u2019immobilier<\/strong><br \/>\nLe prix des maisons et appartements devient plus cher.<\/p>\n<hr \/>\n<p><strong>Carte 8 : Consommation des \u00e9nergies fossiles<\/strong><br \/>\nUtiliser des sources d&#8217;\u00e9nergie comme le p\u00e9trole, le charbon ou le gaz, qui polluent la plan\u00e8te.<\/p>\n<hr \/>\n<p><strong>Carte 9 : \u00c9missions de gaz \u00e0 effet de serre<\/strong><br \/>\nGaz comme le CO2 qui chauffent la Terre et causent le changement climatique.<\/p>\n<hr \/>\n<p><strong>Carte 10 : Qualit\u00e9 de l\u2019air<\/strong><br \/>\nComment est l\u2019air que nous respirons : s\u2019il est propre ou pollu\u00e9.<\/p>\n<hr \/>\n<p><strong>Carte 11 : Industries hors des villes<\/strong><br \/>\nLes usines et entreprises sont plac\u00e9es en dehors des centres-villes.<\/p>\n<hr \/>\n<p><strong>Carte 12 : S\u00e9paration des usages<\/strong><br \/>\nLes endroits dans une ville sont divis\u00e9s selon leur fonction : par exemple, zones pour habiter, zones pour travailler, zones commerciales.<\/p>\n<hr \/>\n<p><strong>Carte 13 : Imperm\u00e9abilisation<\/strong><br \/>\nQuand le sol est recouvert par du b\u00e9ton ou de l\u2019asphalte, l\u2019eau ne peut plus entrer dans la terre.<\/p>\n<hr \/>\n<p><strong>Carte 14 : Construction<\/strong><br \/>\nB\u00e2tir des maisons, b\u00e2timents ou routes.<\/p>\n<hr \/>\n<p><strong>Carte 15 : Obsolescence du b\u00e2ti<\/strong><br \/>\nLes b\u00e2timents deviennent vieux et ne sont plus bons \u00e0 utiliser ou doivent \u00eatre r\u00e9nov\u00e9s.<\/p>\n<hr \/>\n<p><strong>Carte 16 : S\u00e9gr\u00e9gation spatiale<\/strong><br \/>\nQuand certains groupes de personnes vivent dans des quartiers diff\u00e9rents \u00e0 cause de l\u2019argent ou d\u2019autres raisons.<\/p>\n<hr \/>\n<p><strong>Carte 17 : Ville pour la voiture<\/strong><br \/>\nQuand la ville est faite surtout pour que les voitures circulent, pas pour les pi\u00e9tons ou les v\u00e9los.<\/p>\n<hr \/>\n<p><strong>Carte 18 : Zones logistiques<\/strong><br \/>\nEndroits o\u00f9 on range et pr\u00e9pare les marchandises avant de les livrer.<\/p>\n<hr \/>\n<p><strong>Carte 19 : D\u00e9r\u00e8glement climatique<\/strong><br \/>\nChangements importants dans le climat de la Terre, comme plus de chaleur ou plus de temp\u00eates.<\/p>\n<hr \/>\n<p><strong>Carte 20 : Zones commerciales<\/strong><br \/>\nEndroits o\u00f9 il y a beaucoup de magasins.<\/p>\n<hr \/>\n<p><strong>Carte 21 : Augmentation des distances parcourues<\/strong><br \/>\nLes gens doivent voyager plus loin pour aller travailler, faire des courses, etc.<\/p>\n<hr \/>\n<p><strong>Carte 22 : Co\u00fbt \u00e9conomique de l\u2019\u00e9talement urbain<\/strong><br \/>\nL\u2019argent que \u00e7a co\u00fbte quand les villes deviennent tr\u00e8s grandes et \u00e9loign\u00e9es.<\/p>\n<hr \/>\n<p><strong>Carte 23 : \u00celots de chaleur urbains<\/strong><br \/>\nLes endroits en ville qui sont plus chauds que les zones autour, souvent \u00e0 cause des b\u00e2timents et du b\u00e9ton.<\/p>\n<hr \/>\n<p><strong>Carte 24 : Atteinte \u00e0 la biodiversit\u00e9<\/strong><br \/>\nQuand les animaux et plantes sont en danger \u00e0 cause des activit\u00e9s humaines.<\/p>\n<hr \/>\n<p><strong>Carte 25 : Friches<\/strong><br \/>\nTerrains ou anciens b\u00e2timents qui ne sont plus utilis\u00e9s et souvent abandonn\u00e9s.<\/p>\n<hr \/>\n<p><strong>Carte 26 : D\u00e9chets de la (d\u00e9)construction<\/strong><br \/>\nLes d\u00e9chets produits quand on construit ou d\u00e9truit des b\u00e2timents.<\/p>\n<hr \/>\n<p><strong>Carte 27 : D\u00e9pendance \u00e0 la voiture<\/strong><br \/>\nQuand les gens doivent utiliser la voiture pour presque tout, m\u00eame pour des petits d\u00e9placements.<\/p>\n<hr \/>\n<p><strong>Carte 28 : Inondations<\/strong><br \/>\nQuand l\u2019eau recouvre des terres normalement s\u00e8ches, souvent apr\u00e8s de fortes pluies.<\/p>\n<hr \/>\n<p><strong>Carte 29 : Transport de marchandises<\/strong><br \/>\nComment les produits sont d\u00e9plac\u00e9s des usines aux magasins.<\/p>\n<hr \/>\n<p><strong>Carte 30 : Sant\u00e9 humaine<\/strong><br \/>\nLa qualit\u00e9 de la vie et la sant\u00e9 des personnes, influenc\u00e9es par la pollution et l\u2019environnement.<\/p>\n<hr \/>\n<p><strong>Carte 31 : Fragmentation des milieux naturels<\/strong><br \/>\nLes espaces naturels sont divis\u00e9s en petits morceaux, ce qui rend la vie difficile pour les animaux et les plantes.<\/p>\n<hr \/>\n<p><strong>Carte 32 : D\u00e9construction<\/strong><br \/>\nD\u00e9molir un b\u00e2timent pour r\u00e9cup\u00e9rer des mat\u00e9riaux et r\u00e9duire les d\u00e9chets.<\/p>\n<hr \/>\n<p><strong>Carte 33 : Conflits sociaux<\/strong><br \/>\nProbl\u00e8mes entre groupes de personnes \u00e0 cause de logement, argent ou travail.<\/p>\n<hr \/>\n<p><strong>Carte 34 : Ville fragile<\/strong><br \/>\nUne ville qui est en difficult\u00e9, par exemple \u00e0 cause de la pauvret\u00e9 ou des probl\u00e8mes sociaux.<\/p>\n<hr \/>\n<p><strong>Carte 35 : Consommation des ressources naturelles<\/strong><br \/>\nUtiliser les mat\u00e9riaux que la nature offre, comme le bois, l\u2019eau, les min\u00e9raux.<\/p>\n<hr \/>\n<p><strong>Carte 36 : Canicules<\/strong><br \/>\nP\u00e9riodes de tr\u00e8s forte chaleur qui peuvent \u00eatre dangereuses pour la sant\u00e9.<\/p>\n","protected":false},"excerpt":{"rendered":"<p>Carte 1 : \u00c9talement urbain Quand les villes deviennent plus grandes et prennent plus de place, souvent en construisant des maisons loin du centre. Carte 2 : Intensification de l\u2019usage de la voiture Les gens utilisent plus souvent leur voiture, ce qui cause plus de pollution et de trafic. Carte 3 : R\u00e9seaux routiers Les [&hellip;]<\/p>\n","protected":false},"author":885,"featured_media":0,"parent":0,"menu_order":0,"comment_status":"closed","ping_status":"closed","template":"","meta":{"footnotes":""},"class_list":["post-3232","page","type-page","status-publish","hentry","post-preview"],"_links":{"self":[{"href":"https:\/\/blogg.folkuniversitetet.nu\/lerust\/wp-json\/wp\/v2\/pages\/3232","targetHints":{"allow":["GET"]}}],"collection":[{"href":"https:\/\/blogg.folkuniversitetet.nu\/lerust\/wp-json\/wp\/v2\/pages"}],"about":[{"href":"https:\/\/blogg.folkuniversitetet.nu\/lerust\/wp-json\/wp\/v2\/types\/page"}],"author":[{"embeddable":true,"href":"https:\/\/blogg.folkuniversitetet.nu\/lerust\/wp-json\/wp\/v2\/users\/885"}],"replies":[{"embeddable":true,"href":"https:\/\/blogg.folkuniversitetet.nu\/lerust\/wp-json\/wp\/v2\/comments?post=3232"}],"version-history":[{"count":2,"href":"https:\/\/blogg.folkuniversitetet.nu\/lerust\/wp-json\/wp\/v2\/pages\/3232\/revisions"}],"predecessor-version":[{"id":3246,"href":"https:\/\/blogg.folkuniversitetet.nu\/lerust\/wp-json\/wp\/v2\/pages\/3232\/revisions\/3246"}],"wp:attachment":[{"href":"https:\/\/blogg.folkuniversitetet.nu\/lerust\/wp-json\/wp\/v2\/media?parent=3232"}],"curies":[{"name":"wp","href":"https:\/\/api.w.org\/{rel}","templated":true}]}}