{"id":3155,"date":"2025-09-09T09:57:38","date_gmt":"2025-09-09T07:57:38","guid":{"rendered":"https:\/\/blogg.folkuniversitetet.nu\/lerust\/?page_id=3155"},"modified":"2025-09-09T09:57:38","modified_gmt":"2025-09-09T07:57:38","slug":"cours-de-francais-a1-del-2-debut-le-8-sept-2025-1","status":"publish","type":"page","link":"https:\/\/blogg.folkuniversitetet.nu\/lerust\/cours-de-francais-a1-del-2-debut-le-8-sept-2025-1\/","title":{"rendered":"Cours de fran\u00e7ais A1 del 2 &#8211; d\u00e9but le 8 sept 2025 -#1"},"content":{"rendered":"<p>Pour r\u00e9viser : Un peu d&#8217;exercices \u00e9crits, beaucoup de compr\u00e9hension orale: faites les exercices pour vite progresser !<\/p>\n<p><a href=\"http:\/\/blogg.folkuniversitetet.nu\/lerust\/files\/2025\/05\/chrome_BJb6aRPKkB.png\"><img loading=\"lazy\" decoding=\"async\" class=\"alignnone size-medium wp-image-3049\" src=\"http:\/\/blogg.folkuniversitetet.nu\/lerust\/files\/2025\/05\/chrome_BJb6aRPKkB-241x300.png\" alt=\"\" width=\"241\" height=\"300\" \/><\/a><\/p>\n<p>page 21<\/p>\n<p>page 26 et 27<\/p>\n<p>Grammaire page 40<\/p>\n<p><a href=\"http:\/\/blogg.folkuniversitetet.nu\/lerust\/files\/2025\/05\/chrome_oIoJ3g8DfP.png\"><img loading=\"lazy\" decoding=\"async\" class=\"alignnone size-medium wp-image-3048\" src=\"http:\/\/blogg.folkuniversitetet.nu\/lerust\/files\/2025\/05\/chrome_oIoJ3g8DfP-223x300.png\" alt=\"\" width=\"223\" height=\"300\" \/><\/a><\/p>\n<p>Page 9 exercices 2, 3 et 4<\/p>\n<p>Page 11 exercice 1<\/p>\n<p>Page 16 exercice 2 de l&#8217;\u00e9preuve<\/p>\n<p>Page 23 exercice 1,2 et 3<\/p>\n<p>&nbsp;<\/p>\n","protected":false},"excerpt":{"rendered":"<p>Pour r\u00e9viser : Un peu d&#8217;exercices \u00e9crits, beaucoup de compr\u00e9hension orale: faites les exercices pour vite progresser ! page 21 page 26 et 27 Grammaire page 40 Page 9 exercices 2, 3 et 4 Page 11 exercice 1 Page 16 exercice 2 de l&#8217;\u00e9preuve Page 23 exercice 1,2 et 3 &nbsp;<\/p>\n","protected":false},"author":885,"featured_media":0,"parent":0,"menu_order":0,"comment_status":"closed","ping_status":"closed","template":"","meta":{"footnotes":""},"class_list":["post-3155","page","type-page","status-publish","hentry","post-preview"],"_links":{"self":[{"href":"https:\/\/blogg.folkuniversitetet.nu\/lerust\/wp-json\/wp\/v2\/pages\/3155","targetHints":{"allow":["GET"]}}],"collection":[{"href":"https:\/\/blogg.folkuniversitetet.nu\/lerust\/wp-json\/wp\/v2\/pages"}],"about":[{"href":"https:\/\/blogg.folkuniversitetet.nu\/lerust\/wp-json\/wp\/v2\/types\/page"}],"author":[{"embeddable":true,"href":"https:\/\/blogg.folkuniversitetet.nu\/lerust\/wp-json\/wp\/v2\/users\/885"}],"replies":[{"embeddable":true,"href":"https:\/\/blogg.folkuniversitetet.nu\/lerust\/wp-json\/wp\/v2\/comments?post=3155"}],"version-history":[{"count":1,"href":"https:\/\/blogg.folkuniversitetet.nu\/lerust\/wp-json\/wp\/v2\/pages\/3155\/revisions"}],"predecessor-version":[{"id":3157,"href":"https:\/\/blogg.folkuniversitetet.nu\/lerust\/wp-json\/wp\/v2\/pages\/3155\/revisions\/3157"}],"wp:attachment":[{"href":"https:\/\/blogg.folkuniversitetet.nu\/lerust\/wp-json\/wp\/v2\/media?parent=3155"}],"curies":[{"name":"wp","href":"https:\/\/api.w.org\/{rel}","templated":true}]}}