{"id":2522,"date":"2024-10-23T08:34:21","date_gmt":"2024-10-23T06:34:21","guid":{"rendered":"https:\/\/blogg.folkuniversitetet.nu\/lerust\/?page_id=2522"},"modified":"2024-10-23T09:48:46","modified_gmt":"2024-10-23T07:48:46","slug":"a2-b1-conversation-17-30-19-00-commence-le-10-septembre-2024-7","status":"publish","type":"page","link":"https:\/\/blogg.folkuniversitetet.nu\/lerust\/a2-b1-conversation-17-30-19-00-commence-le-10-septembre-2024-7\/","title":{"rendered":"A2 B1 conversation 17.30 \u2013 19.00 \u2013 Commence le 10 Septembre 2024 *7"},"content":{"rendered":"<p>vocabulaire vu :<\/p>\n<p><strong>Avocat de conciliation : m\u00e9diateur-&gt; <b>L&#8217;avocat m\u00e9diateur est avant tout un professionnel de la n\u00e9gociation et un expert du contentieux juridique<\/b><br \/>\nles sourds-muets<br \/>\nla po\u00e9sie en langues des signes<br \/>\nchaque personnage (attention, pas &#8221;caract\u00e8re&#8221;) est repr\u00e9sent\u00e9<\/strong><\/p>\n<div data-dobid=\"dfn\"><strong>caract\u00e8re: <\/strong>Ensemble des mani\u00e8res habituelles de sentir et de r\u00e9agir qui distinguent un individu.<\/div>\n<div class=\"vmod\">\n<div class=\"ZYHQ7e\">exemples: Caract\u00e8re froid, exub\u00e9rant, col\u00e9rique, m\u00e9lancolique<\/div>\n<\/div>\n<p><strong><br \/>\nagence de pr\u00e9vention des maladies infectieuses<br \/>\n\u00e9mouvant<br \/>\n&#8221;la fl\u00fbte enchant\u00e9e&#8221;<br \/>\nmisanthrope<br \/>\n&#8221;Autant en emporte le vent&#8221;<br \/>\nje m&#8217;en fous<br \/>\nr\u00e9ouvert<br \/>\nd\u00e9cri\u00e9<br \/>\n\u00eatre int\u00e9ress\u00e9 par<br \/>\nla main d&#8217;oeuvre<br \/>\nun recul historique<br \/>\ndes outils<br \/>\ndiviser pour r\u00e9gner<br \/>\nles conflits perdurent<br \/>\nun processus<br \/>\nc&#8217;est une explication simpliste<\/strong><\/p>\n<hr \/>\n<p><strong>D\u00e9bat de mardi prochain:<\/strong><\/p>\n<p>Peut-on s\u00e9parer l&#8217;homme de l&#8217;artiste?<\/p>\n<p>pdf ci-joint:<\/p>\n<p><a href=\"http:\/\/blogg.folkuniversitetet.nu\/lerust\/files\/2024\/10\/Faut-il-separer-lhomme-de-lartiste.pdf\">Faut-il s\u00e9parer l&#8217;homme de l&#8217;artiste<\/a><\/p>\n<p>&nbsp;<\/p>\n<p>&nbsp;<\/p>\n<p>&nbsp;<\/p>\n","protected":false},"excerpt":{"rendered":"<p>vocabulaire vu : Avocat de conciliation : m\u00e9diateur-&gt; L&#8217;avocat m\u00e9diateur est avant tout un professionnel de la n\u00e9gociation et un expert du contentieux juridique les sourds-muets la po\u00e9sie en langues des signes chaque personnage (attention, pas &#8221;caract\u00e8re&#8221;) est repr\u00e9sent\u00e9 caract\u00e8re: Ensemble des mani\u00e8res habituelles de sentir et de r\u00e9agir qui distinguent un individu. exemples: Caract\u00e8re [&hellip;]<\/p>\n","protected":false},"author":885,"featured_media":0,"parent":0,"menu_order":0,"comment_status":"closed","ping_status":"closed","template":"","meta":{"footnotes":""},"class_list":["post-2522","page","type-page","status-publish","hentry","post-preview"],"_links":{"self":[{"href":"https:\/\/blogg.folkuniversitetet.nu\/lerust\/wp-json\/wp\/v2\/pages\/2522","targetHints":{"allow":["GET"]}}],"collection":[{"href":"https:\/\/blogg.folkuniversitetet.nu\/lerust\/wp-json\/wp\/v2\/pages"}],"about":[{"href":"https:\/\/blogg.folkuniversitetet.nu\/lerust\/wp-json\/wp\/v2\/types\/page"}],"author":[{"embeddable":true,"href":"https:\/\/blogg.folkuniversitetet.nu\/lerust\/wp-json\/wp\/v2\/users\/885"}],"replies":[{"embeddable":true,"href":"https:\/\/blogg.folkuniversitetet.nu\/lerust\/wp-json\/wp\/v2\/comments?post=2522"}],"version-history":[{"count":4,"href":"https:\/\/blogg.folkuniversitetet.nu\/lerust\/wp-json\/wp\/v2\/pages\/2522\/revisions"}],"predecessor-version":[{"id":2530,"href":"https:\/\/blogg.folkuniversitetet.nu\/lerust\/wp-json\/wp\/v2\/pages\/2522\/revisions\/2530"}],"wp:attachment":[{"href":"https:\/\/blogg.folkuniversitetet.nu\/lerust\/wp-json\/wp\/v2\/media?parent=2522"}],"curies":[{"name":"wp","href":"https:\/\/api.w.org\/{rel}","templated":true}]}}