{"id":2466,"date":"2024-10-10T12:34:58","date_gmt":"2024-10-10T10:34:58","guid":{"rendered":"https:\/\/blogg.folkuniversitetet.nu\/lerust\/?page_id=2466"},"modified":"2024-10-10T13:04:22","modified_gmt":"2024-10-10T11:04:22","slug":"franska-a2-konversation-och-grammatik-commence-le-11-septembre-2024-5","status":"publish","type":"page","link":"https:\/\/blogg.folkuniversitetet.nu\/lerust\/franska-a2-konversation-och-grammatik-commence-le-11-septembre-2024-5\/","title":{"rendered":"Franska A2 konversation och grammatik -Commence le 11 septembre 2024 *5"},"content":{"rendered":"<p><strong>FUTUR SIMPLE<\/strong><\/p>\n<p>https:\/\/www.podcastfrancaisfacile.com\/conjugaison\/conjugaison_futur_simple.html<\/p>\n<p>&nbsp;<\/p>\n<p><strong>CONDITIONNEL PR\u00c9SENT<\/strong><\/p>\n<p>https:\/\/www.podcastfrancaisfacile.com\/conjugaison\/conditionnel-present-formation-apprendre-le-francais.html<\/p>\n<p>&nbsp;<\/p>\n<hr \/>\n<p><strong>LE DISCOURS RAPPORT\u00c9<\/strong><\/p>\n<p>&nbsp;<\/p>\n<p><a href=\"http:\/\/blogg.folkuniversitetet.nu\/lerust\/files\/2024\/10\/le-discours-rapporte-synthese.png\"><img loading=\"lazy\" decoding=\"async\" class=\"alignnone size-medium wp-image-2476\" src=\"http:\/\/blogg.folkuniversitetet.nu\/lerust\/files\/2024\/10\/le-discours-rapporte-synthese-300x186.png\" alt=\"\" width=\"300\" height=\"186\" \/><\/a><\/p>\n<p>&nbsp;<\/p>\n<p>Quand le verbe introducteur est \u00e0 un temps du pass\u00e9 (n\u2019importe lequel) et que :<\/p>\n<p>\u2014 le verbe du discours direct est <em>au pr\u00e9sent<\/em> ou \u00e0 l\u2019<strong>imparfait<\/strong>, lors du passage du discours direct au discours indirect le temps du verbe <strong>est toujours \u00e0 l\u2019imparfait<\/strong> ;<br \/>\nExemple :<\/p>\n<p>Hier, il a dit : \u00ab Je <strong>voulais<\/strong> boire. \u00bb \u25ba Il a dit qu\u2019il <strong>voulait<\/strong> boire.<\/p>\n<p>Hier, il a dit : \u00ab Je <em>veux<\/em> boire. \u00bb \u25ba Il a dit qu\u2019il<strong> voulait<\/strong> boire.<\/p>\n<p>Hier, il disait : \u00ab Je <strong>voulais<\/strong> boire. \u00bb \u25ba Il disait qu\u2019il <strong>voulait<\/strong> boire.<\/p>\n<p>Hier, il disait : \u00ab Je <em>veux<\/em> boire. \u00bb \u25ba Il disait qu\u2019il <strong>voulait<\/strong> boire.<\/p>\n<p>Hier, il avait dit : \u00ab Je<strong> voulais<\/strong> boire. \u00bb \u25ba Il avait dit qu\u2019il <strong>voulait<\/strong> boire.<\/p>\n<p>Hier, il avait dit : \u00ab Je<em> veux<\/em> boire. \u00bb \u25ba Il avait dit qu\u2019il<strong> voulait<\/strong> boire.<\/p>\n<p>&nbsp;<\/p>\n<p>&#8211;\u00a0 le verbe du discours direct est au<strong> plus-que-parfait<\/strong>, lors du passage du discours direct au discours indirect le temps reste au <strong>plus-que-parfait<\/strong> \u00a0;<br \/>\nExemple : Il a dit : \u00ab Je <strong>m\u2019\u00e9tais tromp\u00e9<\/strong>. \u00bb \u25ba Il a dit qu\u2019il <strong>s\u2019\u00e9tait tromp\u00e9<\/strong>.<\/p>\n<p>&nbsp;<\/p>\n<p>\u2014 le verbe du discours direct est au<em> pass\u00e9 compos\u00e9<\/em> ou au<strong> pass\u00e9 simple<\/strong>\u00a0 , lors du passage du discours direct au discours indirect le verbe se met au<strong> plus-que-parfait<\/strong> ;<\/p>\n<p>Exemples :<\/p>\n<p>Jean affirma : \u00ab Mon fr\u00e8re<em> a mang\u00e9<\/em> son fruit. \u00bb \u25ba Jean a affirm\u00e9 que son fr\u00e8re <strong>avait mang\u00e9<\/strong> son fruit.<\/p>\n<p>Jean affirma : \u00ab Mon fr\u00e8re <strong>mangea<\/strong> son fruit. \u00bb \u25ba Jean affirma que son fr\u00e8re <strong>avait mang\u00e9<\/strong> son fruit.<\/p>\n<p>\u2014 le verbe du discours direct est au <strong>futur simple<\/strong>, il se met au <em>conditionnel pr\u00e9sent<\/em> lors du passage du discours direct au discours indirect ;<br \/>\nExemple : L\u2019employ\u00e9 d\u00e9clara : \u00ab Je<strong> d\u00e9missionnerai<\/strong>. \u00bb \u25ba L\u2019employ\u00e9 d\u00e9clara qu\u2019il <em>d\u00e9missionnerait.<\/em><\/p>\n<p>\u2014 le verbe du discours direct est au <strong>futur ant\u00e9rieur<\/strong>, il se met au <em>conditionnel pass\u00e9<\/em> ;<br \/>\nExemple : Il l\u2019a assur\u00e9 : \u00ab Je <strong>serai arriv\u00e9<\/strong> avant toi. \u00bb \u25ba Il l\u2019a assur\u00e9 qu\u2019il <em>serait arriv\u00e9<\/em> avant lui.<\/p>\n<p>&nbsp;<\/p>\n<p>&nbsp;<\/p>\n","protected":false},"excerpt":{"rendered":"<p>FUTUR SIMPLE https:\/\/www.podcastfrancaisfacile.com\/conjugaison\/conjugaison_futur_simple.html &nbsp; CONDITIONNEL PR\u00c9SENT https:\/\/www.podcastfrancaisfacile.com\/conjugaison\/conditionnel-present-formation-apprendre-le-francais.html &nbsp; LE DISCOURS RAPPORT\u00c9 &nbsp; &nbsp; Quand le verbe introducteur est \u00e0 un temps du pass\u00e9 (n\u2019importe lequel) et que : \u2014 le verbe du discours direct est au pr\u00e9sent ou \u00e0 l\u2019imparfait, lors du passage du discours direct au discours indirect le temps du verbe est toujours [&hellip;]<\/p>\n","protected":false},"author":885,"featured_media":0,"parent":0,"menu_order":0,"comment_status":"closed","ping_status":"closed","template":"","meta":{"footnotes":""},"class_list":["post-2466","page","type-page","status-publish","hentry","post-preview"],"_links":{"self":[{"href":"https:\/\/blogg.folkuniversitetet.nu\/lerust\/wp-json\/wp\/v2\/pages\/2466","targetHints":{"allow":["GET"]}}],"collection":[{"href":"https:\/\/blogg.folkuniversitetet.nu\/lerust\/wp-json\/wp\/v2\/pages"}],"about":[{"href":"https:\/\/blogg.folkuniversitetet.nu\/lerust\/wp-json\/wp\/v2\/types\/page"}],"author":[{"embeddable":true,"href":"https:\/\/blogg.folkuniversitetet.nu\/lerust\/wp-json\/wp\/v2\/users\/885"}],"replies":[{"embeddable":true,"href":"https:\/\/blogg.folkuniversitetet.nu\/lerust\/wp-json\/wp\/v2\/comments?post=2466"}],"version-history":[{"count":10,"href":"https:\/\/blogg.folkuniversitetet.nu\/lerust\/wp-json\/wp\/v2\/pages\/2466\/revisions"}],"predecessor-version":[{"id":2478,"href":"https:\/\/blogg.folkuniversitetet.nu\/lerust\/wp-json\/wp\/v2\/pages\/2466\/revisions\/2478"}],"wp:attachment":[{"href":"https:\/\/blogg.folkuniversitetet.nu\/lerust\/wp-json\/wp\/v2\/media?parent=2466"}],"curies":[{"name":"wp","href":"https:\/\/api.w.org\/{rel}","templated":true}]}}