{"id":2451,"date":"2024-10-08T23:30:13","date_gmt":"2024-10-08T21:30:13","guid":{"rendered":"https:\/\/blogg.folkuniversitetet.nu\/lerust\/?page_id=2451"},"modified":"2024-10-09T16:54:45","modified_gmt":"2024-10-09T14:54:45","slug":"a2-b1-conversation-17-30-19-00-commence-le-10-septembre-2024-5","status":"publish","type":"page","link":"https:\/\/blogg.folkuniversitetet.nu\/lerust\/a2-b1-conversation-17-30-19-00-commence-le-10-septembre-2024-5\/","title":{"rendered":"A2 B1 conversation 17.30 &#8211; 19.00 &#8211; Commence le 10 Septembre 2024 *5"},"content":{"rendered":"<p>faire le forcing<\/p>\n<p>ca vaut le coup<\/p>\n<p>revenir \u00e0 nos moutons<\/p>\n<p>l&#8217;\u00e9poque<\/p>\n<p>l&#8217;air du temps<\/p>\n<p>toucher du doigt un sujet<\/p>\n<p>renouveler sa garde-robe<\/p>\n<p>un arbuste<\/p>\n<p>\u00eatre \u00e0 la mode<br \/>\n\u00eatre d\u00e9mod\u00e9<\/p>\n<p>lancer la mode<br \/>\nle miroir<br \/>\nla cabine d&#8217;essayage<br \/>\nstressant<br \/>\ndes chaussures \u00e0 ma pointure<br \/>\nle confort<br \/>\nj&#8217;ai appris<\/p>\n<p>les coulisses<br \/>\nune p\u00e9pini\u00e8re d&#8217;entreprises<br \/>\ncrever les yeux<\/p>\n<hr \/>\n<p><a href=\"http:\/\/blogg.folkuniversitetet.nu\/lerust\/files\/2024\/10\/Nourriture.png\"><img loading=\"lazy\" decoding=\"async\" class=\"alignnone size-medium wp-image-2464\" src=\"http:\/\/blogg.folkuniversitetet.nu\/lerust\/files\/2024\/10\/Nourriture-300x176.png\" alt=\"\" width=\"300\" height=\"176\" \/><\/a><\/p>\n<p>&nbsp;<\/p>\n<p>&nbsp;<\/p>\n","protected":false},"excerpt":{"rendered":"<p>faire le forcing ca vaut le coup revenir \u00e0 nos moutons l&#8217;\u00e9poque l&#8217;air du temps toucher du doigt un sujet renouveler sa garde-robe un arbuste \u00eatre \u00e0 la mode \u00eatre d\u00e9mod\u00e9 lancer la mode le miroir la cabine d&#8217;essayage stressant des chaussures \u00e0 ma pointure le confort j&#8217;ai appris les coulisses une p\u00e9pini\u00e8re d&#8217;entreprises crever [&hellip;]<\/p>\n","protected":false},"author":885,"featured_media":0,"parent":0,"menu_order":0,"comment_status":"closed","ping_status":"closed","template":"","meta":{"footnotes":""},"class_list":["post-2451","page","type-page","status-publish","hentry","post-preview"],"_links":{"self":[{"href":"https:\/\/blogg.folkuniversitetet.nu\/lerust\/wp-json\/wp\/v2\/pages\/2451","targetHints":{"allow":["GET"]}}],"collection":[{"href":"https:\/\/blogg.folkuniversitetet.nu\/lerust\/wp-json\/wp\/v2\/pages"}],"about":[{"href":"https:\/\/blogg.folkuniversitetet.nu\/lerust\/wp-json\/wp\/v2\/types\/page"}],"author":[{"embeddable":true,"href":"https:\/\/blogg.folkuniversitetet.nu\/lerust\/wp-json\/wp\/v2\/users\/885"}],"replies":[{"embeddable":true,"href":"https:\/\/blogg.folkuniversitetet.nu\/lerust\/wp-json\/wp\/v2\/comments?post=2451"}],"version-history":[{"count":4,"href":"https:\/\/blogg.folkuniversitetet.nu\/lerust\/wp-json\/wp\/v2\/pages\/2451\/revisions"}],"predecessor-version":[{"id":2465,"href":"https:\/\/blogg.folkuniversitetet.nu\/lerust\/wp-json\/wp\/v2\/pages\/2451\/revisions\/2465"}],"wp:attachment":[{"href":"https:\/\/blogg.folkuniversitetet.nu\/lerust\/wp-json\/wp\/v2\/media?parent=2451"}],"curies":[{"name":"wp","href":"https:\/\/api.w.org\/{rel}","templated":true}]}}